{"id":3457,"date":"2024-09-20T15:59:50","date_gmt":"2024-09-20T07:59:50","guid":{"rendered":"http:\/\/topsilsilicone.com\/?post_type=product&#038;p=3457"},"modified":"2026-04-27T11:24:26","modified_gmt":"2026-04-27T03:24:26","slug":"antistatischer-tampondruck-silikon","status":"publish","type":"product","link":"https:\/\/topsilsilicone.com\/de\/produkt\/antistatischer-tampondruck-silikon\/","title":{"rendered":"Antistatischer Tampondruck Silikon"},"content":{"rendered":"<div data-elementor-type=\"product-post\" data-elementor-id=\"3457\" class=\"elementor elementor-3457\" data-elementor-post-type=\"product\">\n\t\t\t\t<div class=\"elementor-element elementor-element-5d7d6412 e-flex e-con-boxed e-con e-parent\" data-id=\"5d7d6412\" data-element_type=\"container\">\n\t\t\t\t\t<div class=\"e-con-inner\">\n\t\t\t\t<div class=\"elementor-element elementor-element-7f9bfe89 elementor-widget elementor-widget-text-editor\" data-id=\"7f9bfe89\" data-element_type=\"widget\" data-widget_type=\"text-editor.default\">\n\t\t\t\t<div class=\"elementor-widget-container\">\n\t\t\t\t\t\t\t\t\t<h2>Was ist antistatisches Tampondrucksilikon?<\/h2>\r\nDo you make small things? Like tiny electronics? Or parts for cars? Sometimes, a little zap can break them! This zap is called static electricity. It&#8217;s like tiny lightning.\r\n\r\nOur special Antistatic Pad Printing Silicone stops that zap! It helps you print words or pictures safely. This is part of pad printing technology.\r\n<h2>Warum Static Zaps stoppen?<\/h2>\r\n<ul>\r\n \t<li>Statische Entladungen k\u00f6nnen kleine Teile verletzen. Zum Beispiel gedruckte Schaltungen (PCBs).<\/li>\r\n \t<li>Dies wird als elektrostatische Entladung (ESD) bezeichnet.<\/li>\r\n \t<li>Unser ESD-sicheres Silikon wirkt wie eine Abschirmung. Es bietet Schutz vor elektrostatischer Entladung.<\/li>\r\n \t<li>Es werden statisch ableitende Materialien verwendet, so dass statische Aufladung sicher abgeleitet wird.<\/li>\r\n<\/ul>\r\n<img fetchpriority=\"high\" decoding=\"async\" class=\"alignnone wp-image-3459 size-full lazyload\" src=\"data:image\/gif;base64,R0lGODlhAQABAIAAAAAAAP\/\/\/yH5BAEAAAAALAAAAAABAAEAAAIBRAA7\" data-src=\"https:\/\/topsilsilicone.com\/wp-content\/uploads\/antistatic-pads-printing-silicones.jpg\" alt=\"\" width=\"800\" height=\"800\" \/><noscript><img decoding=\"async\" class=\"alignnone wp-image-3459 size-full lazyload\" src=\"https:\/\/topsilsilicone.com\/wp-content\/uploads\/antistatic-pads-printing-silicones.jpg\" alt=\"\" width=\"800\" height=\"800\" srcset=\"https:\/\/topsilsilicone.com\/wp-content\/uploads\/antistatic-pads-printing-silicones.jpg 800w, https:\/\/topsilsilicone.com\/wp-content\/uploads\/antistatic-pads-printing-silicones-300x300.jpg 300w, https:\/\/topsilsilicone.com\/wp-content\/uploads\/antistatic-pads-printing-silicones-150x150.jpg 150w, https:\/\/topsilsilicone.com\/wp-content\/uploads\/antistatic-pads-printing-silicones-768x768.jpg 768w, https:\/\/topsilsilicone.com\/wp-content\/uploads\/antistatic-pads-printing-silicones-600x600.jpg 600w, https:\/\/topsilsilicone.com\/wp-content\/uploads\/antistatic-pads-printing-silicones-100x100.jpg 100w\" sizes=\"(max-width: 800px) 100vw, 800px\" \/><\/noscript>\r\n\r\nWas ist der Vorteil unseres antistatischen Tampondrucksilikons?\r\n<ul>\r\n \t<li>Stoppt die statische Aufladung: Es h\u00e4lt Ihre kleinen Teile sicher. Das ist die L\u00f6sung f\u00fcr statische Kontrolle bei der Arbeit!<\/li>\r\n \t<li>Liebt Hitze: Es kann sehr hei\u00df werden (bis zu 500\u00b0C) und ist trotzdem in Ordnung. Es hat thermische Stabilit\u00e4t Silikon.<\/li>\r\n \t<li>Stark: Es bricht nicht leicht. Es ist abriebfestes Silikon. Wir testen die Haltbarkeit von Silikon.<\/li>\r\n \t<li>Sauber und sicher: Gut geeignet f\u00fcr den Druck von medizinischen Ger\u00e4ten. Es werden ungiftige Druckfarben verwendet. Er erf\u00fcllt die RoHS-Konformit\u00e4t. Er hat hygienische Oberfl\u00e4chenbeschichtungen.<\/li>\r\n \t<li>Funktioniert hervorragend: Hilft, dass Tinte gut haftet. Verwendet Haftvermittler f\u00fcr die Tinte. Sorgt f\u00fcr klare Drucke. Ist Teil des Tinten\u00fcbertragungsprozesses. Verwendet eine ausgezeichnete Farbleistung.<\/li>\r\n \t<li>Flexibel: Es l\u00e4sst sich biegen und wieder in Form bringen. Es hat gute dielektrische Eigenschaften.<\/li>\r\n<\/ul>\r\n<h2>Wie funktioniert der Tampondruck?<\/h2>\r\n<ol>\r\n \t<li>Ein Bild wird auf eine Metallplatte geschnitzt. Das ist eine Klischeeplatte. Manchmal ist es eine lasergravierte Platte.<\/li>\r\n \t<li>Die Farbe kommt auf die Platte.<\/li>\r\n \t<li>Unser weiches antistatisches Tampondruck-Silikonkissen wird auf die Platte gedr\u00fcckt. Es nimmt die Farbe auf. Das ist das Material des Drucktampons.<\/li>\r\n \t<li>Das Stempelkissen dr\u00fcckt auf den Gegenstand (z. B. einen Knopf oder ein Spielzeug). Dort hinterl\u00e4sst er das Farbbild! Das ist das Tampondruckverfahren.<\/li>\r\n \t<li>Unser Silikon verhindert statische Aufladungen w\u00e4hrend des Tinten\u00fcbertragungsprozesses. Es verwendet antistatische Additive wie Ru\u00dfzus\u00e4tze.<\/li>\r\n<\/ol>\r\nDieser Silikonkautschuk-Druck ist f\u00fcr viele Dinge geeignet! Es kann sogar mehrfarbigen Tampondruck machen.\r\n<h2>Wer verwendet dieses antistatische Silikonkissen zum Drucken?<\/h2>\r\n<ul>\r\n \t<li>Elektronik-Hersteller<\/li>\r\n \t<li>Hersteller von Autoteilen<\/li>\r\n \t<li>Hersteller von medizinischen Ger\u00e4ten<\/li>\r\n \t<li>Fabriken<\/li>\r\n \t<li>Andere Hersteller:\r\n<h3>F\u00fcr Spielzeug, Werkzeuge und Tastaturen (industrieller Tastendruck).<\/h3>\r\n<\/li>\r\n<\/ul>\r\n<img decoding=\"async\" class=\"alignnone wp-image-3466 size-large lazyload\" src=\"data:image\/gif;base64,R0lGODlhAQABAIAAAAAAAP\/\/\/yH5BAEAAAAALAAAAAABAAEAAAIBRAA7\" data-src=\"https:\/\/topsilsilicone.com\/wp-content\/uploads\/Application-of-antistatic-printing-pads--1024x594.jpg\" alt=\"\" width=\"1024\" height=\"594\" \/><noscript><img loading=\"lazy\" decoding=\"async\" class=\"alignnone wp-image-3466 size-large lazyload\" src=\"https:\/\/topsilsilicone.com\/wp-content\/uploads\/Application-of-antistatic-printing-pads--1024x594.jpg\" alt=\"\" width=\"1024\" height=\"594\" srcset=\"https:\/\/topsilsilicone.com\/wp-content\/uploads\/Application-of-antistatic-printing-pads--1024x594.jpg 1024w, https:\/\/topsilsilicone.com\/wp-content\/uploads\/Application-of-antistatic-printing-pads--300x174.jpg 300w, https:\/\/topsilsilicone.com\/wp-content\/uploads\/Application-of-antistatic-printing-pads--768x446.jpg 768w, https:\/\/topsilsilicone.com\/wp-content\/uploads\/Application-of-antistatic-printing-pads--1536x891.jpg 1536w, https:\/\/topsilsilicone.com\/wp-content\/uploads\/Application-of-antistatic-printing-pads--600x348.jpg 600w, https:\/\/topsilsilicone.com\/wp-content\/uploads\/Application-of-antistatic-printing-pads-.jpg 1854w\" sizes=\"(max-width: 1024px) 100vw, 1024px\" \/><\/noscript>\r\n<h2>Warum ist unser Silikon die beste Wahl?<\/h2>\r\n<ul>\r\n \t<li>H\u00e4lt Ihre Gegenst\u00e4nde sicher: Sch\u00fctzt vor statischen Aufladungen. Weniger kaputte Sachen!<\/li>\r\n \t<li>Erzeugt klare Abdr\u00fccke: Scharfe W\u00f6rter und Bilder. Gute Kontrolle der Tintenopazit\u00e4t.<\/li>\r\n \t<li>H\u00e4lt lange: Starke Silikonelastomere. Es ist verschlei\u00dffest Druck.<\/li>\r\n \t<li>Sicher in der Anwendung: Ungiftige Drucktinten. Erf\u00fcllt RoHS-Konformit\u00e4t. Geringe fl\u00fcchtige organische Verbindungen (VOCs).<\/li>\r\n \t<li>Funktioniert mit Ihrer Ausr\u00fcstung: Geeignet f\u00fcr viele Maschinen und Tinten. Funktioniert mit Silikon-Farbverd\u00fcnnern. Kann eine Alternative zu TPE\/TPU-Alternativen sein. Kann bei der Integration von Spritzgussteilen verwendet werden. Verwendet w\u00e4rmegeh\u00e4rtete Silikone oder zweikomponentige Silikonsysteme. Kann mit Plasmabehandlung behandelt werden.<\/li>\r\n \t<li>H\u00f6chste Qualit\u00e4t: Wir halten uns an ISO 9001.<\/li>\r\n<\/ul>\r\nWeitere coole Sachen dar\u00fcber:\r\n<ul>\r\n \t<li>Sie nutzt die Leitf\u00e4higkeit von Polymeren.<\/li>\r\n \t<li>Wir k\u00f6nnen ma\u00dfgeschneiderte Silikonformen f\u00fcr Sie herstellen! Auch f\u00fcr 3D-Silikondruck.<\/li>\r\n \t<li>Bei einigen Formen funktioniert das besser als die Siebdruckalternativen.<\/li>\r\n \t<li>Es verwendet Fl\u00fcssigsilikonkautschuk (LSR)<\/li>\r\n \t<li>Wir verwenden Silikonpigmentdispersion f\u00fcr eine gute Farbe.<\/li>\r\n \t<li>Es braucht Trennmittel, Mittel<\/li>\r\n \t<li>Es enth\u00e4lt Silikone mit niedrigem Druckverformungsrest<\/li>\r\n \t<li>K\u00f6nnte f\u00fcr den piezoelektrischen Druck verwendet werden<\/li>\r\n \t<li>Hat beschlaghemmende Eigenschaften, die manchmal ben\u00f6tigt werden.<\/li>\r\n \t<li>Kann f\u00fcr den Silikonkleberdruck verwendet werden.<\/li>\r\n \t<li>Gut f\u00fcr EMI\/RFI-Abschirmung<\/li>\r\n \t<li>Wir kontrollieren die Viskosit\u00e4t der Silikonfarbe.<\/li>\r\n \t<li>Kann mit konformen Beschichtungen zum Schutz von Elektronik verwendet werden\u00a0<sup>3<\/sup>.<\/li>\r\n \t<li>Wir verwenden Oberfl\u00e4chenspannungsmodifikatoren f\u00fcr einen besseren Druck.<\/li>\r\n \t<li>Es verf\u00fcgt \u00fcber gute Oberfl\u00e4chenbeschichtungen.<\/li>\r\n \t<li>Einige Typen sind transparente, leitf\u00e4hige Silikonfolien.<\/li>\r\n<\/ul>\r\n&nbsp;\r\n\r\n<img loading=\"lazy\" decoding=\"async\" class=\"alignnone wp-image-3682 size-full lazyload\" src=\"data:image\/gif;base64,R0lGODlhAQABAIAAAAAAAP\/\/\/yH5BAEAAAAALAAAAAABAAEAAAIBRAA7\" data-src=\"https:\/\/topsilsilicone.com\/wp-content\/uploads\/WX20240914-104819.webp\" alt=\"\" width=\"899\" height=\"723\" \/><noscript><img loading=\"lazy\" decoding=\"async\" class=\"alignnone wp-image-3682 size-full lazyload\" src=\"https:\/\/topsilsilicone.com\/wp-content\/uploads\/WX20240914-104819.webp\" alt=\"\" width=\"899\" height=\"723\" srcset=\"https:\/\/topsilsilicone.com\/wp-content\/uploads\/WX20240914-104819.webp 899w, https:\/\/topsilsilicone.com\/wp-content\/uploads\/WX20240914-104819-300x241.webp 300w, https:\/\/topsilsilicone.com\/wp-content\/uploads\/WX20240914-104819-768x618.webp 768w, https:\/\/topsilsilicone.com\/wp-content\/uploads\/WX20240914-104819-600x483.webp 600w\" sizes=\"(max-width: 899px) 100vw, 899px\" \/><\/noscript>\r\n\r\nTechnische Details Tabelle:\r\n<table>\r\n<tbody>\r\n<tr>\r\n<td>Merkmal<\/td>\r\n<td>Einzelheiten<\/td>\r\n<td>Warum es wichtig ist<\/td>\r\n<\/tr>\r\n<tr>\r\n<td>Statische Kontrolle<\/td>\r\n<td>Ja, ESD-sicheres Silikon \/ Antistatik<\/td>\r\n<td>Stoppt statische \u00dcberspannungen<\/td>\r\n<\/tr>\r\n<tr>\r\n<td>Hitzefrei?<\/td>\r\n<td>Ja, bis zu 500\u00b0C<\/td>\r\n<td>Arbeitet an hei\u00dfen Orten<\/td>\r\n<\/tr>\r\n<tr>\r\n<td>Material<\/td>\r\n<td>Siliconelastomere, leitf\u00e4higes Silicon<\/td>\r\n<td>Weich, stark, sicher<\/td>\r\n<\/tr>\r\n<tr>\r\n<td>PFAS-Informationen<\/td>\r\n<td>Gut zu arbeiten, verwendet Dinge, die f\u00fcr die Arbeit ben\u00f6tigt werden<\/td>\r\n<td>Arbeitet zuverl\u00e4ssig<\/td>\r\n<\/tr>\r\n<tr>\r\n<td>Automatisierung bereit?<\/td>\r\n<td>Ja, funktioniert mit intelligenten Maschinen<\/td>\r\n<td>Schnelleres und besseres Drucken<\/td>\r\n<\/tr>\r\n<tr>\r\n<td>Tintenfluss bereit?<\/td>\r\n<td>Gut f\u00fcr Maschinen, die Pumpen mit hohem Durchsatz verwenden<\/td>\r\n<td>Glatte Tinten\u00fcbertragung<\/td>\r\n<\/tr>\r\n<tr>\r\n<td>H\u00e4rte<\/td>\r\n<td>Gemessen in Shore A (gibt an, wie geschmeidig es ist)<\/td>\r\n<td>Holt sich die richtige Presse<\/td>\r\n<\/tr>\r\n<tr>\r\n<td>Widerstandsf\u00e4higkeit der Oberfl\u00e4che<\/td>\r\n<td>Gemessen, um statische Kontrolle zu gew\u00e4hrleisten<\/td>\r\n<td>Beweist, dass es die statische Aufladung stoppt<\/td>\r\n<\/tr>\r\n<tr>\r\n<td>Zertifizierungen<\/td>\r\n<td>Erf\u00fcllt ISO 9001 und RoHS-Konformit\u00e4t<\/td>\r\n<td>Sicher und gute Qualit\u00e4t<\/td>\r\n<\/tr>\r\n<tr>\r\n<td>Kompatibilit\u00e4t der Tinten<\/td>\r\n<td>Funktioniert mit vielen Tinten, einschlie\u00dflich leitf\u00e4higer Silikontinte<\/td>\r\n<td>Sie k\u00f6nnen Ihre Tinte verwenden<\/td>\r\n<\/tr>\r\n<tr>\r\n<td>Farbe Leistung<\/td>\r\n<td>Ausgezeichnete Farbleistung, schnelle Tintenaufnahme<\/td>\r\n<td>Helle, klare Drucke<\/td>\r\n<\/tr>\r\n<tr>\r\n<td>Dauerhaftigkeit<\/td>\r\n<td>Abriebfestes Silikon, verschlei\u00dffester Druck<\/td>\r\n<td>H\u00e4lt lange Zeit<\/td>\r\n<\/tr>\r\n<\/tbody>\r\n<\/table>\r\n<h2>Das Datenblatt des Topsil Best Seller Antistatic Pad Printing Silicone<\/h2>\r\n<img loading=\"lazy\" decoding=\"async\" class=\"alignnone wp-image-3464 size-full lazyload\" src=\"data:image\/gif;base64,R0lGODlhAQABAIAAAAAAAP\/\/\/yH5BAEAAAAALAAAAAABAAEAAAIBRAA7\" data-src=\"https:\/\/topsilsilicone.com\/wp-content\/uploads\/DATA-SHEET-OF-ANTISTATIC-PRINTING-PAD-SILICONE-.png\" alt=\"\" width=\"656\" height=\"696\" \/><noscript><img loading=\"lazy\" decoding=\"async\" class=\"alignnone wp-image-3464 size-full lazyload\" src=\"https:\/\/topsilsilicone.com\/wp-content\/uploads\/DATA-SHEET-OF-ANTISTATIC-PRINTING-PAD-SILICONE-.png\" alt=\"\" width=\"656\" height=\"696\" srcset=\"https:\/\/topsilsilicone.com\/wp-content\/uploads\/DATA-SHEET-OF-ANTISTATIC-PRINTING-PAD-SILICONE-.png 656w, https:\/\/topsilsilicone.com\/wp-content\/uploads\/DATA-SHEET-OF-ANTISTATIC-PRINTING-PAD-SILICONE--283x300.png 283w, https:\/\/topsilsilicone.com\/wp-content\/uploads\/DATA-SHEET-OF-ANTISTATIC-PRINTING-PAD-SILICONE--600x637.png 600w\" sizes=\"(max-width: 656px) 100vw, 656px\" \/><\/noscript>\r\n\r\nTEXT Lifespan Comparison of Silicone Pads in High-Static Environment Number of Uses\r\n\r\n1300 \u2524 \u2524 1200 \u2524\u25a0\u25a0\u25a0\u25a0\u25a0\u25a0\u25a0\u25a0\u25a0\u25a0\u25a0\u25a0\u25a0\u25a0\u25a0\u25a0\u25a0\u25a0\u25a0\u25a0\u25a0\u25a0\u25a0\u25a0\u25a0\u25a0\u25a0\u25a0\u25a0\u25a0\u25a0\u25a0\u25a0\u25a0\u25a0\u25a0\u25a0\u25a0\u25a0\u25a0\u25a0 Antistatic Silicone Pads\r\n\r\n1100 \u2524 1000 \u2524\u25a0\u25a0\u25a0\u25a0\u25a0\u25a0\u25a0\u25a0\u25a0\u25a0\u25a0\u25a0\u25a0\u25a0\u25a0\u25a0\u25a0\u25a0\u25a0\u25a0\u25a0\u25a0\u25a0\u25a0\u25a0\u25a0\u25a0\u25a0\u25a0\u25a0\u25a0\u25a0\u25a0\u25a0\u25a0\u25a0\u25a0\u25a0\u25a0 Standard Silicone Pads\r\n\r\n900 \u2524 800 \u2524 700 \u2524 600 \u2524 500 \u2524 400 \u2524 300 \u2524 200 \u2524 0 \u253c\u2500\u2500\u2500\u2500\u2500\u2500\u2500\u2500\u2500\u2500\u2500\u2500\u2500\u2500\u2500\u2500\u2500\u2500\u2500\u2500\u2500\u2500\u2500\u2500\u2500\u2500\u2500\u2500\u2500\u2500\u2500\u2500\u2500\u2500\u2500\u2500\u2500\u2500\u2500\u2500\u2500\u2500\u2500\u2500 Standard Silicone Pads Antistatic Silicone Pads\r\n\r\nNeed Other Types of Silicone?\r\n<ul>\r\n \t<li>Formen f\u00fcr Geb\u00e4ude herstellen? Versuchen Sie unser\u00a0<a href=\"https:\/\/topsilsilicone.com\/de\/produkt\/platinum-cure-silicone-for-concrete-stone-grc-grp-gfrc-mold-making\/\"><u>Silikon f\u00fcr Beton- und Steingussformen<\/u><\/a>.<\/li>\r\n \t<li>Arbeiten Sie mit klarem Harz? Siehe unser\u00a0<a href=\"https:\/\/topsilsilicone.com\/de\/produkt\/tin-cure-silicone-rubber-resin-plaster-bronze-casting-candle-soap-mold-making\/\"><u>Silikon f\u00fcr den Harzformenbau<\/u><\/a>.<\/li>\r\n \t<li>Ben\u00f6tigen Sie Formen f\u00fcr Spezialbeton wie GRC? Besuchen Sie\u00a0<a href=\"https:\/\/topsilsilicone.com\/de\/produkt\/silikon-fur-cosplay-formenbau\/\"><u>Silikon f\u00fcr GRC\/GRG\/GFRC-Formen<\/u><\/a>.<\/li>\r\n \t<li>Schuhe herstellen? Wir haben\u00a0<a href=\"https:\/\/topsilsilicone.com\/de\/produkt\/silicones-for-orthotic-application\/\"><u>Silikon f\u00fcr die Herstellung von Schuhformen<\/u><\/a>.<\/li>\r\n<\/ul>\t\t\t\t\t\t\t\t<\/div>\n\t\t\t\t<\/div>\n\t\t\t\t\t<\/div>\n\t\t\t\t<\/div>\n\t\t\t\t<\/div>","protected":false},"excerpt":{"rendered":"<p>Topsil PY-3030 Silikon ist unser hochwertiges Standard-Silikon f\u00fcr Drucktampons. Der gr\u00f6\u00dfte Unterschied zwischen gew\u00f6hnlichen Tampons und antistatischen Drucktampons ist die antistatische Wirkung. Gew\u00f6hnliche Tampons k\u00f6nnen w\u00e4hrend des Tampondrucks statische Elektrizit\u00e4t erzeugen, w\u00e4hrend hochwertiger elektrostatischer Tampondruckschlamm die Erzeugung von statischer Elektrizit\u00e4t vollst\u00e4ndig vermeiden kann. Der Tampondruck wird im Allgemeinen zum Bedrucken von elektronischen Produkten, Beleuchtungen, galvanischen Produkten, Marken und unregelm\u00e4\u00dfigen Mustern verwendet.<\/p>","protected":false},"featured_media":3673,"comment_status":"open","ping_status":"closed","template":"","meta":{"_uag_custom_page_level_css":""},"product_brand":[],"product_cat":[115],"product_tag":[137,107],"class_list":{"0":"post-3457","1":"product","2":"type-product","3":"status-publish","4":"has-post-thumbnail","6":"product_cat-pad-printing-silicone","7":"product_tag-antistatic-pad-printing","8":"product_tag-platinum-cure-silicone-rubber","10":"first","11":"instock","12":"shipping-taxable","13":"product-type-simple"},"uagb_featured_image_src":{"full":["https:\/\/topsilsilicone.com\/wp-content\/uploads\/antistatic-pad-printing-silicone.webp",800,800,false],"thumbnail":["https:\/\/topsilsilicone.com\/wp-content\/uploads\/antistatic-pad-printing-silicone-150x150.webp",150,150,true],"medium":["https:\/\/topsilsilicone.com\/wp-content\/uploads\/antistatic-pad-printing-silicone-300x300.webp",300,300,true],"medium_large":["https:\/\/topsilsilicone.com\/wp-content\/uploads\/antistatic-pad-printing-silicone-768x768.webp",768,768,true],"large":["https:\/\/topsilsilicone.com\/wp-content\/uploads\/antistatic-pad-printing-silicone.webp",800,800,false],"1536x1536":["https:\/\/topsilsilicone.com\/wp-content\/uploads\/antistatic-pad-printing-silicone.webp",800,800,false],"2048x2048":["https:\/\/topsilsilicone.com\/wp-content\/uploads\/antistatic-pad-printing-silicone.webp",800,800,false],"trp-custom-language-flag":["https:\/\/topsilsilicone.com\/wp-content\/uploads\/antistatic-pad-printing-silicone.webp",12,12,false],"woocommerce_thumbnail":["https:\/\/topsilsilicone.com\/wp-content\/uploads\/antistatic-pad-printing-silicone-300x300.webp",300,300,true],"woocommerce_single":["https:\/\/topsilsilicone.com\/wp-content\/uploads\/antistatic-pad-printing-silicone-600x600.webp",600,600,true],"woocommerce_gallery_thumbnail":["https:\/\/topsilsilicone.com\/wp-content\/uploads\/antistatic-pad-printing-silicone-100x100.webp",100,100,true]},"uagb_author_info":{"display_name":"Brian","author_link":"https:\/\/topsilsilicone.com\/de\/author\/"},"uagb_comment_info":0,"uagb_excerpt":"Topsil PY-3030 silicone is our top standard quality silicone for printing pad. The biggest difference between ordinary printing pads and antistatic printing pad is the antistatic effect. Ordinary pads may generate static electricity during the pad printing process, while high-grade electrostatic pad printing slurry can completely avoid the generation of static electricity. It is generally&hellip;","_links":{"self":[{"href":"https:\/\/topsilsilicone.com\/de\/wp-json\/wp\/v2\/product\/3457","targetHints":{"allow":["GET"]}}],"collection":[{"href":"https:\/\/topsilsilicone.com\/de\/wp-json\/wp\/v2\/product"}],"about":[{"href":"https:\/\/topsilsilicone.com\/de\/wp-json\/wp\/v2\/types\/product"}],"replies":[{"embeddable":true,"href":"https:\/\/topsilsilicone.com\/de\/wp-json\/wp\/v2\/comments?post=3457"}],"version-history":[{"count":3,"href":"https:\/\/topsilsilicone.com\/de\/wp-json\/wp\/v2\/product\/3457\/revisions"}],"predecessor-version":[{"id":6904,"href":"https:\/\/topsilsilicone.com\/de\/wp-json\/wp\/v2\/product\/3457\/revisions\/6904"}],"wp:featuredmedia":[{"embeddable":true,"href":"https:\/\/topsilsilicone.com\/de\/wp-json\/wp\/v2\/media\/3673"}],"wp:attachment":[{"href":"https:\/\/topsilsilicone.com\/de\/wp-json\/wp\/v2\/media?parent=3457"}],"wp:term":[{"taxonomy":"product_brand","embeddable":true,"href":"https:\/\/topsilsilicone.com\/de\/wp-json\/wp\/v2\/product_brand?post=3457"},{"taxonomy":"product_cat","embeddable":true,"href":"https:\/\/topsilsilicone.com\/de\/wp-json\/wp\/v2\/product_cat?post=3457"},{"taxonomy":"product_tag","embeddable":true,"href":"https:\/\/topsilsilicone.com\/de\/wp-json\/wp\/v2\/product_tag?post=3457"}],"curies":[{"name":"wp","href":"https:\/\/api.w.org\/{rel}","templated":true}]}}