{"id":3706,"date":"2025-02-18T16:22:29","date_gmt":"2025-02-18T08:22:29","guid":{"rendered":"http:\/\/topsilsilicone.com\/?post_type=product&#038;p=3706"},"modified":"2026-04-29T15:47:18","modified_gmt":"2026-04-29T07:47:18","slug":"silikongel-fur-isolierte-kabel-und-kabelzubehor","status":"publish","type":"product","link":"https:\/\/topsilsilicone.com\/de\/produkt\/silikongel-fur-isolierte-kabel-und-kabelzubehor\/","title":{"rendered":"Silikongel f\u00fcr isolierte Kabel und Kabelzubeh\u00f6r"},"content":{"rendered":"<div data-elementor-type=\"product-post\" data-elementor-id=\"3706\" class=\"elementor elementor-3706\" data-elementor-post-type=\"product\">\n\t\t\t\t\t\t<section class=\"elementor-section elementor-top-section elementor-element elementor-element-139da043 elementor-section-boxed elementor-section-height-default elementor-section-height-default\" data-id=\"139da043\" data-element_type=\"section\">\n\t\t\t\t\t\t<div class=\"elementor-container elementor-column-gap-default\">\n\t\t\t\t\t<div class=\"elementor-column elementor-col-100 elementor-top-column elementor-element elementor-element-473d9c6f\" data-id=\"473d9c6f\" data-element_type=\"column\">\n\t\t\t<div class=\"elementor-widget-wrap elementor-element-populated\">\n\t\t\t\t\t\t<div class=\"elementor-element elementor-element-59ea726e elementor-widget elementor-widget-text-editor\" data-id=\"59ea726e\" data-element_type=\"widget\" data-widget_type=\"text-editor.default\">\n\t\t\t\t<div class=\"elementor-widget-container\">\n\t\t\t\t\t\t\t\t\t<h2>IP68-Silikongel f\u00fcr Kabelverbindungen: Ultimativer Schutz, vereinfacht<\/h2><p>Der Schutz elektrischer Verbindungen vor den Elementen ist nicht verhandelbar. F\u00fcr Hersteller von Kabelzubeh\u00f6r und Abzweigdosen kann die Zuverl\u00e4ssigkeit der Dichtung ihres Produkts \u00fcber ihren Ruf entscheiden. Ein einziges Versagen aufgrund des Eindringens von Feuchtigkeit oder Staub f\u00fchrt zu kostspieligen Reparaturen und schadet dem Vertrauen. Als direkter Hersteller von fortschrittlichem Fl\u00fcssigsilikonkautschuk haben wir die L\u00f6sung entwickelt: ein \u00fcberlegenes Silikongel, das eine dauerhafte, zuverl\u00e4ssige Dichtung mit un\u00fcbertroffener Benutzerfreundlichkeit bietet oder etwas isoliert.<\/p><p>Durch eine Partnerschaft mit uns - dem Hersteller - haben Sie einen direkten Draht zu gleichbleibender Qualit\u00e4t und technischem Know-how. Wir bieten Ihnen die Materialintegrit\u00e4t, die Sie brauchen, um Produkte zu bauen, die lange halten.<\/p><h3><strong><b> <img fetchpriority=\"high\" decoding=\"async\" class=\"aligncenter wp-image-3714 size-large lazyload\" src=\"data:image\/gif;base64,R0lGODlhAQABAIAAAAAAAP\/\/\/yH5BAEAAAAALAAAAAABAAEAAAIBRAA7\" data-src=\"https:\/\/topsilsilicone.com\/wp-content\/uploads\/5-1024x580.webp\" alt=\"\" width=\"1024\" height=\"580\" \/><noscript><img decoding=\"async\" class=\"aligncenter wp-image-3714 size-large lazyload\" src=\"https:\/\/topsilsilicone.com\/wp-content\/uploads\/5-1024x580.webp\" alt=\"\" width=\"1024\" height=\"580\" srcset=\"https:\/\/topsilsilicone.com\/wp-content\/uploads\/5-1024x580.webp 1024w, https:\/\/topsilsilicone.com\/wp-content\/uploads\/5-300x170.webp 300w, https:\/\/topsilsilicone.com\/wp-content\/uploads\/5-768x435.webp 768w, https:\/\/topsilsilicone.com\/wp-content\/uploads\/5-1536x870.webp 1536w, https:\/\/topsilsilicone.com\/wp-content\/uploads\/5-2048x1160.webp 2048w, https:\/\/topsilsilicone.com\/wp-content\/uploads\/5-600x340.webp 600w\" sizes=\"(max-width: 1024px) 100vw, 1024px\" \/><\/noscript><\/b><\/strong><\/h3><h3><strong><b>\u00a0<\/b><\/strong><\/h3><h3>Absoluter Schutz, garantiert<\/h3><p>Unser Silikon ist so konzipiert, dass es eine robuste Barriere gegen die rauesten Umweltbedingungen bildet. Es ist nicht nur ein F\u00fcllstoff, sondern ein fortschrittlicher Isolator, der eine langfristige Betriebsintegrit\u00e4t gew\u00e4hrleistet.<\/p><ul><li><strong>IP68 Wasserdichtes Siegel: <\/strong>Das Gel ist von Natur aus hydrophob, d. h. es st\u00f6\u00dft aktiv Wasser ab und sorgt so f\u00fcr eine vollst\u00e4ndige und dauerhafte wasser- und staubdichte Abdichtung um jede Kabelverbindung oder jeden Stecker.<\/li><li><strong>Hohe elektrische Isolierung:<\/strong>Mit seiner hohen Durchschlagfestigkeit verhindert unser Silikon Lichtb\u00f6gen und Kurzschl\u00fcsse und ist damit die perfekte Isolierung f\u00fcr eine Vielzahl von Anwendungen, von der Niederspannungsbeleuchtung bis zu Mittelspannungskabeln.<\/li><li><strong>Langlebig und flexibel:<\/strong>Im Gegensatz zu spr\u00f6den Harzverbindungen, die unter Belastung rei\u00dfen, bleibt unser Silikon ein flexibles Elastomer. Es absorbiert Vibrationen und thermische Ausdehnung, ohne seine Dichtigkeit zu verlieren, und gew\u00e4hrleistet so dauerhaften Schutz und Isolierung. Seine ausgezeichnete chemische Best\u00e4ndigkeit und seine Stabilit\u00e4t gegen UV-Strahlung und Oxidation verhindern eine Verschlechterung im Laufe der Zeit. Die Grunds\u00e4tze einer dauerhaften Abdichtung sind auch bei anspruchsvollen industriellen Anwendungen entscheidend, wie z. B. <a href=\"https:\/\/topsilsilicone.com\/de\/produkt\/silikon-fur-cosplay-formenbau\/\"><u>Silikon f\u00fcr GRC\/GRG\/GFRC-Formen<\/u><\/a>.<\/li><\/ul><p>\"Unser Ziel war eine L\u00f6sung, die man einbauen und vergessen kann. Eine Dichtung, die sofort funktioniert und jahrzehntelang h\u00e4lt. Mit diesem Silikongel ist das gelungen, und es bietet absolutes Vertrauen in jede Elektroinstallation.<\/p><h3><strong><b> <img decoding=\"async\" class=\"aligncenter wp-image-3715 size-full lazyload\" src=\"data:image\/gif;base64,R0lGODlhAQABAIAAAAAAAP\/\/\/yH5BAEAAAAALAAAAAABAAEAAAIBRAA7\" data-src=\"https:\/\/topsilsilicone.com\/wp-content\/uploads\/1.webp\" alt=\"\" width=\"622\" height=\"522\" \/><noscript><img loading=\"lazy\" decoding=\"async\" class=\"aligncenter wp-image-3715 size-full lazyload\" src=\"https:\/\/topsilsilicone.com\/wp-content\/uploads\/1.webp\" alt=\"\" width=\"622\" height=\"522\" srcset=\"https:\/\/topsilsilicone.com\/wp-content\/uploads\/1.webp 622w, https:\/\/topsilsilicone.com\/wp-content\/uploads\/1-300x252.webp 300w, https:\/\/topsilsilicone.com\/wp-content\/uploads\/1-600x504.webp 600w\" sizes=\"(max-width: 622px) 100vw, 622px\" \/><\/noscript><\/b><\/strong><\/h3><h3><strong><b>\u00a0<\/b><\/strong><\/h3><h3>M\u00fchelose Installation, bew\u00e4hrte Effizienz<\/h3><p>Zeit ist bei jedem Projekt Geld. Komplexe, mehrstufige Verfahren zur Abdichtung von Kabelverbindungen erh\u00f6hen die Arbeitskosten und das Fehlerrisiko. Unsere gebrauchsfertige Pressgel-Technologie revolutioniert den Installationsprozess.<\/p><p>Es ist kein Mischen vor Ort, kein Warten auf die Aush\u00e4rtung und kein Spezialwerkzeug erforderlich. Die Techniker legen einfach den Kabelstecker in das vorgef\u00fcllte Geh\u00e4use und lassen es zuschnappen. Die Verbindung ist sofort gesch\u00fctzt. Diese Einfachheit beschleunigt nicht nur die Arbeit, sondern garantiert auch jedes Mal ein perfektes, wiederholbares Ergebnis. Dar\u00fcber hinaus ist die Verbindung f\u00fcr Wartungsarbeiten vollst\u00e4ndig wieder zug\u00e4nglich - ein entscheidender Vorteil gegen\u00fcber dauerhaften Vergussmassen. Dieser Fokus auf Effizienz ist ein zentrales Prinzip, ganz gleich, ob wir f\u00fcr den elektrischen Schutz oder f\u00fcr rationelle Fertigungsprozesse entwickeln.<\/p><p><strong>\u00a0<\/strong><\/p><p><strong>\u00a0<\/strong><\/p><p>Silikongel vs. traditionelle Methoden<\/p><table><tbody><tr><td><strong><b>Merkmal<\/b><\/strong><\/td><td><strong><b>Unser Silikongel\u00a0<\/b><\/strong><\/td><td><strong><b>Polyurethan-Harz<\/b><\/strong><\/td><\/tr><tr><td><strong>Installationszeit<\/strong><\/td><td>\u00a0 \u00a01 Minute<\/td><td>15-30 Minuten<\/td><\/tr><tr><td><strong>Wiedereinstiegsm\u00f6glichkeit<\/strong><\/td><td>Vollst\u00e4ndig wiedereingabef\u00e4hig<\/td><td>Nein (Zerst\u00f6rende Beseitigung)<\/td><\/tr><tr><td><strong>Sicherheit<\/strong><\/td><td>Ungiftig, keine VOCs<\/td><td>Chemische Gef\u00e4hrdung<\/td><\/tr><tr><td><strong>Verl\u00e4sslichkeit<\/strong><\/td><td>Betreiberunabh\u00e4ngig<\/td><td>Abh\u00e4ngig von der korrekten Vermischung<\/td><\/tr><\/tbody><\/table><h3><strong><b>\u00a0<\/b><\/strong><\/h3><h3><strong><b><img loading=\"lazy\" decoding=\"async\" class=\"aligncenter wp-image-3712 size-full lazyload\" src=\"data:image\/gif;base64,R0lGODlhAQABAIAAAAAAAP\/\/\/yH5BAEAAAAALAAAAAABAAEAAAIBRAA7\" data-src=\"https:\/\/topsilsilicone.com\/wp-content\/uploads\/Silicone-Plugging-Agent-for-State-Grid-Bidding.webp\" alt=\"\" width=\"800\" height=\"800\" \/><noscript><img loading=\"lazy\" decoding=\"async\" class=\"aligncenter wp-image-3712 size-full lazyload\" src=\"https:\/\/topsilsilicone.com\/wp-content\/uploads\/Silicone-Plugging-Agent-for-State-Grid-Bidding.webp\" alt=\"\" width=\"800\" height=\"800\" srcset=\"https:\/\/topsilsilicone.com\/wp-content\/uploads\/Silicone-Plugging-Agent-for-State-Grid-Bidding.webp 800w, https:\/\/topsilsilicone.com\/wp-content\/uploads\/Silicone-Plugging-Agent-for-State-Grid-Bidding-300x300.webp 300w, https:\/\/topsilsilicone.com\/wp-content\/uploads\/Silicone-Plugging-Agent-for-State-Grid-Bidding-150x150.webp 150w, https:\/\/topsilsilicone.com\/wp-content\/uploads\/Silicone-Plugging-Agent-for-State-Grid-Bidding-768x768.webp 768w, https:\/\/topsilsilicone.com\/wp-content\/uploads\/Silicone-Plugging-Agent-for-State-Grid-Bidding-600x600.webp 600w, https:\/\/topsilsilicone.com\/wp-content\/uploads\/Silicone-Plugging-Agent-for-State-Grid-Bidding-100x100.webp 100w\" sizes=\"(max-width: 800px) 100vw, 800px\" \/><\/noscript>\u00a0<\/b><\/strong><\/h3><h3>Unser Vorteil: Qualit\u00e4t und Partnerschaft<\/h3><p>Wenn Sie bei uns einkaufen, erhalten Sie mehr als nur ein Produkt; Sie gewinnen einen Produktionspartner.<\/p><p>Wir kontrollieren die gesamte Produktion unseres Fl\u00fcssigsilikonkautschuks und gew\u00e4hrleisten h\u00f6chste Reinheit und gleichbleibende Qualit\u00e4t bei jeder einzelnen Charge.<\/p><p>Die direkte Zusammenarbeit mit dem Hersteller bedeutet, dass Ihre Kabelgarnituren und Abzweigdosen aus Silikon auf einer Grundlage bew\u00e4hrter Materialwissenschaft aufgebaut sind. Wir k\u00f6nnen mit Ihrem Team zusammenarbeiten, um die Viskosit\u00e4t, die Gelierzeit oder sogar die Farbe so anzupassen, dass sie sich nahtlos in Ihre Produktionslinien integrieren lassen - ein Ma\u00df an Zusammenarbeit, das in Bereichen wie <a href=\"https:\/\/topsilsilicone.com\/de\/produkt\/platinvernetzung-silikonkautschuk-formenbau\/\"><u>Rapid Prototyping Gie\u00dfen<\/u><\/a>. Unser Fachwissen im Bereich Silikonformung ist breit gef\u00e4chert und reicht von komplizierten\u00a0<a href=\"https:\/\/topsilsilicone.com\/de\/produkt\/tin-cure-silicone-rubber-resin-plaster-bronze-casting-candle-soap-mold-making\/\"><u>Harzformenbau<\/u><\/a>\u00a0zu robusten Materialien f\u00fcr <a href=\"https:\/\/topsilsilicone.com\/de\/produkt\/3846\/\"><u>Klettern h\u00e4lt Leisten<\/u><\/a>.<\/p><p>Machen Sie keine Kompromisse mehr mit unsauberen, unzuverl\u00e4ssigen Versiegelungsmethoden. Verbessern Sie Ihre Produkte mit einer technisch ausgereiften L\u00f6sung. Setzen Sie sich noch heute mit uns in Verbindung, um Ihren Fertigungsbedarf zu besprechen und einen Partner in der Lieferkette zu finden, der sich f\u00fcr Ihren Erfolg einsetzt.<\/p><p><strong>\u00a0<\/strong><\/p><p><strong>\u00a0<\/strong><\/p><p><strong>Zusammenfassung der Produktvorteile:<\/strong><\/p><p>Erreichen Sie mit unserem einfach zu verwendenden, wiedereinsetzbaren Silikongel einen vollst\u00e4ndigen IP68-Schutz f\u00fcr Ihre Kabelverbindungen. Vereinfachen Sie die Installation und gew\u00e4hrleisten Sie h\u00f6chste Zuverl\u00e4ssigkeit.<\/p>\t\t\t\t\t\t\t\t<\/div>\n\t\t\t\t<\/div>\n\t\t\t\t\t<\/div>\n\t\t<\/div>\n\t\t\t\t\t<\/div>\n\t\t<\/section>\n\t\t\t\t<\/div>","protected":false},"excerpt":{"rendered":"<p>Topsil Silicone Gel ist ein gie\u00dfbarer, additionsvernetzender RTV-2-Silikonkautschuk, der bei Raumtemperatur vulkanisiert. Mit der flammhemmenden, UL-gelisteten 94HB und der hohen Temperaturbest\u00e4ndigkeit sowie der hervorragenden Witterungsbest\u00e4ndigkeit eignet es sich hervorragend f\u00fcr die Verkapselung von isolierten Kabeln und Kabelzubeh\u00f6r sowie f\u00fcr die Automobil- und Leistungselektronikindustrie, die Verkapselung von Solarzellen, etc.<\/p>","protected":false},"featured_media":3712,"comment_status":"open","ping_status":"closed","template":"","meta":{"_uag_custom_page_level_css":""},"product_brand":[],"product_cat":[139],"product_tag":[138,128],"class_list":{"0":"post-3706","1":"product","2":"type-product","3":"status-publish","4":"has-post-thumbnail","6":"product_cat-potting-encapsulation-silicone","7":"product_tag-cable-accessories","8":"product_tag-silicone-gel","10":"first","11":"instock","12":"shipping-taxable","13":"product-type-simple"},"uagb_featured_image_src":{"full":["https:\/\/topsilsilicone.com\/wp-content\/uploads\/Silicone-Plugging-Agent-for-State-Grid-Bidding.webp",800,800,false],"thumbnail":["https:\/\/topsilsilicone.com\/wp-content\/uploads\/Silicone-Plugging-Agent-for-State-Grid-Bidding-150x150.webp",150,150,true],"medium":["https:\/\/topsilsilicone.com\/wp-content\/uploads\/Silicone-Plugging-Agent-for-State-Grid-Bidding-300x300.webp",300,300,true],"medium_large":["https:\/\/topsilsilicone.com\/wp-content\/uploads\/Silicone-Plugging-Agent-for-State-Grid-Bidding-768x768.webp",768,768,true],"large":["https:\/\/topsilsilicone.com\/wp-content\/uploads\/Silicone-Plugging-Agent-for-State-Grid-Bidding.webp",800,800,false],"1536x1536":["https:\/\/topsilsilicone.com\/wp-content\/uploads\/Silicone-Plugging-Agent-for-State-Grid-Bidding.webp",800,800,false],"2048x2048":["https:\/\/topsilsilicone.com\/wp-content\/uploads\/Silicone-Plugging-Agent-for-State-Grid-Bidding.webp",800,800,false],"trp-custom-language-flag":["https:\/\/topsilsilicone.com\/wp-content\/uploads\/Silicone-Plugging-Agent-for-State-Grid-Bidding.webp",12,12,false],"woocommerce_thumbnail":["https:\/\/topsilsilicone.com\/wp-content\/uploads\/Silicone-Plugging-Agent-for-State-Grid-Bidding-300x300.webp",300,300,true],"woocommerce_single":["https:\/\/topsilsilicone.com\/wp-content\/uploads\/Silicone-Plugging-Agent-for-State-Grid-Bidding-600x600.webp",600,600,true],"woocommerce_gallery_thumbnail":["https:\/\/topsilsilicone.com\/wp-content\/uploads\/Silicone-Plugging-Agent-for-State-Grid-Bidding-100x100.webp",100,100,true]},"uagb_author_info":{"display_name":"Brian","author_link":"https:\/\/topsilsilicone.com\/de\/author\/"},"uagb_comment_info":0,"uagb_excerpt":"Topsil Silicone Gel is a pourable, addition-curing, RTV-2 silicone rubber that vulcanizes at room temperature. With the flame retardant, UL listed 94HB, and high temperature resistance and outstanding weather resistance, it\u2019s excellent for encapsulation of insulated cable and cable Accessories. and for the automotive and power electronics industries, encapsulation of solar cells, etc.","_links":{"self":[{"href":"https:\/\/topsilsilicone.com\/de\/wp-json\/wp\/v2\/product\/3706","targetHints":{"allow":["GET"]}}],"collection":[{"href":"https:\/\/topsilsilicone.com\/de\/wp-json\/wp\/v2\/product"}],"about":[{"href":"https:\/\/topsilsilicone.com\/de\/wp-json\/wp\/v2\/types\/product"}],"replies":[{"embeddable":true,"href":"https:\/\/topsilsilicone.com\/de\/wp-json\/wp\/v2\/comments?post=3706"}],"version-history":[{"count":1,"href":"https:\/\/topsilsilicone.com\/de\/wp-json\/wp\/v2\/product\/3706\/revisions"}],"predecessor-version":[{"id":7024,"href":"https:\/\/topsilsilicone.com\/de\/wp-json\/wp\/v2\/product\/3706\/revisions\/7024"}],"wp:featuredmedia":[{"embeddable":true,"href":"https:\/\/topsilsilicone.com\/de\/wp-json\/wp\/v2\/media\/3712"}],"wp:attachment":[{"href":"https:\/\/topsilsilicone.com\/de\/wp-json\/wp\/v2\/media?parent=3706"}],"wp:term":[{"taxonomy":"product_brand","embeddable":true,"href":"https:\/\/topsilsilicone.com\/de\/wp-json\/wp\/v2\/product_brand?post=3706"},{"taxonomy":"product_cat","embeddable":true,"href":"https:\/\/topsilsilicone.com\/de\/wp-json\/wp\/v2\/product_cat?post=3706"},{"taxonomy":"product_tag","embeddable":true,"href":"https:\/\/topsilsilicone.com\/de\/wp-json\/wp\/v2\/product_tag?post=3706"}],"curies":[{"name":"wp","href":"https:\/\/api.w.org\/{rel}","templated":true}]}}