{"id":3824,"date":"2025-02-21T19:14:42","date_gmt":"2025-02-21T11:14:42","guid":{"rendered":"http:\/\/topsilsilicone.com\/?post_type=product&#038;p=3824"},"modified":"2025-09-23T21:53:19","modified_gmt":"2025-09-23T13:53:19","slug":"silikon-fur-den-mobelformenbau","status":"publish","type":"product","link":"https:\/\/topsilsilicone.com\/de\/produkt\/silikon-fur-den-mobelformenbau\/","title":{"rendered":"Silikon f\u00fcr die Herstellung von M\u00f6belformen"},"content":{"rendered":"<div class=\"ds-markdown ds-markdown--block\">\n<p>M\u00f6chten Sie Ihrem Stuhl ein neues Aussehen geben? Oder einen lustigen Tisch bauen? Unser Silikongummi-Formen-Bausatz ist da, um zu helfen! Es hat spezielle M\u00f6bel Formenbau Materialien.<\/p>\n<h3><strong><b><img fetchpriority=\"high\" decoding=\"async\" class=\"aligncenter wp-image-3825 size-large lazyload\" src=\"data:image\/gif;base64,R0lGODlhAQABAIAAAAAAAP\/\/\/yH5BAEAAAAALAAAAAABAAEAAAIBRAA7\" data-src=\"https:\/\/topsilsilicone.com\/wp-content\/uploads\/1jpg-789x1024.jpg\" alt=\"\" width=\"789\" height=\"1024\" \/><noscript><img decoding=\"async\" class=\"aligncenter wp-image-3825 size-large lazyload\" src=\"https:\/\/topsilsilicone.com\/wp-content\/uploads\/1jpg-789x1024.jpg\" alt=\"\" width=\"789\" height=\"1024\" srcset=\"https:\/\/topsilsilicone.com\/wp-content\/uploads\/1jpg-789x1024.jpg 789w, https:\/\/topsilsilicone.com\/wp-content\/uploads\/1jpg-231x300.jpg 231w, https:\/\/topsilsilicone.com\/wp-content\/uploads\/1jpg-768x996.jpg 768w, https:\/\/topsilsilicone.com\/wp-content\/uploads\/1jpg-600x778.jpg 600w, https:\/\/topsilsilicone.com\/wp-content\/uploads\/1jpg.jpg 1130w\" sizes=\"(max-width: 789px) 100vw, 789px\" \/><\/noscript><\/b><\/strong><\/h3>\n<h3><\/h3>\n<h3>Vorteil unseres Silikons f\u00fcr M\u00f6belformenbau<\/h3>\n<p><strong>Leicht zu mischen!\u00a0<\/strong><\/p>\n<p>Es ist, als w\u00fcrde man zwei Farben mischen. Dies ist ein platingeh\u00e4rtetes Silikon. Das bedeutet, es ist ein gutes Zeug! Es ist eine zweiteilige Silikonformenmischung. Sie mischen Teil A und Teil B. Es ist einfach mit einem Mischverh\u00e4ltnis von 1:1. Unser Fl\u00fcssigsilikonkautschuk ist nicht zu dickfl\u00fcssig. Es ist ein niedrigviskoses Silikon. So kommt es in alle winzigen Stellen.<\/p>\n<p>&nbsp;<\/p>\n<p><strong><b>Sicher f\u00fcr Sie!<\/b><\/strong><\/p>\n<p>Dieses Silikon ist sicher. Es ist lebensmittelechtes Silikon. Es ist ein FDA-konformes Silikon. Sie k\u00f6nnen also sogar Formen f\u00fcr Spielnahrung f\u00fcr Ihr Spielzeug herstellen! Wir testen die Toxizit\u00e4t des Silikons, um sicherzustellen, dass es sicher ist.<\/p>\n<p>&nbsp;<\/p>\n<p><strong><b>Superstark und biegsam!<\/b><\/strong><\/p>\n<p>Die Formen, die Sie herstellen, werden stark sein. Silikonformen haben eine lange Lebensdauer. Es kann warm werden. Es handelt sich um Hochtemperatursilikon. Es ist auch ein hitzebest\u00e4ndiges Silikon. Es geh\u00f6rt zu den Silikonelastomeren, ist also biegsam, aber z\u00e4h. Es hat eine gute Silikonh\u00e4rte (Shore-Skala) und Silikonzugfestigkeit. Es ist ein abriebfestes Silikon und ein rei\u00dffestes Silikon. Es ist sonnenbest\u00e4ndig, also ein UV-best\u00e4ndiges Silikon. Es vertr\u00e4gt keine feuchte Luft, daher ist es feuchtigkeitsresistentes Silikon.<\/p>\n<p>&nbsp;<\/p>\n<p><strong><b>Macht klare Formen!<\/b><\/strong><\/p>\n<p>Sie k\u00f6nnen jede kleine Linie sehen. Dies ist gut f\u00fcr Mold Design f\u00fcr M\u00f6bel. Sie k\u00f6nnen komplizierte Formdetails f\u00fcr ein ausgefallenes Aussehen herstellen. Es hilft bei der Herstellung von Pr\u00e4zisionsformen. Die Oberfl\u00e4che der Formen wird glatt sein. Es gibt fast keine Schrumpfung des Silikons. Das bedeutet vernachl\u00e4ssigbare Schrumpfung und hohe Pr\u00e4zision f\u00fcr Ihre Teile!<\/p>\n<h2><img decoding=\"async\" class=\"aligncenter wp-image-3829 size-large lazyload\" src=\"data:image\/gif;base64,R0lGODlhAQABAIAAAAAAAP\/\/\/yH5BAEAAAAALAAAAAABAAEAAAIBRAA7\" data-src=\"https:\/\/topsilsilicone.com\/wp-content\/uploads\/5-2-1024x914.png\" alt=\"\" width=\"800\" height=\"714\" \/><noscript><img loading=\"lazy\" decoding=\"async\" class=\"aligncenter wp-image-3829 size-large lazyload\" src=\"https:\/\/topsilsilicone.com\/wp-content\/uploads\/5-2-1024x914.png\" alt=\"\" width=\"800\" height=\"714\" srcset=\"https:\/\/topsilsilicone.com\/wp-content\/uploads\/5-2-1024x914.png 1024w, https:\/\/topsilsilicone.com\/wp-content\/uploads\/5-2-300x268.png 300w, https:\/\/topsilsilicone.com\/wp-content\/uploads\/5-2-768x685.png 768w, https:\/\/topsilsilicone.com\/wp-content\/uploads\/5-2-600x535.png 600w, https:\/\/topsilsilicone.com\/wp-content\/uploads\/5-2.png 1262w\" sizes=\"(max-width: 800px) 100vw, 800px\" \/><\/noscript><\/h2>\n<h3><\/h3>\n<h3>Welche lustigen Dinge k\u00f6nnen Sie herstellen?<\/h3>\n<p>Sie k\u00f6nnen <strong><b>Schimmelpilze<\/b><\/strong>\u00a0f\u00fcr so viele <strong><b>M\u00f6bel<\/b><\/strong>\u00a0Teile!<\/p>\n<ul>\n<li>M\u00f6belapplikationen (wie h\u00fcbsche Blumen f\u00fcr eine Schublade)<\/li>\n<li>Dekorative M\u00f6belelemente (lustige Formen zum Hinzuf\u00fcgen)<\/li>\n<li>Formen f\u00fcr Stuhlbeine (Herstellung neuer Beine f\u00fcr einen Spielzeugstuhl)<\/li>\n<li>Tischplatten-Formen (f\u00fcr kleine Tische)<\/li>\n<li>Formen f\u00fcr Schubladengriffe (neue Griffe f\u00fcr kleine Schubladen)<\/li>\n<li>Reparieren Sie altes Spielzeug mit M\u00f6belreparaturen.<\/li>\n<li>Stellen Sie Prototyp-M\u00f6belformen her, wenn Sie ein Designer sind.<\/li>\n<li>Ideal f\u00fcr Formen zur M\u00f6belrestaurierung. Machen Sie aus alten Dingen neue!<\/li>\n<li>Stellen Sie Formen f\u00fcr Holzmaserungen her, damit Dinge wie Holz aussehen.<\/li>\n<li>Kopieren Sie verschn\u00f6rkelte Details von alten Art-D\u00e9co-M\u00f6beln.<\/li>\n<li>Oder schlanke Formen f\u00fcr Mid-Century Modern M\u00f6bel<\/li>\n<\/ul>\n<p>Dieses Silikon f\u00fcr Holzbearbeitungsprojekte hilft Ihnen, Formen zu kopieren. Sie k\u00f6nnen Gussmaterialien wie Gips oder Wachs verwenden. Es ist gut mit Gie\u00dfharzen kompatibel. Das bedeutet, dass Epoxidharz und Polyurethanharz gut funktionieren! Wenn Sie Dinge mit Harz herstellen, sehen Sie sich unsere <a href=\"http:\/\/topsilsilicone.com\/de\/produkt\/platinvernetzung-silikonkautschuk-formenbau\/\">Silikon f\u00fcr den Harzformenbau<\/a>!<\/p>\n<p>&nbsp;<\/p>\n<h2><img loading=\"lazy\" decoding=\"async\" class=\"aligncenter wp-image-3809 lazyload\" src=\"data:image\/gif;base64,R0lGODlhAQABAIAAAAAAAP\/\/\/yH5BAEAAAAALAAAAAABAAEAAAIBRAA7\" data-src=\"https:\/\/topsilsilicone.com\/wp-content\/uploads\/3-1.webp\" alt=\"\" width=\"800\" height=\"645\" \/><noscript><img loading=\"lazy\" decoding=\"async\" class=\"aligncenter wp-image-3809 lazyload\" src=\"https:\/\/topsilsilicone.com\/wp-content\/uploads\/3-1.webp\" alt=\"\" width=\"800\" height=\"645\" srcset=\"https:\/\/topsilsilicone.com\/wp-content\/uploads\/3-1.webp 1508w, https:\/\/topsilsilicone.com\/wp-content\/uploads\/3-1-300x242.webp 300w, https:\/\/topsilsilicone.com\/wp-content\/uploads\/3-1-1024x826.webp 1024w, https:\/\/topsilsilicone.com\/wp-content\/uploads\/3-1-768x619.webp 768w, https:\/\/topsilsilicone.com\/wp-content\/uploads\/3-1-600x484.webp 600w\" sizes=\"(max-width: 800px) 100vw, 800px\" \/><\/noscript><\/h2>\n<\/div>\n<h3><\/h3>\n<div class=\"ds-markdown ds-markdown--block\">\n<h3><\/h3>\n<h3>Datenblatt unseres Silikons f\u00fcr den M\u00f6belformenbau :<\/h3>\n<h2><strong><b> <img loading=\"lazy\" decoding=\"async\" class=\"aligncenter wp-image-3684 lazyload\" src=\"data:image\/gif;base64,R0lGODlhAQABAIAAAAAAAP\/\/\/yH5BAEAAAAALAAAAAABAAEAAAIBRAA7\" data-src=\"https:\/\/topsilsilicone.com\/wp-content\/uploads\/Platinum-slicone-for-resin-molding.webp\" alt=\"\" width=\"800\" height=\"395\" \/><noscript><img loading=\"lazy\" decoding=\"async\" class=\"aligncenter wp-image-3684 lazyload\" src=\"https:\/\/topsilsilicone.com\/wp-content\/uploads\/Platinum-slicone-for-resin-molding.webp\" alt=\"\" width=\"800\" height=\"395\" srcset=\"https:\/\/topsilsilicone.com\/wp-content\/uploads\/Platinum-slicone-for-resin-molding.webp 1372w, https:\/\/topsilsilicone.com\/wp-content\/uploads\/Platinum-slicone-for-resin-molding-300x148.webp 300w, https:\/\/topsilsilicone.com\/wp-content\/uploads\/Platinum-slicone-for-resin-molding-1024x506.webp 1024w, https:\/\/topsilsilicone.com\/wp-content\/uploads\/Platinum-slicone-for-resin-molding-768x380.webp 768w, https:\/\/topsilsilicone.com\/wp-content\/uploads\/Platinum-slicone-for-resin-molding-600x297.webp 600w\" sizes=\"(max-width: 800px) 100vw, 800px\" \/><\/noscript><\/b><\/strong><\/h2>\n<p>&nbsp;<\/p>\n<p>Dies ist eines unserer besten Materialien f\u00fcr den M\u00f6belformenbau! Marken wie Smooth-On, Polytek oder Alumilite stellen gutes Silikon her. Sie k\u00f6nnen einige auf dem EU-Markt finden. Lernen Sie von DIY-Kan\u00e4len! Sogar Furniture Today k\u00f6nnte \u00fcber neue Formen f\u00fcr M\u00f6bel berichten.<\/p>\n<h3><strong><b>\u00a0<\/b><\/strong><\/h3>\n<h3><strong><b>\u00a0<\/b><\/strong><\/h3>\n<h3>Wie man eine Form herstellt - so einfach!<\/h3>\n<ol>\n<li>Holen Sie sich Ihr Meistermodell. Das ist die Form, die Sie kopieren m\u00f6chten. Sie k\u00f6nnen es mit CNC-Bearbeitung oder 3D-Druck herstellen.<\/li>\n<li>Baue einen Formkasten um deine Form. Wie ein kleiner Zaun.<\/li>\n<li>Mischen Sie Teil A und Teil B unseres Fl\u00fcssigsilikons.<\/li>\n<li>Gie\u00dfen Sie es \u00fcber Ihre Form in der Schachtel.<\/li>\n<\/ol>\n<p>Bei sehr sprudelnden Mischungen verwenden manche Leute vakuumentgasende Silikonmethoden. Aber unsere sind oft gut!<\/p>\n<ol>\n<li>Warten Sie die Aush\u00e4rtungszeit des Silikons ab.<\/li>\n<li>Nehmen Sie Ihre neuen flexiblen Formmaterialien heraus!<\/li>\n<li>Jetzt k\u00f6nnen Sie viele Kopien machen!<\/li>\n<li>Das Entformen von M\u00f6belteilen ist einfach.<\/li>\n<\/ol>\n<p>&nbsp;<\/p>\n<p>Sie k\u00f6nnen Silikonadditive verwenden, wenn Sie Farben w\u00fcnschen. Pr\u00fcfen Sie die Kompatibilit\u00e4t von Silikonpigmenten. Unsere Silikonelastomere sind von h\u00f6chster Qualit\u00e4t. Gute Techniken zur Herstellung von Formen helfen, gute Formen zu machen. Selbst knifflige Formen mit Hinterschneidungen k\u00f6nnen hergestellt werden.<\/p>\n<p><img loading=\"lazy\" decoding=\"async\" class=\"alignnone wp-image-3867 lazyload\" src=\"data:image\/gif;base64,R0lGODlhAQABAIAAAAAAAP\/\/\/yH5BAEAAAAALAAAAAABAAEAAAIBRAA7\" data-src=\"https:\/\/topsilsilicone.com\/wp-content\/uploads\/3-2.webp\" alt=\"\" width=\"800\" height=\"677\" \/><noscript><img loading=\"lazy\" decoding=\"async\" class=\"alignnone wp-image-3867 lazyload\" src=\"https:\/\/topsilsilicone.com\/wp-content\/uploads\/3-2.webp\" alt=\"\" width=\"800\" height=\"677\" srcset=\"https:\/\/topsilsilicone.com\/wp-content\/uploads\/3-2.webp 1318w, https:\/\/topsilsilicone.com\/wp-content\/uploads\/3-2-300x254.webp 300w, https:\/\/topsilsilicone.com\/wp-content\/uploads\/3-2-1024x867.webp 1024w, https:\/\/topsilsilicone.com\/wp-content\/uploads\/3-2-768x650.webp 768w, https:\/\/topsilsilicone.com\/wp-content\/uploads\/3-2-600x508.webp 600w\" sizes=\"(max-width: 800px) 100vw, 800px\" \/><\/noscript><\/p>\n<p>&nbsp;<\/p>\n<p>F\u00fcr gro\u00dfe Steinformen, probieren Sie unser <a href=\"http:\/\/topsilsilicone.com\/de\/produkt\/platinum-cure-silicone-for-concrete-stone-grc-grp-gfrc-mold-making\/\"><u>Silikon f\u00fcr Beton- und Steingussformen<\/u><\/a>. Neue schnelle Sachen machen? Schauen Sie <a href=\"http:\/\/topsilsilicone.com\/de\/produkt\/platinvernetzung-silikonkautschuk-formenbau\/\"><u>Silikon f\u00fcr Rapid-Prototyping-Guss<\/u><\/a>. Und wenn Sie Schuhe herstellen, haben wir <a href=\"http:\/\/topsilsilicone.com\/de\/produkt\/silicones-for-orthotic-application\/\"><u>Silikon f\u00fcr den Schuhformenbau<\/u><\/a>\u00a0auch!<\/p>\n<p>&nbsp;<\/p>\n<h3><strong><b>\u00a0<\/b><\/strong><\/h3>\n<h3>\u00d6kologischer und wirtschaftlicher Nutzen<\/h3>\n<ul>\n<li><strong>Weniger Abfall:<\/strong>Silikonformen sind 100% recycelbar, im Gegensatz zu Alternativen aus Latex oder Urethan.<\/li>\n<li><strong>Energie-Effizienz:<\/strong>H\u00e4rtet bei Raumtemperatur aus und senkt so die Energiekosten.<\/li>\n<li><strong>ROI:<\/strong>Eine einzige Form ersetzt mehr als 500 Einwegeinheiten und spart damit j\u00e4hrlich mehr als $10.000.<\/li>\n<\/ul>\n<h3><strong><b>\u00a0<\/b><\/strong><\/h3>\n<h3><strong><b>\u00a0<\/b><\/strong><\/h3>\n<h3>Warum mit uns zusammenarbeiten?<\/h3>\n<ul>\n<li><strong>Globales Fachwissen<\/strong>: ISO-zertifizierte Produktionsst\u00e4tten gew\u00e4hrleisten gleichbleibende Qualit\u00e4t.<\/li>\n<li><strong>Kundenspezifische L\u00f6sungen<\/strong>: Ma\u00dfgeschneiderte Formen f\u00fcr Acryl-, Gips- oder Epoxidverbundwerkstoffe.<\/li>\n<li><strong>Schneller Turnaround<\/strong>: Gro\u00dfauftr\u00e4ge werden in 10-14 Tagen geliefert.<\/li>\n<\/ul>\n<p>Kontaktieren Sie uns noch heute, um eine Testform in kleinem Ma\u00dfstab anzufordern oder Ihr Projekt zu besprechen!<\/p>\n<h2><strong><b>\u00a0<\/b><\/strong><\/h2>\n<p>&nbsp;<\/p>\n<p>&nbsp;<\/p>\n<p>&nbsp;<\/p>\n<p>&nbsp;<\/p>\n<\/div>\n<p>&nbsp;<\/p>\n<p>&nbsp;<\/p>\n<h2><\/h2>","protected":false},"excerpt":{"rendered":"<p>Topsil-Silikon zeichnet sich durch eine erstaunliche Verbrennungsbest\u00e4ndigkeit und eine geringe Schrumpfung bei der Aush\u00e4rtung aus und eignet sich hervorragend f\u00fcr die Herstellung von M\u00f6belformen aus Polyurethanharz.<\/p>\n<p><strong><b>F\u00fcr den Preis,<\/b><\/strong>\u00a0wenden Sie sich bitte an uns. Ein detailliertes Angebot wird Ihnen zugesandt.<\/p>\n<p><strong><b>Zur Probe:\u00a0<\/b><\/strong>kostenlos zur Verf\u00fcgung gestellt, Versandkosten gehen zu Lasten des Kunden<\/p>\n<p><strong><b>MOQ:<\/b><\/strong> 200kg<\/p>\n<p><strong><b>H.S. Code:<\/b><\/strong>\u00a039100000<\/p>\n<p><strong><b>Fachbegriff:<\/b><\/strong>\u00a0EXW\/FOB\/CFR\/CIF\uff0fDDU sind verf\u00fcgbar<\/p>","protected":false},"featured_media":3833,"comment_status":"open","ping_status":"closed","template":"","meta":{"_uag_custom_page_level_css":""},"product_brand":[],"product_cat":[76],"product_tag":[],"class_list":{"0":"post-3824","1":"product","2":"type-product","3":"status-publish","4":"has-post-thumbnail","6":"product_cat-uncategorized","8":"first","9":"instock","10":"shipping-taxable","11":"product-type-simple"},"uagb_featured_image_src":{"full":["https:\/\/topsilsilicone.com\/wp-content\/uploads\/Silicone-for-Baroque-furniture-molding-1.jpg",800,800,false],"thumbnail":["https:\/\/topsilsilicone.com\/wp-content\/uploads\/Silicone-for-Baroque-furniture-molding-1-150x150.jpg",150,150,true],"medium":["https:\/\/topsilsilicone.com\/wp-content\/uploads\/Silicone-for-Baroque-furniture-molding-1-300x300.jpg",300,300,true],"medium_large":["https:\/\/topsilsilicone.com\/wp-content\/uploads\/Silicone-for-Baroque-furniture-molding-1-768x768.jpg",768,768,true],"large":["https:\/\/topsilsilicone.com\/wp-content\/uploads\/Silicone-for-Baroque-furniture-molding-1.jpg",800,800,false],"1536x1536":["https:\/\/topsilsilicone.com\/wp-content\/uploads\/Silicone-for-Baroque-furniture-molding-1.jpg",800,800,false],"2048x2048":["https:\/\/topsilsilicone.com\/wp-content\/uploads\/Silicone-for-Baroque-furniture-molding-1.jpg",800,800,false],"trp-custom-language-flag":["https:\/\/topsilsilicone.com\/wp-content\/uploads\/Silicone-for-Baroque-furniture-molding-1.jpg",12,12,false],"woocommerce_thumbnail":["https:\/\/topsilsilicone.com\/wp-content\/uploads\/Silicone-for-Baroque-furniture-molding-1-300x300.jpg",300,300,true],"woocommerce_single":["https:\/\/topsilsilicone.com\/wp-content\/uploads\/Silicone-for-Baroque-furniture-molding-1-600x600.jpg",600,600,true],"woocommerce_gallery_thumbnail":["https:\/\/topsilsilicone.com\/wp-content\/uploads\/Silicone-for-Baroque-furniture-molding-1-100x100.jpg",100,100,true]},"uagb_author_info":{"display_name":"Brian","author_link":"https:\/\/topsilsilicone.com\/de\/author\/"},"uagb_comment_info":0,"uagb_excerpt":"Topsil silicone stand out as the amazing resistance to burn and low shrinkage on cure.it is great for polyurethane resin furniture mold making. For the price,\u00a0please contact us, A details quotation of this will be sent to you for reference. For Sample:\u00a0free provided, shipping cost afford by customer MOQ: 200kg H.S Code:\u00a039100000 Trade Term:\u00a0EXW\/FOB\/CFR\/CIF\uff0fDDU\u00a0are available","_links":{"self":[{"href":"https:\/\/topsilsilicone.com\/de\/wp-json\/wp\/v2\/product\/3824","targetHints":{"allow":["GET"]}}],"collection":[{"href":"https:\/\/topsilsilicone.com\/de\/wp-json\/wp\/v2\/product"}],"about":[{"href":"https:\/\/topsilsilicone.com\/de\/wp-json\/wp\/v2\/types\/product"}],"replies":[{"embeddable":true,"href":"https:\/\/topsilsilicone.com\/de\/wp-json\/wp\/v2\/comments?post=3824"}],"version-history":[{"count":2,"href":"https:\/\/topsilsilicone.com\/de\/wp-json\/wp\/v2\/product\/3824\/revisions"}],"predecessor-version":[{"id":4194,"href":"https:\/\/topsilsilicone.com\/de\/wp-json\/wp\/v2\/product\/3824\/revisions\/4194"}],"wp:featuredmedia":[{"embeddable":true,"href":"https:\/\/topsilsilicone.com\/de\/wp-json\/wp\/v2\/media\/3833"}],"wp:attachment":[{"href":"https:\/\/topsilsilicone.com\/de\/wp-json\/wp\/v2\/media?parent=3824"}],"wp:term":[{"taxonomy":"product_brand","embeddable":true,"href":"https:\/\/topsilsilicone.com\/de\/wp-json\/wp\/v2\/product_brand?post=3824"},{"taxonomy":"product_cat","embeddable":true,"href":"https:\/\/topsilsilicone.com\/de\/wp-json\/wp\/v2\/product_cat?post=3824"},{"taxonomy":"product_tag","embeddable":true,"href":"https:\/\/topsilsilicone.com\/de\/wp-json\/wp\/v2\/product_tag?post=3824"}],"curies":[{"name":"wp","href":"https:\/\/api.w.org\/{rel}","templated":true}]}}