{"id":3842,"date":"2025-02-26T18:00:47","date_gmt":"2025-02-26T10:00:47","guid":{"rendered":"http:\/\/topsilsilicone.com\/?post_type=product&#038;p=3842"},"modified":"2025-09-23T22:14:55","modified_gmt":"2025-09-23T14:14:55","slug":"silikon-fur-cosplay-formenbau","status":"publish","type":"product","link":"https:\/\/topsilsilicone.com\/de\/produkt\/silikon-fur-cosplay-formenbau\/","title":{"rendered":"Silikon f\u00fcr Cosplay Formenbau"},"content":{"rendered":"<div class=\"dad65929\">\n<div class=\"f9bf7997 d7dc56a8 c05b5566\">\n<div class=\"ds-markdown ds-markdown--block\">\n<h4>Awesome Cosplay machen! Einfaches Silikon f\u00fcr Cosplay Formenbau<\/h4>\n<p>Willst du coole Cosplay-Sachen machen? Wie R\u00fcstungen oder Requisiten? Dieses Silikon hilft dir bei der Herstellung von Gussformen. Formen helfen dir, viele Kopien deiner Teile zu machen. Das ist einfach und macht Spa\u00df! Dies ist RTV-Silikon f\u00fcr Cosplay, die Art, die du brauchst.<\/p>\n<p>Sie k\u00f6nnen Cosplay-Prothetik-Formteile, wie falsche Ohren oder Nasen, herstellen. Dieser flexible Silikonkautschuk ist weich und stark. Es ist auch f\u00fcr Lifecasting f\u00fcr Cosplay geeignet.<\/p>\n<h2><strong><b>\u00a0<\/b><\/strong><\/h2>\n<h4>Was macht dieses Silikon gro\u00dfartig?<\/h4>\n<ul>\n<li><b><\/b><strong><b>Einfacher Mix:<\/b><\/strong>Mischen Sie einfach Teil A und Teil B. Ein Teil A, ein Teil B. Super einfach!  Sie brauchen keine schwere Waage. Es ist wie Mold Star Silikon.<\/li>\n<li><b><\/b><strong><b>Starke Schimmelpilze:<\/b><\/strong>Ihre Gussformen halten lange Zeit 2. Machen Sie viele Teile aus einer Form. Dies sind wiederverwendbare Silikonformen! Genie\u00dfen Sie die Haltbarkeit von Silikonformen.<\/li>\n<li><b><\/b><strong><b>Siehe Winzige Details:\u00a0<\/b><\/strong>Ihre Form wird genauso aussehen wie Ihr erstes Teil. Perfekt f\u00fcr kleine Dinge. Verwenden Sie Silikon f\u00fcr detaillierte Formen. Erhalten Sie gro\u00dfe Silikonform Textur.<\/li>\n<li><b><\/b><strong><b>Sicher f\u00fcr die Haut:<\/b><\/strong>Gut f\u00fcr Cosplay Maske machen oder Teile, die Sie tragen. Dies ist hautvertr\u00e4gliches Silikon. Nicht wie einige Zinn-Cure-Silikon. Dies ist Platin Heilung Silikonformen.<\/li>\n<li><b><\/b><strong><b>Arbeitet mit Harz:<\/b><\/strong>Gie\u00dfen Sie Gie\u00dfharz oder Smooth-Cast in Ihre Form 6. Das funktioniert prima! Verwenden Sie aber immer ein Silikontrennmittel, vielleicht Mann Ease Release. Ohne dieses Trennmittel k\u00f6nnte das Harz kleben.<\/li>\n<li><b><\/b><strong><b>Anf\u00e4ngertauglich:<\/b><\/strong>Perfekt, wenn Sie neu im Formenbau f\u00fcr Anf\u00e4nger sind 7. Wir haben Zubeh\u00f6r f\u00fcr den Formenbau und einfache Silikon-Gie\u00dftechniken. Folgen Sie unserem Formenbau-Tutorial.<\/li>\n<\/ul>\n<h2><strong><b> <img fetchpriority=\"high\" decoding=\"async\" class=\"aligncenter wp-image-3884 size-full lazyload\" src=\"data:image\/gif;base64,R0lGODlhAQABAIAAAAAAAP\/\/\/yH5BAEAAAAALAAAAAABAAEAAAIBRAA7\" data-src=\"https:\/\/topsilsilicone.com\/wp-content\/uploads\/silicone-for-cosplay-cusumer-molding.webp\" alt=\"\" width=\"800\" height=\"800\" \/><noscript><img decoding=\"async\" class=\"aligncenter wp-image-3884 size-full lazyload\" src=\"https:\/\/topsilsilicone.com\/wp-content\/uploads\/silicone-for-cosplay-cusumer-molding.webp\" alt=\"\" width=\"800\" height=\"800\" srcset=\"https:\/\/topsilsilicone.com\/wp-content\/uploads\/silicone-for-cosplay-cusumer-molding.webp 800w, https:\/\/topsilsilicone.com\/wp-content\/uploads\/silicone-for-cosplay-cusumer-molding-300x300.webp 300w, https:\/\/topsilsilicone.com\/wp-content\/uploads\/silicone-for-cosplay-cusumer-molding-150x150.webp 150w, https:\/\/topsilsilicone.com\/wp-content\/uploads\/silicone-for-cosplay-cusumer-molding-768x768.webp 768w, https:\/\/topsilsilicone.com\/wp-content\/uploads\/silicone-for-cosplay-cusumer-molding-600x600.webp 600w, https:\/\/topsilsilicone.com\/wp-content\/uploads\/silicone-for-cosplay-cusumer-molding-100x100.webp 100w\" sizes=\"(max-width: 800px) 100vw, 800px\" \/><\/noscript><\/b><\/strong><\/h2>\n<h4>Warum sollten Sie sich f\u00fcr unser Silikon entscheiden?<\/h4>\n<p>Viele coole Macher verwenden Silikon auf diese Weise. Denken Sie an Adam Savage von Tested oder das Team von Punished Props. Sie verwenden Marken wie Smooth-On. Vielleicht kennen Sie Dragon Skin oder Rebound 25? Unser Topsil-Silikon ist genau so gut!<\/p>\n<p>Es hat eine geringe Silikonschrumpfung. Ihre Teile behalten die richtige Gr\u00f6\u00dfe. Es ist besser als billige Silikongummi-Formen. Dies ist fl\u00fcssiger Silikonkautschuk.<\/p>\n<p>Wir arbeiten mit Spitzenherstellern wie Wacker Chemie, Shin-Etsu und Momentive zusammen. Sie k\u00f6nnen sich auf die Qualit\u00e4t verlassen, zum Beispiel von Polytek, Alumilite oder BJB Enterprises. Hilfe finden Sie bei The Replica Prop Forum oder Cosplay.com. Lerne von Kamui Cosplay oder Evil Ted Smith! Schau dir vielleicht Odin Makes oder SKS Props an.<\/p>\n<h2><strong><b>\u00a0<\/b><\/strong><\/h2>\n<h4>Was k\u00f6nnen Sie herstellen?<\/h4>\n<ul>\n<li><b><\/b><strong>Cosplay-R\u00fcstungsformen:<\/strong> Machen Sie Brustplatten, Helme wie Iron Man 186, oder Schulterteile. Gro\u00df f\u00fcr Form Schaum cosplay R\u00fcstung.<\/li>\n<li><strong>Cosplay-Waffenformen:\u00a0<\/strong>Schwerter, Pistolen, Dolche. Sichere Requisiten f\u00fcr Cons herstellen. Cosplay-Requisiten nachbauen ist einfach!<\/li>\n<li><strong>Masken und K\u00f6rperteile:<\/strong>\u00a0Mache Monstergesichter oder coole Prothesen. Unsere Tipps f\u00fcr\u00a0<a href=\"http:\/\/topsilsilicone.com\/de\/produkt\/silikone-fur-orthopadische-anwendungen-2\/\">Silikone f\u00fcr prothetische Anwendungen<\/a>.<\/li>\n<li><strong>Kleine Dinge: <\/strong>Stellen Sie Cosplay-Schmuckformen oder kleine Details f\u00fcr Ihre<\/li>\n<li><\/li>\n<\/ul>\n<p><img decoding=\"async\" class=\"aligncenter wp-image-3889 lazyload\" src=\"data:image\/gif;base64,R0lGODlhAQABAIAAAAAAAP\/\/\/yH5BAEAAAAALAAAAAABAAEAAAIBRAA7\" data-src=\"https:\/\/topsilsilicone.com\/wp-content\/uploads\/6-2-1024x774.webp\" alt=\"\" width=\"800\" height=\"605\" \/><noscript><img loading=\"lazy\" decoding=\"async\" class=\"aligncenter wp-image-3889 lazyload\" src=\"https:\/\/topsilsilicone.com\/wp-content\/uploads\/6-2-1024x774.webp\" alt=\"\" width=\"800\" height=\"605\" srcset=\"https:\/\/topsilsilicone.com\/wp-content\/uploads\/6-2-1024x774.webp 1024w, https:\/\/topsilsilicone.com\/wp-content\/uploads\/6-2-300x227.webp 300w, https:\/\/topsilsilicone.com\/wp-content\/uploads\/6-2-768x580.webp 768w, https:\/\/topsilsilicone.com\/wp-content\/uploads\/6-2-1536x1161.webp 1536w, https:\/\/topsilsilicone.com\/wp-content\/uploads\/6-2-600x453.webp 600w, https:\/\/topsilsilicone.com\/wp-content\/uploads\/6-2.webp 1982w\" sizes=\"(max-width: 800px) 100vw, 800px\" \/><\/noscript><\/p>\n<h4><\/h4>\n<h4>Produkt Details Tabelle<\/h4>\n<table>\n<tbody>\n<tr>\n<td><strong><b>Merkmal<\/b><\/strong><\/td>\n<td><strong><b>Einzelheiten<\/b><\/strong><\/td>\n<td><strong><b>Warum es gut f\u00fcr Cosplay ist<\/b><\/strong><\/td>\n<\/tr>\n<tr>\n<td><strong><b>Typ<\/b><\/strong><\/td>\n<td>Platinh\u00e4rtendes Silikon 40\/45<\/td>\n<td>Sicher f\u00fcr die Haut, starke Form, geringe Schrumpfung des Silikons.<\/td>\n<\/tr>\n<tr>\n<td><strong><b>Mischungsverh\u00e4ltnis<\/b><\/strong><\/td>\n<td>1A : 1B nach Volumen<\/td>\n<td>Leicht zu mischen, keine Waage erforderlich. Gute Silikonmischungsverh\u00e4ltnisse.<\/td>\n<\/tr>\n<tr>\n<td><strong><b>Gef\u00fchl (H\u00e4rte)<\/b><\/strong><\/td>\n<td>Mittelweich (wie Drachenhaut 10 8 oder Mold Star 15 1)<\/td>\n<td>Flexibel f\u00fcr Teile mit kniffligen Formen (Hinterschneidungen von Silikonformen), aber stark genug. Pr\u00fcfen Sie die Shore-H\u00e4rte des Silikons.<\/td>\n<\/tr>\n<tr>\n<td><strong><b>Farbe<\/b><\/strong><\/td>\n<td>Transluzentes Silikon (meist klar)<\/td>\n<td>Manchmal kann man das Innere der Form sehen. F\u00fcgen Sie Silikonpigmentzus\u00e4tze oder Silikonformfarbe hinzu, wenn Sie m\u00f6chten.<\/td>\n<\/tr>\n<tr>\n<td><strong><b>Aush\u00e4rtungszeit<\/b><\/strong><\/td>\n<td>Schnell! In ein paar Stunden fertig 18<\/td>\n<td>Stellen Sie Ihre Teile schneller her! Pr\u00fcfen Sie die Aush\u00e4rtungszeit und die Topfzeit des Silikons. Verwenden Sie schnell aush\u00e4rtendes Silikon.<\/td>\n<\/tr>\n<tr>\n<td><strong><b>Arbeitet mit<\/b><\/strong><\/td>\n<td>Harz, Schaumstoff (wie FlexFoam-iT! ), Gips, Wachs<\/td>\n<td>Stellen Sie viele Arten von Cosplay-Teilen her.<\/td>\n<\/tr>\n<tr>\n<td><strong><b>Temperaturbest\u00e4ndigkeit<\/b><\/strong><\/td>\n<td>Gut f\u00fcr den normalen Gebrauch. Optionen aus hitzebest\u00e4ndigem Silikon erh\u00e4ltlich. Fragen Sie nach hochtemperaturbest\u00e4ndigem Silikon.<\/td>\n<td>Vertr\u00e4gt die Hitze des aush\u00e4rtenden Harzes gut.<\/td>\n<\/tr>\n<tr>\n<td><strong><b>Bausatz Option<\/b><\/strong><\/td>\n<td>Manchmal als Bausatz mit Bechern, Stiften. Pr\u00fcfen Sie LET'S RESIN Silikonformenbaukasten.<\/td>\n<td>Alles, was Sie brauchen, um mit dem Formenbau f\u00fcr Anf\u00e4nger zu beginnen.<\/td>\n<\/tr>\n<\/tbody>\n<\/table>\n<h2><strong><b>\u00a0<\/b><\/strong><\/h2>\n<h2><strong><b>\u00a0<\/b><\/strong><\/h2>\n<h4>Anwendung (einfache Schritte)<\/h4>\n<ol>\n<li><b><\/b><strong><b>Machen Sie sich bereit:<\/b><\/strong>Fertige dein erstes Teil (Urmodell) an. Vielleicht hast du Sculpey, Monster Clay oder Chavant Clay verwendet? Mach es glatt. Reinige es gut.<\/li>\n<li><b><\/b><strong><b>Bauen Sie eine Box:<\/b><\/strong>Baue eine Wand um deinen Das ist die Konstruktion des Formkastens. Verwende Schaumstoffplatten oder LEGOs. Versiegele die Kanten.<\/li>\n<li><b><\/b><strong><b>Spray Release:<\/b><\/strong>Verwenden Sie Silikontrennspray f\u00fcr Ihr Teil und den Karton. Wie Mann Ease Release oder 3M Super 77? Damit l\u00e4sst sich die Form leicht abl\u00f6sen (Entformungstechniken sind wichtig!).<\/li>\n<li><b><\/b><strong><b>Silikon mischen:<\/b><\/strong>Gie\u00dfe Teil A und Teil B in eine Tasse. Gut mischen! Mischen Sie langsam, um Blasen in der Silikonform zu vermeiden. Verwenden Sie das richtige Mischungsverh\u00e4ltnis.<\/li>\n<li><b><\/b><strong><b>Langsam einschenken:<\/b><\/strong>Gie\u00dfen Sie das Silikon in den Kasten. Beginnen Sie niedrig und lassen Sie es nach oben flie\u00dfen. Das hilft, Blasen zu vermeiden. (Eine Entl\u00fcftung der Silikonform kann ebenfalls helfen). Verwenden Sie eventuell vakuumentgasendes Silikon f\u00fcr perfekte Ergebnisse.<\/li>\n<li><b><\/b><strong><b>Warten Sie:<\/b><\/strong>Lassen Sie das Silikon trocknen (Aush\u00e4rtungszeit des Silikons). Das dauert ein paar Stunden 1. Nichts \u00fcberst\u00fcrzen! Warten Sie die Trocknungszeit der Silikonform ab.<\/li>\n<li><b><\/b><strong><b>Open Mold:<\/b><\/strong>Nehmen Sie die W\u00e4nde ab. Ziehen Sie vorsichtig die\u00a0<strong><b>Form<\/b><\/strong>\u00a0aus\u00a0<strong><b>Ihr<\/b><\/strong> Seien Sie vorsichtig mit den R\u00e4ndern der Silikonformen.<\/li>\n<li><b><\/b><strong><b>Bereit zum Gie\u00dfen:<\/b><\/strong>Jetzt hast du eine Form! Du kannst Harz, Schaumstoff oder andere Dinge in sie gie\u00dfen. Vielleicht mit Smooth-Cast-Harz? Oder beschichten Sie die Abdr\u00fccke zuerst mit XTC-3D?<\/li>\n<\/ol>\n<h2><strong><b>\u00a0<\/b><\/strong><\/h2>\n<h4>Tipps f\u00fcr tolle Schimmelpilze<\/h4>\n<ul>\n<li><b><\/b><strong><b>Sauberer Raum:<\/b><\/strong>Work cle Dust ist schlecht f\u00fcr Silikonformen. Pr\u00fcfen Sie auf Verunreinigungen der Silikonformen.<\/li>\n<li><b><\/b><strong><b>Gute Luft:<\/b><\/strong>Arbeiten Sie an einem Ort mit frischer Luft. Die Bel\u00fcftung der Silikonform ist gut. Pr\u00fcfen Sie die Informationen zur Toxizit\u00e4t von Silikonformen (unsere sind sicher!).<\/li>\n<li><b><\/b><strong><b>Trennmittel:<\/b><\/strong><em><i>Immer<\/i><\/em>\u00a0Formtrennmittel verwenden!  Besonders bei Harz 6. Auch die Vermeidung von Schimmelbildung hilft.<\/li>\n<li><b><\/b><strong><b>Verdickungsmittel:<\/b><\/strong>Sie brauchen dickes Silikon f\u00fcr W\u00e4nde? Verwenden Sie Thi-Vex. Macht Pinsel auf Silikonformen Wie f\u00fcr einen Handschuh Formen f\u00fcr Cosplay.<\/li>\n<li><b><\/b><strong><b>Shell unterst\u00fctzen:<\/b><\/strong>F\u00fcr gro\u00dfe, schlaffe Formen machen Sie au\u00dfen eine harte Schale. Verwenden Sie Gipsstreifen oder Free Form AIR Epoxid-Kitt 8. Dies ist eine Silikonform Unterst\u00fctzung Schalen.<\/li>\n<li><b><\/b><strong><b>Lagerung:<\/b><\/strong>H\u00e4lt Ihre Formen sauber und flach. Hilft bei der Lagerung von Silikonformen und erh\u00f6ht die Lebensdauer von Silikonformen. Vermeiden Sie die Verformung von Silikonformen.<\/li>\n<li><b><\/b><strong><b>Reparieren:<\/b><\/strong>Kleiner Riss? Verwenden Sie Sil-Poxy f\u00fcr die Reparatur von Silikonformen.<\/li>\n<\/ul>\n<h2><strong><b> <img loading=\"lazy\" decoding=\"async\" class=\"aligncenter wp-image-3887 size-full lazyload\" src=\"data:image\/gif;base64,R0lGODlhAQABAIAAAAAAAP\/\/\/yH5BAEAAAAALAAAAAABAAEAAAIBRAA7\" data-src=\"https:\/\/topsilsilicone.com\/wp-content\/uploads\/silicone-for-dragon-cosplay-mold.webp\" alt=\"\" width=\"800\" height=\"800\" \/><noscript><img loading=\"lazy\" decoding=\"async\" class=\"aligncenter wp-image-3887 size-full lazyload\" src=\"https:\/\/topsilsilicone.com\/wp-content\/uploads\/silicone-for-dragon-cosplay-mold.webp\" alt=\"\" width=\"800\" height=\"800\" srcset=\"https:\/\/topsilsilicone.com\/wp-content\/uploads\/silicone-for-dragon-cosplay-mold.webp 800w, https:\/\/topsilsilicone.com\/wp-content\/uploads\/silicone-for-dragon-cosplay-mold-300x300.webp 300w, https:\/\/topsilsilicone.com\/wp-content\/uploads\/silicone-for-dragon-cosplay-mold-150x150.webp 150w, https:\/\/topsilsilicone.com\/wp-content\/uploads\/silicone-for-dragon-cosplay-mold-768x768.webp 768w, https:\/\/topsilsilicone.com\/wp-content\/uploads\/silicone-for-dragon-cosplay-mold-600x600.webp 600w, https:\/\/topsilsilicone.com\/wp-content\/uploads\/silicone-for-dragon-cosplay-mold-100x100.webp 100w\" sizes=\"(max-width: 800px) 100vw, 800px\" \/><\/noscript><\/b><\/strong><\/h2>\n<h4>Mehr coole Sachen<\/h4>\n<p>Dieses Silikon ist f\u00fcr viele Dinge geeignet!<\/p>\n<ul>\n<li><b><\/b><strong><b>Requisitenbau:<\/b><\/strong>Filmrequisiten herstellen 3. Silikon f\u00fcr nachgebaute Requisiten!<\/li>\n<li><b><\/b><strong><b>Spezialeffekte:<\/b><\/strong>Verwendung f\u00fcr Make-up fx 3. Wie falsche Schnitte oder Monsterhaut. Die Stan-Winston-Schule lehrt dies.<\/li>\n<li><b><\/b><strong><b>Prototypen:\u00a0<\/b><\/strong>Stellen Sie schnell Testteile her. Erkunden Sie unser\u00a0<a href=\"http:\/\/topsilsilicone.com\/de\/produkt\/platinvernetzung-silikonkautschuk-formenbau\/\">Silikon f\u00fcr den schnellen Prototyping-Spritzguss<\/a><\/li>\n<li><b><\/b><strong><b>Andere Handwerke:<\/b><\/strong>Gut geeignet f\u00fcr Kerzenformen, Seifenformen, sogar lebensmittelechte Silikonformen (vorher Produktsicherheit pr\u00fcfen!). Versuchen Sie vielleicht Oomoo f\u00fcr einfache Formen.<\/li>\n<\/ul>\n<p>&nbsp;<\/p>\n<p>Ber\u00fccksichtigen Sie die Silikonviskosit\u00e4t, die Shore-H\u00e4rte des Silikons und die Topfzeit des Silikons f\u00fcr Ihr Projekt. Vermeiden Sie Silikoninhibitoren (wie Schwefelton). Verwenden Sie f\u00fcr mehrteilige Silikonformen Formregistrierschl\u00fcssel.<\/p>\n<p>Denken Sie \u00fcber 3D-gedruckte Formen mit Formlabs-Druckern und ZBrush- oder Blender-Software nach. Zubeh\u00f6r finden Sie bei Michaels, Hobby Lobby, Brick in the Yard (BITY Mold Supply), Freeman Supply, TAP Plastics oder Reynolds Advanced Materials. Suchen Sie nach Burman Industries oder Monster Makers f\u00fcr FX-Zubeh\u00f6r. Schauen Sie sich ProtoPutty oder EcoFlex f\u00fcr andere Bed\u00fcrfnisse an.<\/p>\n<p><img loading=\"lazy\" decoding=\"async\" class=\"aligncenter wp-image-3867 lazyload\" src=\"data:image\/gif;base64,R0lGODlhAQABAIAAAAAAAP\/\/\/yH5BAEAAAAALAAAAAABAAEAAAIBRAA7\" data-src=\"https:\/\/topsilsilicone.com\/wp-content\/uploads\/3-2-1024x867.webp\" alt=\"\" width=\"800\" height=\"677\" \/><noscript><img loading=\"lazy\" decoding=\"async\" class=\"aligncenter wp-image-3867 lazyload\" src=\"https:\/\/topsilsilicone.com\/wp-content\/uploads\/3-2-1024x867.webp\" alt=\"\" width=\"800\" height=\"677\" srcset=\"https:\/\/topsilsilicone.com\/wp-content\/uploads\/3-2-1024x867.webp 1024w, https:\/\/topsilsilicone.com\/wp-content\/uploads\/3-2-300x254.webp 300w, https:\/\/topsilsilicone.com\/wp-content\/uploads\/3-2-768x650.webp 768w, https:\/\/topsilsilicone.com\/wp-content\/uploads\/3-2-600x508.webp 600w, https:\/\/topsilsilicone.com\/wp-content\/uploads\/3-2.webp 1318w\" sizes=\"(max-width: 800px) 100vw, 800px\" \/><\/noscript><\/p>\n<p>Erfahren Sie mehr mit Online-Tutorials zu Silikonformen, vielleicht vom Make: Magazine. Informieren Sie sich \u00fcber kundenspezifische Silikonformen, die Pr\u00e4zision von Silikonformen und die Kosten von Silikonformen. Erkundigen Sie sich nach dem Kauf von Silikon in gro\u00dfen Mengen. Denken Sie \u00fcber umweltfreundliches Silikon und die sichere Entsorgung von Silikonformen nach. Informieren Sie sich \u00fcber Silikonspritzguss oder Silikonpressformen f\u00fcr gro\u00dfe Auftr\u00e4ge. Vielleicht sollten Sie sich informieren \u00fcber <a href=\"http:\/\/topsilsilicone.com\/de\/produkt\/zweikomponenten-silikon-fur-wiederverwendbare-vakuumbeutel\/\">Silikon f\u00fcr das Gie\u00dfen von Vakuumbeuteln<\/a>\u00a0f\u00fcr fortgeschrittene Arbeiten.<\/p>\n<p>&nbsp;<\/p>\n<p>Wir befassen uns mit der Beschaffenheit von Silikonformen, der Weichheit von Silikonformen, der Flexibilit\u00e4t von Silikonformen, der Dehnbarkeit von Silikonformen, der Dicke von Silikonformen, den N\u00e4hten von Silikonformen, der Verst\u00e4rkung von Silikonformen, der Oberfl\u00e4chenbeschaffenheit von Silikonformen, Innovationen bei Silikonformen, k\u00e4ltebest\u00e4ndigem Silikon, der thermischen Stabilit\u00e4t von Silikonformen und der Frage, wo man Silikon kaufen kann.<\/p>\n<h2><strong><b>\u00a0<\/b><\/strong><\/h2>\n<h4>Holen Sie sich Ihre jetzt!<\/h4>\n<p>Bist du bereit f\u00fcr ein tolles Cosplay? Kaufen Sie dieses einfache Silikon noch heute! Lassen Sie Ihr Traumkost\u00fcm wahr werden.<\/p>\n<p>&nbsp;<\/p>\n<p>&nbsp;<\/p>\n<p>&nbsp;<\/p>\n<\/div>\n<div class=\"ds-flex\">\n<div class=\"ds-flex abe97156\">\n<div class=\"ds-icon-button\" tabindex=\"0\"><\/div>\n<\/div>\n<\/div>\n<\/div>\n<\/div>\n<div class=\"cbcaa82c\">\n<div class=\"aaff8b8f\">\n<div class=\"cefa5c26\">\n<div class=\"dd442025 b699646e\">\n<div class=\"ec4f5d61\">\n<div class=\"ds-button ds-button--primary ds-button--filled ds-button--rect ds-button--m d9f56c96\" tabindex=\"0\" role=\"button\"><\/div>\n<div class=\"bf38813a\">\n<div class=\"f02f0e25\">\n<div class=\"ds-icon\"><\/div>\n<\/div>\n<div class=\"f6d670 bcc55ca1\" role=\"button\" aria-disabled=\"true\">\n<div class=\"f286936b\">\n<div class=\"ds-icon\"><\/div>\n<\/div>\n<\/div>\n<\/div>\n<\/div>\n<\/div>\n<\/div>\n<\/div>\n<\/div>","protected":false},"excerpt":{"rendered":"<p>Entdecken Sie, wie Sie hochwertige Silikonformen f\u00fcr Cosplay mit erschwinglichen Materialien herstellen k\u00f6nnen. Erfahre Tipps zur Herstellung von Formen und zum Gie\u00dfen mit Epoxid und Urethan f\u00fcr atemberaubende Ergebnisse!<\/p>\n<p><strong><b>F\u00fcr den Preis,<\/b><\/strong>\u00a0wenden Sie sich bitte an uns. Ein detailliertes Angebot wird Ihnen zugesandt.<\/p>\n<p><strong><b>Zur Probe:\u00a0<\/b><\/strong>kostenlos zur Verf\u00fcgung gestellt, Versandkosten gehen zu Lasten des Kunden<\/p>\n<p><strong><b>MOQ:<\/b><\/strong>\u00a0200kgsh<\/p>\n<p><strong><b>H.S. Code:<\/b><\/strong>\u00a039100000<\/p>\n<p><strong><b>Fachbegriff:<\/b><\/strong>\u00a0EXW\/FOB\/CFR\/CIF\uff0fDDU sind verf\u00fcgbar<\/p>","protected":false},"featured_media":3886,"comment_status":"open","ping_status":"closed","template":"","meta":{"_uag_custom_page_level_css":""},"product_brand":[],"product_cat":[76],"product_tag":[],"class_list":{"0":"post-3842","1":"product","2":"type-product","3":"status-publish","4":"has-post-thumbnail","6":"product_cat-uncategorized","8":"first","9":"instock","10":"shipping-taxable","11":"product-type-simple"},"uagb_featured_image_src":{"full":["https:\/\/topsilsilicone.com\/wp-content\/uploads\/silicone-for-cosplay-role-molding.webp",800,800,false],"thumbnail":["https:\/\/topsilsilicone.com\/wp-content\/uploads\/silicone-for-cosplay-role-molding-150x150.webp",150,150,true],"medium":["https:\/\/topsilsilicone.com\/wp-content\/uploads\/silicone-for-cosplay-role-molding-300x300.webp",300,300,true],"medium_large":["https:\/\/topsilsilicone.com\/wp-content\/uploads\/silicone-for-cosplay-role-molding-768x768.webp",768,768,true],"large":["https:\/\/topsilsilicone.com\/wp-content\/uploads\/silicone-for-cosplay-role-molding.webp",800,800,false],"1536x1536":["https:\/\/topsilsilicone.com\/wp-content\/uploads\/silicone-for-cosplay-role-molding.webp",800,800,false],"2048x2048":["https:\/\/topsilsilicone.com\/wp-content\/uploads\/silicone-for-cosplay-role-molding.webp",800,800,false],"trp-custom-language-flag":["https:\/\/topsilsilicone.com\/wp-content\/uploads\/silicone-for-cosplay-role-molding.webp",12,12,false],"woocommerce_thumbnail":["https:\/\/topsilsilicone.com\/wp-content\/uploads\/silicone-for-cosplay-role-molding-300x300.webp",300,300,true],"woocommerce_single":["https:\/\/topsilsilicone.com\/wp-content\/uploads\/silicone-for-cosplay-role-molding-600x600.webp",600,600,true],"woocommerce_gallery_thumbnail":["https:\/\/topsilsilicone.com\/wp-content\/uploads\/silicone-for-cosplay-role-molding-100x100.webp",100,100,true]},"uagb_author_info":{"display_name":"Brian","author_link":"https:\/\/topsilsilicone.com\/de\/author\/"},"uagb_comment_info":0,"uagb_excerpt":"Discover how to create high-quality silicone molds for cosplay using affordable materials. Learn tips on mold making and casting with epoxy and urethane for stunning results! For the price,\u00a0please contact us, A details quotation of this will be sent to you for reference. For Sample:\u00a0free provided, shipping cost afford by customer MOQ:\u00a0200kgsh H.S Code:\u00a039100000 Trade&hellip;","_links":{"self":[{"href":"https:\/\/topsilsilicone.com\/de\/wp-json\/wp\/v2\/product\/3842","targetHints":{"allow":["GET"]}}],"collection":[{"href":"https:\/\/topsilsilicone.com\/de\/wp-json\/wp\/v2\/product"}],"about":[{"href":"https:\/\/topsilsilicone.com\/de\/wp-json\/wp\/v2\/types\/product"}],"replies":[{"embeddable":true,"href":"https:\/\/topsilsilicone.com\/de\/wp-json\/wp\/v2\/comments?post=3842"}],"version-history":[{"count":1,"href":"https:\/\/topsilsilicone.com\/de\/wp-json\/wp\/v2\/product\/3842\/revisions"}],"predecessor-version":[{"id":3890,"href":"https:\/\/topsilsilicone.com\/de\/wp-json\/wp\/v2\/product\/3842\/revisions\/3890"}],"wp:featuredmedia":[{"embeddable":true,"href":"https:\/\/topsilsilicone.com\/de\/wp-json\/wp\/v2\/media\/3886"}],"wp:attachment":[{"href":"https:\/\/topsilsilicone.com\/de\/wp-json\/wp\/v2\/media?parent=3842"}],"wp:term":[{"taxonomy":"product_brand","embeddable":true,"href":"https:\/\/topsilsilicone.com\/de\/wp-json\/wp\/v2\/product_brand?post=3842"},{"taxonomy":"product_cat","embeddable":true,"href":"https:\/\/topsilsilicone.com\/de\/wp-json\/wp\/v2\/product_cat?post=3842"},{"taxonomy":"product_tag","embeddable":true,"href":"https:\/\/topsilsilicone.com\/de\/wp-json\/wp\/v2\/product_tag?post=3842"}],"curies":[{"name":"wp","href":"https:\/\/api.w.org\/{rel}","templated":true}]}}