{"id":3386,"date":"2024-09-14T18:18:43","date_gmt":"2024-09-14T10:18:43","guid":{"rendered":"http:\/\/topsilsilicone.com\/?post_type=product&#038;p=3386"},"modified":"2026-04-20T15:15:55","modified_gmt":"2026-04-20T07:15:55","slug":"sellado-del-filtro-de-aire","status":"publish","type":"product","link":"https:\/\/topsilsilicone.com\/es\/producto\/sellado-del-filtro-de-aire\/","title":{"rendered":"Gel de silicona para sellado de filtros de aire"},"content":{"rendered":"<h2>Juntas HEPA perfectas: Gel de silicona avanzado para una pureza del aire cr\u00edtica<\/h2>\n<p>Para conseguir una pureza del aire impecable en salas blancas, laboratorios y procesos de fabricaci\u00f3n sensibles, la integridad de su filtro HEPA es primordial. El sellado lo es todo. Como fabricantes especializados en gel de silicona, ofrecemos el gel de silicona l\u00edquida avanzado para aplicaciones de sellado con gel de filtros HEPA robustos. Nuestro producto garantiza que sus sistemas de filtraci\u00f3n de aire alcancen la m\u00e1xima eficacia con un sellado duradero y autorreparable. As\u00f3ciese directamente con nuestra f\u00e1brica de gel de silicona para obtener f\u00f3rmulas superiores de caucho de silicona l\u00edquida, garantizando que sus filtros de aire HEPA cumplen las normas m\u00e1s exigentes.<\/p>\n<h2><strong><b> <img fetchpriority=\"high\" decoding=\"async\" class=\"aligncenter wp-image-3703 size-full lazyload\" src=\"data:image\/gif;base64,R0lGODlhAQABAIAAAAAAAP\/\/\/yH5BAEAAAAALAAAAAABAAEAAAIBRAA7\" data-src=\"http:\/\/topsilsilicone.com\/wp-content\/uploads\/silicone-gel-for-filters-.webp\" alt=\"\" width=\"770\" height=\"602\" \/><noscript><img decoding=\"async\" class=\"aligncenter wp-image-3703 size-full lazyload\" src=\"http:\/\/topsilsilicone.com\/wp-content\/uploads\/silicone-gel-for-filters-.webp\" alt=\"\" width=\"770\" height=\"602\" srcset=\"https:\/\/topsilsilicone.com\/wp-content\/uploads\/silicone-gel-for-filters-.webp 770w, https:\/\/topsilsilicone.com\/wp-content\/uploads\/silicone-gel-for-filters--300x235.webp 300w, https:\/\/topsilsilicone.com\/wp-content\/uploads\/silicone-gel-for-filters--768x600.webp 768w, https:\/\/topsilsilicone.com\/wp-content\/uploads\/silicone-gel-for-filters--600x469.webp 600w\" sizes=\"(max-width: 770px) 100vw, 770px\" \/><\/noscript><\/b><\/strong><\/h2>\n<h2>El papel vital del sello de gel del filtro HEPA<\/h2>\n<p>Las fugas de paso socavan cualquier filtro HEPA. Nuestro gel de silicona para aplicaciones de sellado en gel de filtros HEPA crea un sellado flexible y herm\u00e9tico en el marco del filtro, superando a las juntas tradicionales.<\/p>\n<ul>\n<li><strong>Propiedad autocurativa:<\/strong> Nuestra silicona en gel se endurece a temperatura ambiente formando un gel pegajoso. Si se altera, el sellante se reforma, manteniendo la integridad del filtro y salvaguardando la pureza del aire. Esto es fundamental para las exigentes aplicaciones de filtros H14 o ULPA en farmacias o salas blancas para la fabricaci\u00f3n de microchips.<\/li>\n<li><strong>Optimizado para el encapsulado:<\/strong> La viscosidad de nuestra silicona l\u00edquida garantiza una f\u00e1cil aplicaci\u00f3n y un encapsulado homog\u00e9neo Nuestra amplia experiencia en silicona tambi\u00e9n se demuestra en productos como <a href=\"https:\/\/www.google.com\/search?q=http:\/\/topsilsilicone.com\/silicone-for-rapid-protyping-molding\/\"><u>Silicona para moldeo r\u00e1pido de prototipos<\/u><\/a>.<strong><b>\u00a0<\/b><\/strong><\/li>\n<\/ul>\n<h2>Asociaci\u00f3n directa con el fabricante: Rendimiento y personalizaci\u00f3n<\/h2>\n<p>Trabajar directamente con nosotros, un fabricante de gel de silicona, ofrece ventajas clave:<\/p>\n<ul>\n<li><strong>Soluciones a medida:<\/strong> Adaptamos la dureza, la viscosidad, el tiempo de curado y el color del gel a sus necesidades concretas Fabricaci\u00f3n de filtros HEPA y encapsulado de filtros de aire Nuestros avanzados procesos de producci\u00f3n garantizan una uni\u00f3n perfecta a cualquier marco de filtro.<\/li>\n<li><strong>Superioridad material:<\/strong> Nuestro caucho de silicona l\u00edquida de curado con platino ofrece una excelente resistencia qu\u00edmica y soporta temperaturas extremas y la humedad. Es ideal para entornos sensibles, como los sistemas de aire acondicionado de los hospitales. Explore m\u00e1s a fondo nuestras capacidades con <a href=\"https:\/\/www.google.com\/search?q=http:\/\/topsilsilicone.com\/silicone-for-vacuum-bag-casting\/\"><u>Silicona para fundici\u00f3n en bolsas de vac\u00edo<\/u><\/a>.<\/li>\n<\/ul>\n<p><img decoding=\"async\" class=\"aligncenter wp-image-3704 size-full lazyload\" src=\"data:image\/gif;base64,R0lGODlhAQABAIAAAAAAAP\/\/\/yH5BAEAAAAALAAAAAABAAEAAAIBRAA7\" data-src=\"http:\/\/topsilsilicone.com\/wp-content\/uploads\/silicone-gel.webp\" alt=\"\" width=\"776\" height=\"274\" \/><noscript><img loading=\"lazy\" decoding=\"async\" class=\"aligncenter wp-image-3704 size-full lazyload\" src=\"http:\/\/topsilsilicone.com\/wp-content\/uploads\/silicone-gel.webp\" alt=\"\" width=\"776\" height=\"274\" srcset=\"https:\/\/topsilsilicone.com\/wp-content\/uploads\/silicone-gel.webp 776w, https:\/\/topsilsilicone.com\/wp-content\/uploads\/silicone-gel-300x106.webp 300w, https:\/\/topsilsilicone.com\/wp-content\/uploads\/silicone-gel-768x271.webp 768w, https:\/\/topsilsilicone.com\/wp-content\/uploads\/silicone-gel-600x212.webp 600w\" sizes=\"(max-width: 776px) 100vw, 776px\" \/><\/noscript><\/p>\n<p><strong>\u00a0<\/strong><\/p>\n<p>&nbsp;<\/p>\n<p><strong>Datos t\u00e9cnicos clave:<\/strong><\/p>\n<p><img loading=\"lazy\" decoding=\"async\" class=\"aligncenter wp-image-3705 size-full lazyload\" src=\"data:image\/gif;base64,R0lGODlhAQABAIAAAAAAAP\/\/\/yH5BAEAAAAALAAAAAABAAEAAAIBRAA7\" data-src=\"http:\/\/topsilsilicone.com\/wp-content\/uploads\/Silicone-Gel-Data-sheet.webp\" alt=\"\" width=\"744\" height=\"714\" \/><noscript><img loading=\"lazy\" decoding=\"async\" class=\"aligncenter wp-image-3705 size-full lazyload\" src=\"http:\/\/topsilsilicone.com\/wp-content\/uploads\/Silicone-Gel-Data-sheet.webp\" alt=\"\" width=\"744\" height=\"714\" srcset=\"https:\/\/topsilsilicone.com\/wp-content\/uploads\/Silicone-Gel-Data-sheet.webp 744w, https:\/\/topsilsilicone.com\/wp-content\/uploads\/Silicone-Gel-Data-sheet-300x288.webp 300w, https:\/\/topsilsilicone.com\/wp-content\/uploads\/Silicone-Gel-Data-sheet-600x576.webp 600w\" sizes=\"(max-width: 744px) 100vw, 744px\" \/><\/noscript><\/p>\n<p><em>Si es necesario, tambi\u00e9n ofrecemos la personalizaci\u00f3n a su <\/em><strong>filtro<\/strong><em>\u00a0especificaciones.<\/em><\/p>\n<h2>\u00bfPor qu\u00e9 elegirnos para el sellado de gel de su filtro HEPA?<\/h2>\n<p>Para los fabricantes de filtros HEPA y las empresas de sellado de filtros de aire, seleccionar al proveedor adecuado es crucial. Como plantas de fabricaci\u00f3n directa de productos como el gel de silicona, cumplimos:<\/p>\n<ul>\n<li><strong>Beneficios directos de f\u00e1brica:<\/strong> Calidad constante, suministro fiable para el encapsulado de filtros de aire<\/li>\n<li><strong>Formulaci\u00f3n especializada:<\/strong> Gel de silicona RTV2 dise\u00f1ado para un sellado \u00f3ptimo del filtro HEPA.<\/li>\n<li><strong>Personalizaci\u00f3n total:<\/strong> Propiedades de la silicona l\u00edquida adaptadas a su producci\u00f3n.<\/li>\n<li><strong>Apoyo de expertos:<\/strong> Colaboramos con f\u00e1bricas de filtros de aire para garantizar un rendimiento \u00f3ptimo en la protecci\u00f3n de entornos frente a las part\u00edculas de aire Nuestros amplios conocimientos sobre silicona benefician a aplicaciones como <a href=\"http:\/\/topsilsilicone.com\/es\/producto\/silicones-for-orthotic-application-2\/\"><u>Siliconas para aplicaciones prot\u00e9sicas<\/u><\/a>\u00a0e incluso <a href=\"http:\/\/topsilsilicone.com\/es\/producto\/silicones-for-orthotic-application\/\"><u>Silicona para plantillas<\/u><\/a>.<\/li>\n<\/ul>\n<p>Nuestro compuesto de sellado de gel garantiza la eficacia del filtro, algo fundamental para los sectores farmac\u00e9utico y microelectr\u00f3nico que utilizan filtros ULPA (aire de penetraci\u00f3n ultrabaja). La propiedad autorregenerativa de nuestro gel de silicona ofrece una fiabilidad inigualable. Este enfoque de calidad tambi\u00e9n se aprecia en nuestras l\u00edneas especializadas como <a href=\"http:\/\/topsilsilicone.com\/es\/producto\/tampon-antiestatico-silicona-de-impresion\/\"><u>Tamp\u00f3n antiest\u00e1tico de silicona<\/u><\/a>\u00a0<strong>\u00a0<\/strong><\/p>\n<p><strong><img loading=\"lazy\" decoding=\"async\" class=\"aligncenter wp-image-3697 size-full lazyload\" src=\"data:image\/gif;base64,R0lGODlhAQABAIAAAAAAAP\/\/\/yH5BAEAAAAALAAAAAABAAEAAAIBRAA7\" data-src=\"http:\/\/topsilsilicone.com\/wp-content\/uploads\/silicone-gel-for-air-filer-sealing.webp\" alt=\"\" width=\"800\" height=\"800\" \/><noscript><img loading=\"lazy\" decoding=\"async\" class=\"aligncenter wp-image-3697 size-full lazyload\" src=\"http:\/\/topsilsilicone.com\/wp-content\/uploads\/silicone-gel-for-air-filer-sealing.webp\" alt=\"\" width=\"800\" height=\"800\" srcset=\"https:\/\/topsilsilicone.com\/wp-content\/uploads\/silicone-gel-for-air-filer-sealing.webp 800w, https:\/\/topsilsilicone.com\/wp-content\/uploads\/silicone-gel-for-air-filer-sealing-300x300.webp 300w, https:\/\/topsilsilicone.com\/wp-content\/uploads\/silicone-gel-for-air-filer-sealing-150x150.webp 150w, https:\/\/topsilsilicone.com\/wp-content\/uploads\/silicone-gel-for-air-filer-sealing-768x768.webp 768w, https:\/\/topsilsilicone.com\/wp-content\/uploads\/silicone-gel-for-air-filer-sealing-600x600.webp 600w, https:\/\/topsilsilicone.com\/wp-content\/uploads\/silicone-gel-for-air-filer-sealing-100x100.webp 100w\" sizes=\"(max-width: 800px) 100vw, 800px\" \/><\/noscript>\u00a0<\/strong><\/p>\n<p><strong>Uso b\u00e1sico:<\/strong><\/p>\n<ol>\n<li><strong>Prep: <\/strong>Limpiar el marco del filtro<\/li>\n<li><strong>Mezcla:<\/strong>Combinar la silicona l\u00edquida de dos componentes seg\u00fan las instrucciones.<\/li>\n<li><strong>Aplicar: <\/strong>Dispensar gel en el canal.<\/li>\n<li><strong>Cura:<\/strong>Dejar curar (normalmente a temperatura ambiente).<\/li>\n<li><strong>Instalar y probar: <\/strong>Confirmar el ajuste sin fugas.<\/li>\n<\/ol>\n<p>Nuestros geles de silicona de curado por platino son respetuosos con el medio ambiente y tienen un bajo contenido en COV.<\/p>\n<p><em>\"Este <\/em>gel de silicona<em>\u00a0mejorado nuestro HEPA <\/em>filtro<em>\u00a0integridad. En <\/em>autocuraci\u00f3n<em>\u00a0y directa <\/em>fabricante<em>\u00a0apoyo son inestimables\".<\/em>\u00a0&#8211; <strong>Cliente satisfecho (Sector Filtraci\u00f3n)<\/strong><\/p>\n<p>Eleve el rendimiento de su filtro HEPA. Como f\u00e1brica especializada en caucho de silicona y gel de silicona, proporcionamos a los fabricantes de filtros HEPA gel de silicona l\u00edquida de calidad superior. P\u00f3ngase en contacto con nosotros para hablar de sus necesidades de sellado de gel para filtros HEPA y mejorar la calidad de sus productos.<\/p>\n<h2><strong>Producto<\/strong> Ventajas<strong> Resumen (punto de vista del cliente):<\/strong><\/h2>\n<p>Garantice la m\u00e1xima pureza del aire con nuestra junta de gel HEPA autorregenerativa. Silicona personalizada directa de f\u00e1brica para una fiabilidad de filtrado inigualable. P\u00f3ngase en contacto con nosotros<\/p>\n<p><strong>Almacenamiento:<\/strong><\/p>\n<p>Conservar en lugar fresco y seco 18 meses a partir de la fecha de producci\u00f3n.<\/p>\n<p><strong>Consejos c\u00e1lidos:<\/strong><\/p>\n<p>* Debe almacenarse en un lugar seco en su envase original cerrado.<\/p>\n<p>* Lea atentamente la ficha de datos de seguridad del producto (MSDS) antes de utilizarlo, que puede solicitar al proveedor.<\/p>\n<p>&nbsp;<\/p>","protected":false},"excerpt":{"rendered":"<p>Topsil Silicone Gel TP-012 es un caucho de silicona RTV-2 vertible, de curado por adici\u00f3n, que vulcaniza a temperatura ambiente. Con el retardante de llama, UL-listado 94HB, y resistencia a altas temperaturas y resistencia a la intemperie excepcional, es excelente para el encapsulado de componentes electr\u00f3nicos para las industrias de automoci\u00f3n y electr\u00f3nica de potencia; encapsulaci\u00f3n de c\u00e9lulas solares; producci\u00f3n de elementos de amortiguaci\u00f3n; sellado de filtros de sala limpia.<\/p>","protected":false},"featured_media":3697,"comment_status":"open","ping_status":"closed","template":"","meta":{"_uag_custom_page_level_css":""},"product_brand":[],"product_cat":[129],"product_tag":[107],"class_list":{"0":"post-3386","1":"product","2":"type-product","3":"status-publish","4":"has-post-thumbnail","6":"product_cat-electronic-silicone-gel","7":"product_tag-platinum-cure-silicone-rubber","9":"first","10":"instock","11":"shipping-taxable","12":"product-type-simple"},"uagb_featured_image_src":{"full":["https:\/\/topsilsilicone.com\/wp-content\/uploads\/silicone-gel-for-air-filer-sealing.webp",800,800,false],"thumbnail":["https:\/\/topsilsilicone.com\/wp-content\/uploads\/silicone-gel-for-air-filer-sealing-150x150.webp",150,150,true],"medium":["https:\/\/topsilsilicone.com\/wp-content\/uploads\/silicone-gel-for-air-filer-sealing-300x300.webp",300,300,true],"medium_large":["https:\/\/topsilsilicone.com\/wp-content\/uploads\/silicone-gel-for-air-filer-sealing-768x768.webp",768,768,true],"large":["https:\/\/topsilsilicone.com\/wp-content\/uploads\/silicone-gel-for-air-filer-sealing.webp",800,800,false],"1536x1536":["https:\/\/topsilsilicone.com\/wp-content\/uploads\/silicone-gel-for-air-filer-sealing.webp",800,800,false],"2048x2048":["https:\/\/topsilsilicone.com\/wp-content\/uploads\/silicone-gel-for-air-filer-sealing.webp",800,800,false],"trp-custom-language-flag":["https:\/\/topsilsilicone.com\/wp-content\/uploads\/silicone-gel-for-air-filer-sealing.webp",12,12,false],"woocommerce_thumbnail":["https:\/\/topsilsilicone.com\/wp-content\/uploads\/silicone-gel-for-air-filer-sealing-300x300.webp",300,300,true],"woocommerce_single":["https:\/\/topsilsilicone.com\/wp-content\/uploads\/silicone-gel-for-air-filer-sealing-600x600.webp",600,600,true],"woocommerce_gallery_thumbnail":["https:\/\/topsilsilicone.com\/wp-content\/uploads\/silicone-gel-for-air-filer-sealing-100x100.webp",100,100,true]},"uagb_author_info":{"display_name":"Brian","author_link":"https:\/\/topsilsilicone.com\/es\/author\/"},"uagb_comment_info":0,"uagb_excerpt":"Topsil Silicone Gel TP-012 is a pourable, addition-curing, RTV-2 silicone rubber that vulcanizes at room temperature. With the flame retardant, UL-listed 94HB, and high temperature resistance and outstanding weather resistance, it's excellent for encapsulation of electronic components for the automotive and power electronics industries; encapsulation of solar cells; production of damping elements; sealing of clean&hellip;","_links":{"self":[{"href":"https:\/\/topsilsilicone.com\/es\/wp-json\/wp\/v2\/product\/3386","targetHints":{"allow":["GET"]}}],"collection":[{"href":"https:\/\/topsilsilicone.com\/es\/wp-json\/wp\/v2\/product"}],"about":[{"href":"https:\/\/topsilsilicone.com\/es\/wp-json\/wp\/v2\/types\/product"}],"replies":[{"embeddable":true,"href":"https:\/\/topsilsilicone.com\/es\/wp-json\/wp\/v2\/comments?post=3386"}],"version-history":[{"count":4,"href":"https:\/\/topsilsilicone.com\/es\/wp-json\/wp\/v2\/product\/3386\/revisions"}],"predecessor-version":[{"id":6431,"href":"https:\/\/topsilsilicone.com\/es\/wp-json\/wp\/v2\/product\/3386\/revisions\/6431"}],"wp:featuredmedia":[{"embeddable":true,"href":"https:\/\/topsilsilicone.com\/es\/wp-json\/wp\/v2\/media\/3697"}],"wp:attachment":[{"href":"https:\/\/topsilsilicone.com\/es\/wp-json\/wp\/v2\/media?parent=3386"}],"wp:term":[{"taxonomy":"product_brand","embeddable":true,"href":"https:\/\/topsilsilicone.com\/es\/wp-json\/wp\/v2\/product_brand?post=3386"},{"taxonomy":"product_cat","embeddable":true,"href":"https:\/\/topsilsilicone.com\/es\/wp-json\/wp\/v2\/product_cat?post=3386"},{"taxonomy":"product_tag","embeddable":true,"href":"https:\/\/topsilsilicone.com\/es\/wp-json\/wp\/v2\/product_tag?post=3386"}],"curies":[{"name":"wp","href":"https:\/\/api.w.org\/{rel}","templated":true}]}}