{"id":3706,"date":"2025-02-18T16:22:29","date_gmt":"2025-02-18T08:22:29","guid":{"rendered":"http:\/\/topsilsilicone.com\/?post_type=product&#038;p=3706"},"modified":"2026-04-29T15:47:18","modified_gmt":"2026-04-29T07:47:18","slug":"gel-de-silicona-para-cables-aislados-y-accesorios-de-cables","status":"publish","type":"product","link":"https:\/\/topsilsilicone.com\/es\/producto\/gel-de-silicona-para-cables-aislados-y-accesorios-de-cables\/","title":{"rendered":"Gel de silicona para cables aislados y accesorios de cables"},"content":{"rendered":"<div data-elementor-type=\"product-post\" data-elementor-id=\"3706\" class=\"elementor elementor-3706\" data-elementor-post-type=\"product\">\n\t\t\t\t\t\t<section class=\"elementor-section elementor-top-section elementor-element elementor-element-139da043 elementor-section-boxed elementor-section-height-default elementor-section-height-default\" data-id=\"139da043\" data-element_type=\"section\">\n\t\t\t\t\t\t<div class=\"elementor-container elementor-column-gap-default\">\n\t\t\t\t\t<div class=\"elementor-column elementor-col-100 elementor-top-column elementor-element elementor-element-473d9c6f\" data-id=\"473d9c6f\" data-element_type=\"column\">\n\t\t\t<div class=\"elementor-widget-wrap elementor-element-populated\">\n\t\t\t\t\t\t<div class=\"elementor-element elementor-element-59ea726e elementor-widget elementor-widget-text-editor\" data-id=\"59ea726e\" data-element_type=\"widget\" data-widget_type=\"text-editor.default\">\n\t\t\t\t<div class=\"elementor-widget-container\">\n\t\t\t\t\t\t\t\t\t<h2>Gel de silicona IP68 para uniones de cables: M\u00e1xima protecci\u00f3n, simplificada<\/h2><p>Proteger las conexiones el\u00e9ctricas de los elementos no es negociable. Para los fabricantes de accesorios para cables y cajas de empalmes, la fiabilidad del sellado de su producto puede definir su reputaci\u00f3n. Un solo fallo debido a la entrada de humedad o polvo conlleva costosas reparaciones y da\u00f1a la confianza. Como planta de fabricaci\u00f3n directa de caucho de silicona l\u00edquida avanzada, hemos dise\u00f1ado la soluci\u00f3n: un gel de silicona superior que proporciona un sellado permanente y fiable con una facilidad de uso inigualable o a\u00edsla algo.<\/p><p>Asociarse con nosotros -el fabricante- le proporciona una l\u00ednea directa con una calidad constante y conocimientos t\u00e9cnicos. Le proporcionamos la integridad de los materiales que necesita para fabricar productos duraderos.<\/p><h3><strong><b> <img fetchpriority=\"high\" decoding=\"async\" class=\"aligncenter wp-image-3714 size-large lazyload\" src=\"data:image\/gif;base64,R0lGODlhAQABAIAAAAAAAP\/\/\/yH5BAEAAAAALAAAAAABAAEAAAIBRAA7\" data-src=\"https:\/\/topsilsilicone.com\/wp-content\/uploads\/5-1024x580.webp\" alt=\"\" width=\"1024\" height=\"580\" \/><noscript><img decoding=\"async\" class=\"aligncenter wp-image-3714 size-large lazyload\" src=\"https:\/\/topsilsilicone.com\/wp-content\/uploads\/5-1024x580.webp\" alt=\"\" width=\"1024\" height=\"580\" srcset=\"https:\/\/topsilsilicone.com\/wp-content\/uploads\/5-1024x580.webp 1024w, https:\/\/topsilsilicone.com\/wp-content\/uploads\/5-300x170.webp 300w, https:\/\/topsilsilicone.com\/wp-content\/uploads\/5-768x435.webp 768w, https:\/\/topsilsilicone.com\/wp-content\/uploads\/5-1536x870.webp 1536w, https:\/\/topsilsilicone.com\/wp-content\/uploads\/5-2048x1160.webp 2048w, https:\/\/topsilsilicone.com\/wp-content\/uploads\/5-600x340.webp 600w\" sizes=\"(max-width: 1024px) 100vw, 1024px\" \/><\/noscript><\/b><\/strong><\/h3><h3><strong><b>\u00a0<\/b><\/strong><\/h3><h3>Protecci\u00f3n absoluta, garantizada<\/h3><p>Nuestra silicona est\u00e1 dise\u00f1ada para proporcionar una barrera s\u00f3lida contra las condiciones ambientales m\u00e1s duras. No es solo un relleno; es un aislante avanzado que garantiza la integridad operativa a largo plazo.<\/p><ul><li><strong>Sello impermeable IP68: <\/strong>El gel es intr\u00ednsecamente hidr\u00f3fobo, repeliendo activamente el agua para crear un sellado completo y permanente a prueba de agua y polvo alrededor de cualquier uni\u00f3n o conector de cables.<\/li><li><strong>Alto aislamiento el\u00e9ctrico:<\/strong>Gracias a su elevada rigidez diel\u00e9ctrica, nuestra silicona evita la formaci\u00f3n de arcos y cortocircuitos, lo que la convierte en el aislamiento perfecto para una amplia gama de aplicaciones, desde iluminaci\u00f3n de baja tensi\u00f3n hasta cables el\u00e9ctricos de media tensi\u00f3n.<\/li><li><strong>Duradero y flexible:<\/strong>A diferencia de los compuestos de resina quebradizos que se agrietan bajo tensi\u00f3n, nuestra silicona sigue siendo un elast\u00f3mero flexible. Absorbe las vibraciones y la dilataci\u00f3n t\u00e9rmica sin perder su estanqueidad, lo que garantiza una protecci\u00f3n y un aislamiento duraderos. Su excelente resistencia qu\u00edmica y estabilidad frente a los rayos UV y la oxidaci\u00f3n evitan la degradaci\u00f3n con el paso del tiempo. Los principios del sellado duradero tambi\u00e9n son fundamentales en aplicaciones industriales exigentes como <a href=\"https:\/\/topsilsilicone.com\/es\/producto\/silicona-para-hacer-moldes-de-cosplay\/\"><u>Silicona para moldeado GRC\/GRG\/GFRC<\/u><\/a>.<\/li><\/ul><p>\"Nuestro objetivo era una soluci\u00f3n 'fit and forget'. Un sellado que funcionara al instante y durara d\u00e9cadas. Este gel de silicona lo consigue, proporcionando total confianza en cualquier instalaci\u00f3n el\u00e9ctrica.\"<\/p><h3><strong><b> <img decoding=\"async\" class=\"aligncenter wp-image-3715 size-full lazyload\" src=\"data:image\/gif;base64,R0lGODlhAQABAIAAAAAAAP\/\/\/yH5BAEAAAAALAAAAAABAAEAAAIBRAA7\" data-src=\"https:\/\/topsilsilicone.com\/wp-content\/uploads\/1.webp\" alt=\"\" width=\"622\" height=\"522\" \/><noscript><img loading=\"lazy\" decoding=\"async\" class=\"aligncenter wp-image-3715 size-full lazyload\" src=\"https:\/\/topsilsilicone.com\/wp-content\/uploads\/1.webp\" alt=\"\" width=\"622\" height=\"522\" srcset=\"https:\/\/topsilsilicone.com\/wp-content\/uploads\/1.webp 622w, https:\/\/topsilsilicone.com\/wp-content\/uploads\/1-300x252.webp 300w, https:\/\/topsilsilicone.com\/wp-content\/uploads\/1-600x504.webp 600w\" sizes=\"(max-width: 622px) 100vw, 622px\" \/><\/noscript><\/b><\/strong><\/h3><h3><strong><b>\u00a0<\/b><\/strong><\/h3><h3>Instalaci\u00f3n sin esfuerzo, eficacia probada<\/h3><p>El tiempo es oro en cualquier proyecto. Los procesos complejos y de varios pasos para sellar las conexiones de cables aumentan los costes de mano de obra y el riesgo de error. Nuestra tecnolog\u00eda pressgel lista para usar revoluciona el proceso de instalaci\u00f3n.<\/p><p>No hay que mezclar in situ, no hay que esperar a que se cure y no se necesitan herramientas especiales. Los t\u00e9cnicos s\u00f3lo tienen que colocar el conector del cable dentro de la carcasa precargada y cerrarla a presi\u00f3n. La junta queda inmediatamente protegida. Esta sencillez no s\u00f3lo acelera el trabajo, sino que garantiza un resultado perfecto y repetible en todo momento. Adem\u00e1s, la conexi\u00f3n es totalmente reentrable para su mantenimiento, una ventaja clave frente a los compuestos de encapsulado permanentes. Este enfoque en la eficiencia es un principio b\u00e1sico, tanto si dise\u00f1amos para la protecci\u00f3n el\u00e9ctrica como para agilizar los procesos de fabricaci\u00f3n.<\/p><p><strong>\u00a0<\/strong><\/p><p><strong>\u00a0<\/strong><\/p><p>Gel de silicona frente a m\u00e9todos tradicionales<\/p><table><tbody><tr><td><strong><b>Caracter\u00edstica<\/b><\/strong><\/td><td><strong><b>Nuestro gel de silicona\u00a0<\/b><\/strong><\/td><td><strong><b>Resina de poliuretano<\/b><\/strong><\/td><\/tr><tr><td><strong>Tiempo de instalaci\u00f3n<\/strong><\/td><td>\u00a0 \u00a01 minuto<\/td><td>15-30 minutos<\/td><\/tr><tr><td><strong>Reingresabilidad<\/strong><\/td><td>Totalmente reentrable<\/td><td>No (eliminaci\u00f3n destructiva)<\/td><\/tr><tr><td><strong>Seguridad<\/strong><\/td><td>No t\u00f3xico, sin COV<\/td><td>Peligro qu\u00edmico<\/td><\/tr><tr><td><strong>Fiabilidad<\/strong><\/td><td>Independiente del operador<\/td><td>Depende de una mezcla correcta<\/td><\/tr><\/tbody><\/table><h3><strong><b>\u00a0<\/b><\/strong><\/h3><h3><strong><b><img loading=\"lazy\" decoding=\"async\" class=\"aligncenter wp-image-3712 size-full lazyload\" src=\"data:image\/gif;base64,R0lGODlhAQABAIAAAAAAAP\/\/\/yH5BAEAAAAALAAAAAABAAEAAAIBRAA7\" data-src=\"https:\/\/topsilsilicone.com\/wp-content\/uploads\/Silicone-Plugging-Agent-for-State-Grid-Bidding.webp\" alt=\"\" width=\"800\" height=\"800\" \/><noscript><img loading=\"lazy\" decoding=\"async\" class=\"aligncenter wp-image-3712 size-full lazyload\" src=\"https:\/\/topsilsilicone.com\/wp-content\/uploads\/Silicone-Plugging-Agent-for-State-Grid-Bidding.webp\" alt=\"\" width=\"800\" height=\"800\" srcset=\"https:\/\/topsilsilicone.com\/wp-content\/uploads\/Silicone-Plugging-Agent-for-State-Grid-Bidding.webp 800w, https:\/\/topsilsilicone.com\/wp-content\/uploads\/Silicone-Plugging-Agent-for-State-Grid-Bidding-300x300.webp 300w, https:\/\/topsilsilicone.com\/wp-content\/uploads\/Silicone-Plugging-Agent-for-State-Grid-Bidding-150x150.webp 150w, https:\/\/topsilsilicone.com\/wp-content\/uploads\/Silicone-Plugging-Agent-for-State-Grid-Bidding-768x768.webp 768w, https:\/\/topsilsilicone.com\/wp-content\/uploads\/Silicone-Plugging-Agent-for-State-Grid-Bidding-600x600.webp 600w, https:\/\/topsilsilicone.com\/wp-content\/uploads\/Silicone-Plugging-Agent-for-State-Grid-Bidding-100x100.webp 100w\" sizes=\"(max-width: 800px) 100vw, 800px\" \/><\/noscript>\u00a0<\/b><\/strong><\/h3><h3>Nuestra ventaja: Calidad y colaboraci\u00f3n<\/h3><p>Cuando se abastece con nosotros, obtiene algo m\u00e1s que un producto: gana un socio fabricante.<\/p><p>Controlamos toda la producci\u00f3n de nuestro caucho de silicona l\u00edquida, garantizando la m\u00e1xima pureza y una calidad constante en cada lote.<\/p><p>Esta relaci\u00f3n directa con la f\u00e1brica significa que sus accesorios de silicona para cables y cajas de empalmes se construyen sobre una base de ciencia de materiales probada. Podemos trabajar con su equipo para adaptar la viscosidad, el tiempo de gel o incluso el color para que se integren a la perfecci\u00f3n en sus l\u00edneas de producci\u00f3n, un nivel de colaboraci\u00f3n esencial en campos como los siguientes <a href=\"https:\/\/topsilsilicone.com\/es\/producto\/platinum-cure-silicone-rubber-mold-making\/\"><u>Prototipos r\u00e1pidos Fundici\u00f3n<\/u><\/a>. Nuestra experiencia en el moldeo de silicona es amplia, abarcando todo, desde el intrincado\u00a0<a href=\"https:\/\/topsilsilicone.com\/es\/producto\/tin-cure-silicone-rubber-resin-plaster-bronze-casting-candle-soap-mold-making\/\"><u>fabricaci\u00f3n de moldes de resina<\/u><\/a>\u00a0a materiales robustos para <a href=\"https:\/\/topsilsilicone.com\/es\/producto\/3846\/\"><u>Molduras de las presas de escalada<\/u><\/a>.<\/p><p>Deje de comprometerse con m\u00e9todos de sellado sucios y poco fiables. Mejore sus productos con una soluci\u00f3n de ingenier\u00eda. P\u00f3ngase en contacto con nosotros hoy mismo para hablar de sus necesidades de fabricaci\u00f3n y asegurarse un socio de la cadena de suministro dedicado a su \u00e9xito.<\/p><p><strong>\u00a0<\/strong><\/p><p><strong>\u00a0<\/strong><\/p><p><strong>Resumen de las ventajas del producto:<\/strong><\/p><p>Consiga una protecci\u00f3n IP68 total para sus uniones de cables con nuestro gel de silicona reentrable f\u00e1cil de usar. Simplifique la instalaci\u00f3n y garantice la m\u00e1xima fiabilidad.<\/p>\t\t\t\t\t\t\t\t<\/div>\n\t\t\t\t<\/div>\n\t\t\t\t\t<\/div>\n\t\t<\/div>\n\t\t\t\t\t<\/div>\n\t\t<\/section>\n\t\t\t\t<\/div>","protected":false},"excerpt":{"rendered":"<p>El gel Topsil Silicone es un caucho de silicona RTV-2 vertible, de curado por adici\u00f3n, que vulcaniza a temperatura ambiente. Con el retardante de llama, listado UL 94HB, y la resistencia a altas temperaturas y resistencia a la intemperie excepcional, es excelente para el encapsulado de cable aislado y accesorios de cable. y para las industrias de automoci\u00f3n y electr\u00f3nica de potencia, encapsulado de c\u00e9lulas solares, etc.<\/p>","protected":false},"featured_media":3712,"comment_status":"open","ping_status":"closed","template":"","meta":{"_uag_custom_page_level_css":""},"product_brand":[],"product_cat":[139],"product_tag":[138,128],"class_list":{"0":"post-3706","1":"product","2":"type-product","3":"status-publish","4":"has-post-thumbnail","6":"product_cat-potting-encapsulation-silicone","7":"product_tag-cable-accessories","8":"product_tag-silicone-gel","10":"first","11":"instock","12":"shipping-taxable","13":"product-type-simple"},"uagb_featured_image_src":{"full":["https:\/\/topsilsilicone.com\/wp-content\/uploads\/Silicone-Plugging-Agent-for-State-Grid-Bidding.webp",800,800,false],"thumbnail":["https:\/\/topsilsilicone.com\/wp-content\/uploads\/Silicone-Plugging-Agent-for-State-Grid-Bidding-150x150.webp",150,150,true],"medium":["https:\/\/topsilsilicone.com\/wp-content\/uploads\/Silicone-Plugging-Agent-for-State-Grid-Bidding-300x300.webp",300,300,true],"medium_large":["https:\/\/topsilsilicone.com\/wp-content\/uploads\/Silicone-Plugging-Agent-for-State-Grid-Bidding-768x768.webp",768,768,true],"large":["https:\/\/topsilsilicone.com\/wp-content\/uploads\/Silicone-Plugging-Agent-for-State-Grid-Bidding.webp",800,800,false],"1536x1536":["https:\/\/topsilsilicone.com\/wp-content\/uploads\/Silicone-Plugging-Agent-for-State-Grid-Bidding.webp",800,800,false],"2048x2048":["https:\/\/topsilsilicone.com\/wp-content\/uploads\/Silicone-Plugging-Agent-for-State-Grid-Bidding.webp",800,800,false],"trp-custom-language-flag":["https:\/\/topsilsilicone.com\/wp-content\/uploads\/Silicone-Plugging-Agent-for-State-Grid-Bidding.webp",12,12,false],"woocommerce_thumbnail":["https:\/\/topsilsilicone.com\/wp-content\/uploads\/Silicone-Plugging-Agent-for-State-Grid-Bidding-300x300.webp",300,300,true],"woocommerce_single":["https:\/\/topsilsilicone.com\/wp-content\/uploads\/Silicone-Plugging-Agent-for-State-Grid-Bidding-600x600.webp",600,600,true],"woocommerce_gallery_thumbnail":["https:\/\/topsilsilicone.com\/wp-content\/uploads\/Silicone-Plugging-Agent-for-State-Grid-Bidding-100x100.webp",100,100,true]},"uagb_author_info":{"display_name":"Brian","author_link":"https:\/\/topsilsilicone.com\/es\/author\/"},"uagb_comment_info":0,"uagb_excerpt":"Topsil Silicone Gel is a pourable, addition-curing, RTV-2 silicone rubber that vulcanizes at room temperature. With the flame retardant, UL listed 94HB, and high temperature resistance and outstanding weather resistance, it\u2019s excellent for encapsulation of insulated cable and cable Accessories. and for the automotive and power electronics industries, encapsulation of solar cells, etc.","_links":{"self":[{"href":"https:\/\/topsilsilicone.com\/es\/wp-json\/wp\/v2\/product\/3706","targetHints":{"allow":["GET"]}}],"collection":[{"href":"https:\/\/topsilsilicone.com\/es\/wp-json\/wp\/v2\/product"}],"about":[{"href":"https:\/\/topsilsilicone.com\/es\/wp-json\/wp\/v2\/types\/product"}],"replies":[{"embeddable":true,"href":"https:\/\/topsilsilicone.com\/es\/wp-json\/wp\/v2\/comments?post=3706"}],"version-history":[{"count":1,"href":"https:\/\/topsilsilicone.com\/es\/wp-json\/wp\/v2\/product\/3706\/revisions"}],"predecessor-version":[{"id":7024,"href":"https:\/\/topsilsilicone.com\/es\/wp-json\/wp\/v2\/product\/3706\/revisions\/7024"}],"wp:featuredmedia":[{"embeddable":true,"href":"https:\/\/topsilsilicone.com\/es\/wp-json\/wp\/v2\/media\/3712"}],"wp:attachment":[{"href":"https:\/\/topsilsilicone.com\/es\/wp-json\/wp\/v2\/media?parent=3706"}],"wp:term":[{"taxonomy":"product_brand","embeddable":true,"href":"https:\/\/topsilsilicone.com\/es\/wp-json\/wp\/v2\/product_brand?post=3706"},{"taxonomy":"product_cat","embeddable":true,"href":"https:\/\/topsilsilicone.com\/es\/wp-json\/wp\/v2\/product_cat?post=3706"},{"taxonomy":"product_tag","embeddable":true,"href":"https:\/\/topsilsilicone.com\/es\/wp-json\/wp\/v2\/product_tag?post=3706"}],"curies":[{"name":"wp","href":"https:\/\/api.w.org\/{rel}","templated":true}]}}