{"id":3806,"date":"2025-02-21T18:49:06","date_gmt":"2025-02-21T10:49:06","guid":{"rendered":"http:\/\/topsilsilicone.com\/?post_type=product&#038;p=3806"},"modified":"2025-09-23T22:45:35","modified_gmt":"2025-09-23T14:45:35","slug":"silicona-para-hacer-moldes","status":"publish","type":"product","link":"https:\/\/topsilsilicone.com\/es\/producto\/silicona-para-hacer-moldes\/","title":{"rendered":"Moldes de silicona para manualidades y hobbies"},"content":{"rendered":"<p>\u00bfTe gusta hacer cosas? \u00a1Nuestra silicona para manualidades es para ti! Es la mejor silicona para hacer moldes en casa. Puedes hacer tus propios moldes de silicona DIY. Es ideal para la fabricaci\u00f3n de moldes de silicona para los aficionados y la fabricaci\u00f3n de moldes de silicona para los artistas.<\/p>\n<h2><strong><b>\u00a0<\/b><\/strong><\/h2>\n<h4>Por qu\u00e9 elegir nuestra silicona para moldes<\/h4>\n<ul>\n<li><strong>\u2705 F\u00e1cil de usar<\/strong>: Es perfecto para la fabricaci\u00f3n de moldes de silicona para principiantes.<\/li>\n<li><strong>\u2705 Haz muchas formas<\/strong>: Cree moldes de silicona personalizados para todas sus ideas.<\/li>\n<li><strong>\u2705 Funciona con muchos materiales<\/strong>: Uso para resina, epoxi, arcilla, jab\u00f3n y velas.<\/li>\n<li><strong>\u2705 Moldes resistentes<\/strong>: Uso 100-3000+ veces(depende del material).<\/li>\n<li><strong>\u2705 Seguro para divertirse<\/strong>Moldes de silicona no t\u00f3xica. silicona alimentaria para hornear o moldear caramelos.<\/li>\n<li><strong>Resultados profesionales<\/strong>: Consigue moldes de calidad de estudio sin herramientas especializadas<\/li>\n<li><strong>Presupuesto asequible<\/strong>: Ideal para aficionados y peque\u00f1as empresas<\/li>\n<li><strong>Marcas de confianza<\/strong>: Rendimiento comparable al de Smooth-On OOMOO\u00ae y Ecoflex<\/li>\n<\/ul>\n<h2><strong><b>\u00a0<\/b><\/strong><\/h2>\n<h4><\/h4>\n<h4>\u00bfQu\u00e9 se puede hacer con moldes de caucho de silicona?<\/h4>\n<ul>\n<li><strong>Cosas brillantes:<\/strong>Utiliza moldes de silicona para joyer\u00eda con resina de joyer\u00eda o ArtResin.<\/li>\n<li><strong>Dulces olores:<\/strong>Haz moldes de silicona para jab\u00f3n con base de jab\u00f3n. O prueba a hacer moldes de silicona para velas con cera para velas. Puedes encontrar m\u00e1s ideas para\u00a0<a href=\"http:\/\/topsilsilicone.com\/es\/producto\/silicona-para-hacer-moldes\/\"><u>Silicona para hacer moldes de velas<\/u><\/a><\/li>\n<li><strong>Delicias deliciosas:<\/strong>Utiliza moldes de silicona aptos para alimentos para chocolate o tartas. \u00a1Nuestra silicona es como la que se utiliza para un molde de silicona gigante de KitKat rosa!<\/li>\n<li><strong>Formas fuertes:<\/strong>Cree moldes de silicona para hormig\u00f3n utilizando mezcla de hormig\u00f3n.<\/li>\n<li><strong>Diversi\u00f3n art\u00edstica:<\/strong>Perfecto para moldes de silicona para resina Utilice resina epoxi o resina de poliuretano. Haz signos del zodiaco en 3D u otras cosas chulas con un kit de moldes de resina epoxi.<\/li>\n<\/ul>\n<h2><strong><img fetchpriority=\"high\" decoding=\"async\" class=\"aligncenter wp-image-3814 size-large lazyload\" src=\"data:image\/gif;base64,R0lGODlhAQABAIAAAAAAAP\/\/\/yH5BAEAAAAALAAAAAABAAEAAAIBRAA7\" data-src=\"http:\/\/topsilsilicone.com\/wp-content\/uploads\/8-1024x935.webp\" alt=\"\" width=\"800\" height=\"730\" \/><noscript><img decoding=\"async\" class=\"aligncenter wp-image-3814 size-large lazyload\" src=\"http:\/\/topsilsilicone.com\/wp-content\/uploads\/8-1024x935.webp\" alt=\"\" width=\"800\" height=\"730\" srcset=\"https:\/\/topsilsilicone.com\/wp-content\/uploads\/8-1024x935.webp 1024w, https:\/\/topsilsilicone.com\/wp-content\/uploads\/8-300x274.webp 300w, https:\/\/topsilsilicone.com\/wp-content\/uploads\/8-768x701.webp 768w, https:\/\/topsilsilicone.com\/wp-content\/uploads\/8-600x548.webp 600w, https:\/\/topsilsilicone.com\/wp-content\/uploads\/8.webp 1270w\" sizes=\"(max-width: 800px) 100vw, 800px\" \/><\/noscript><\/strong><\/h2>\n<h4><strong><b>\u00a0<\/b><\/strong><\/h4>\n<h4>Todo sobre nuestros materiales para moldes de silicona<\/h4>\n<table>\n<tbody>\n<tr>\n<td><strong>Par\u00e1metros del producto<\/strong><\/td>\n<td><strong>Escenarios de uso<\/strong><\/td>\n<td><strong>Descripciones atractivas<\/strong><\/td>\n<\/tr>\n<tr>\n<td>Dimensiones 140 x 75 x 7 mm<\/td>\n<td>Elaboraci\u00f3n de velas y cera<\/td>\n<td>Elabore barras de cera del tama\u00f1o perfecto (75-80 g) con intrincados dise\u00f1os de San Valent\u00edn para crear encantadoras velas de bricolaje<\/td>\n<\/tr>\n<tr>\n<td>Goma de silicona RTV<\/td>\n<td>Moldes para chocolate y reposter\u00eda<\/td>\n<td>Los moldes gigantes estilo KitKat garantizan un f\u00e1cil desmolde de las barritas de chocolate o bizcocho, ideales para postres de aspecto profesional<\/td>\n<\/tr>\n<tr>\n<td>No t\u00f3xico, conforme a la FDA<\/td>\n<td>Joyer\u00eda y artesan\u00eda de resina<\/td>\n<td>Los moldes 3D con tem\u00e1tica del zodiaco crean impresionantes cabujones de epoxi para collares, llaveros y \u00e1lbumes de recortes personalizados<\/td>\n<\/tr>\n<tr>\n<td>M\u00e1s de 10.000 dise\u00f1os imprimibles en 3D<\/td>\n<td>Arte en resina impresa en 3D<\/td>\n<td>Convierta prototipos impresos en 3D en moldes de resina exclusivos para figuritas, objetos de decoraci\u00f3n y coleccionables a medida.<\/td>\n<\/tr>\n<tr>\n<td>Silicona flexible de f\u00e1cil liberaci\u00f3n<\/td>\n<td>Fabricaci\u00f3n de jab\u00f3n<\/td>\n<td>Dise\u00f1e jabones fundentes nutritivos y respetuosos con la piel con moldes que conservan texturas y fragancias delicadas.<\/td>\n<\/tr>\n<tr>\n<td>Duradero y resistente al calor<\/td>\n<td>Moldes reutilizables para alimentos<\/td>\n<td>Util\u00edcelo para chocolate, caramelos o cubitos de hielo; apto para lavavajillas y dise\u00f1ado para durar innumerables creaciones<\/td>\n<\/tr>\n<tr>\n<td>No deja marcas, apto para terracota<\/td>\n<td>Limpieza de superficies<\/td>\n<td>Elimina sin esfuerzo los restos de silicona curada de baldosas de cer\u00e1mica, cristal y madera para dejar el espacio de trabajo libre de suciedad<\/td>\n<\/tr>\n<\/tbody>\n<\/table>\n<h2><strong><b>\u00a0<\/b><\/strong><\/h2>\n<h2><strong><img decoding=\"async\" class=\"aligncenter wp-image-3823 size-large lazyload\" src=\"data:image\/gif;base64,R0lGODlhAQABAIAAAAAAAP\/\/\/yH5BAEAAAAALAAAAAABAAEAAAIBRAA7\" data-src=\"http:\/\/topsilsilicone.com\/wp-content\/uploads\/opereation-method-1024x891.png\" alt=\"\" width=\"800\" height=\"696\" \/><noscript><img loading=\"lazy\" decoding=\"async\" class=\"aligncenter wp-image-3823 size-large lazyload\" src=\"http:\/\/topsilsilicone.com\/wp-content\/uploads\/opereation-method-1024x891.png\" alt=\"\" width=\"800\" height=\"696\" srcset=\"https:\/\/topsilsilicone.com\/wp-content\/uploads\/opereation-method-1024x891.png 1024w, https:\/\/topsilsilicone.com\/wp-content\/uploads\/opereation-method-300x261.png 300w, https:\/\/topsilsilicone.com\/wp-content\/uploads\/opereation-method-768x669.png 768w, https:\/\/topsilsilicone.com\/wp-content\/uploads\/opereation-method-600x522.png 600w, https:\/\/topsilsilicone.com\/wp-content\/uploads\/opereation-method.png 1436w\" sizes=\"(max-width: 800px) 100vw, 800px\" \/><\/noscript><\/strong><\/h2>\n<h4><strong><b>\u00a0<\/b><\/strong><\/h4>\n<h4>C\u00f3mo hacer moldes de silicona<\/h4>\n<ol>\n<li><strong>Elige tu objeto<\/strong>: \u00a1L\u00edmpialo!<\/li>\n<li><strong>Hacer un marco<\/strong>(opcional): Utiliza arcilla o madera alrededor del objeto.<\/li>\n<li><strong>Mezcla Silicona<\/strong>: Siga nuestra sencilla proporci\u00f3n 1:1 o 10:1.<\/li>\n<li><strong>Verter lentamente<\/strong>: Cubre el objeto por completo.<\/li>\n<li><strong>Esperar a que se seque<\/strong>6-24 horas.<\/li>\n<li><strong>Eliminar el moho<\/strong>: Tire suavemente. Listo para usar.<\/li>\n<\/ol>\n<p><strong>Consejo<\/strong>: Para los peque\u00f1os detalles, aplica primero silicona con un pincel.<\/p>\n<p>&nbsp;<\/p>\n<p>Para obtener m\u00e1s ayuda, busque nuestro tutorial de fabricaci\u00f3n de moldes de silicona, el v\u00eddeo de fabricaci\u00f3n de moldes de silicona o una gu\u00eda de fabricaci\u00f3n de moldes de silicona.  YouTubers como The Engineered Network o Robert Tolone tambi\u00e9n pueden mostrarte t\u00e9cnicas para hacer moldes de silicona.<\/p>\n<h2><strong><b>\u00a0<\/b><\/strong><\/h2>\n<h4><strong><b>\u00a0<\/b><\/strong><\/h4>\n<h4>Marcas de silicona<\/h4>\n<ul>\n<li><strong>Smooth-On <\/strong>fabrica silicona Oomoo, silicona Dragon Skin, silicona Mold Max y silicona Mold Star. Sus productos Smooth-Cast son ideales para verter en los moldes terminados.<\/li>\n<li><strong>Topsilsilicona:<\/strong> proporcionar la silicona de alto coste de rendimiento.<\/li>\n<li><strong>Resinemos<\/strong>tiene buenos moldes y kits de silicona Let's Resin.<\/li>\n<li><strong>Silicona Siligum<\/strong>o Siligum para la fabricaci\u00f3n de moldes es de tipo masilla.<\/li>\n<li><strong>Polytek<\/strong>es otro fabricante de estos materiales.<\/li>\n<\/ul>\n<h4><strong><b>\u00a0<\/b><\/strong><\/h4>\n<h4><strong><b>\u00a0<\/b><\/strong><\/h4>\n<h4>Herramientas y Cosas para tu Kit de Fabricaci\u00f3n de Moldes de Silicona para Manualidades<\/h4>\n<ul>\n<li><strong>Varillas mezcladoras de silicona:<\/strong>Para mezclar la silicona.<\/li>\n<li><strong>Pasta de pigmento de silicona:<\/strong>Para colorear moldes de siliconasi quieres moldes de colores.<\/li>\n<li><strong>Una c\u00e1mara de vac\u00edo para moldes de silicona\u00a0<\/strong>o una olla a presi\u00f3n para moldes de silicona puede ayudar a eliminar las burbujas del molde de silicona para obtener resultados s\u00faper suaves. Esto forma parte del desairado de moldes de silicona.<\/li>\n<li><strong>Agente desmoldante:<\/strong>Ayuda a que tus creaciones salgan f\u00e1cilmente. Puedes utilizar un spray desmoldante. Algunas personas usan vaselina como desmoldante (vaselina o vaselina en la fabricaci\u00f3n de moldes) o talco de beb\u00e9 para desmoldar. Este es uno de los mejores consejos para hacer moldes de silicona. Un buen desmoldante para moldes de silicona evita que se peguen.<\/li>\n<\/ul>\n<h2><img loading=\"lazy\" decoding=\"async\" class=\"aligncenter wp-image-3812 size-large lazyload\" src=\"data:image\/gif;base64,R0lGODlhAQABAIAAAAAAAP\/\/\/yH5BAEAAAAALAAAAAABAAEAAAIBRAA7\" data-src=\"http:\/\/topsilsilicone.com\/wp-content\/uploads\/6-1024x830.webp\" alt=\"\" width=\"800\" height=\"648\" \/><noscript><img loading=\"lazy\" decoding=\"async\" class=\"aligncenter wp-image-3812 size-large lazyload\" src=\"http:\/\/topsilsilicone.com\/wp-content\/uploads\/6-1024x830.webp\" alt=\"\" width=\"800\" height=\"648\" srcset=\"https:\/\/topsilsilicone.com\/wp-content\/uploads\/6-1024x830.webp 1024w, https:\/\/topsilsilicone.com\/wp-content\/uploads\/6-300x243.webp 300w, https:\/\/topsilsilicone.com\/wp-content\/uploads\/6-768x622.webp 768w, https:\/\/topsilsilicone.com\/wp-content\/uploads\/6-600x486.webp 600w, https:\/\/topsilsilicone.com\/wp-content\/uploads\/6.webp 1382w\" sizes=\"(max-width: 800px) 100vw, 800px\" \/><\/noscript><\/h2>\n<h4><strong><b>\u00a0<\/b><\/strong><\/h4>\n<h4>Seguridad y orden<\/h4>\n<ul>\n<li>Trabaje siempre en un buen lugar para hacer moldes de silicona.<\/li>\n<li>Utilice guantes de silicona. Un delantal de silicona tambi\u00e9n es una buena idea.<\/li>\n<li>Planifique la limpieza de la fabricaci\u00f3n del molde de silicona.<\/li>\n<li>Piense en el almacenamiento y el cuidado de los moldes de silicona para que duren.<\/li>\n<li>Tenga en cuenta la contracci\u00f3n de los moldes de silicona: algunas siliconas se encogen un poco cuando se curan.<\/li>\n<li>Obtenga informaci\u00f3n sobre los problemas de socavado de moldes de silicona y sobre c\u00f3mo realizar ventilaciones en moldes de silicona si est\u00e1 fabricando formas complejas. Esto le ayudar\u00e1 a evitar defectos en los moldes de silicona y a solucionar problemas.<\/li>\n<\/ul>\n<p>&nbsp;<\/p>\n<p>Si est\u00e1s haciendo cosas para espect\u00e1culos o disfraces, echa un vistazo a nuestro <a href=\"http:\/\/topsilsilicone.com\/es\/producto\/silicona-para-hacer-moldes-de-cosplay\/\"><u>Moldes de silicona para Cosplay<\/u><\/a>. Para proyectos de mayor envergadura, como decoraciones, consulte <a href=\"http:\/\/topsilsilicone.com\/es\/producto\/silicona-para-moldes-de-muebles\/\"><u>Silicona para la fabricaci\u00f3n de moldes para muebles<\/u><\/a>.<\/p>\n<p>&nbsp;<\/p>\n<h5>PREGUNTAS FRECUENTES\u00a0<i>de Silicona para Hacer Moldes para Manualidades y Hobbies en Casa<\/i><\/h5>\n<ul>\n<li><strong>\u00bfEs esta silicona apta para alimentos?\u00a0<\/strong> \u00a0\u00a0S\u00ed, con certificaci\u00f3n NSF para moldes de chocolate y reposter\u00eda<\/li>\n<li><strong>\u00bfPuedo reutilizar los moldes?\u00a0<\/strong> \u00a0 Dise\u00f1o absolutamente flexible que garantiza m\u00e1s de 100 usos<\/li>\n<li><strong>\u00bfFunciona con impresiones 3D?\u00a0 \u00a0<\/strong> \u00a0 \u00a0 S\u00ed. Perfecto para reproducir dise\u00f1os CAD<\/li>\n<\/ul>\n<p>&nbsp;<\/p>\n<p>&nbsp;<\/p>\n<p>\u00danete a una comunidad de fabricantes de moldes de silicona para compartir ideas. O lee libros sobre la fabricaci\u00f3n de moldes de silicona para aprender m\u00e1s. Consigue hoy mismo tu molde de silicona para manualidades y hobbies \u00a1y empieza a crear!<\/p>\n<p>&nbsp;<\/p>\n<p>&nbsp;<\/p>\n<h2><\/h2>\n<h2><strong>\u00a0<\/strong><\/h2>\n<h2><\/h2>\n<h2><strong>\u00a0<\/strong><\/h2>\n<h2><strong>\u00a0<\/strong><\/h2>","protected":false},"excerpt":{"rendered":"<p>Si eres un entusiasta del bricolaje, un aficionado o un artesano a peque\u00f1a escala, la silicona topsil para la fabricaci\u00f3n de moldes para manualidades y hobbies en casa es el material vers\u00e1til que necesitas para dar vida a tus ideas creativas. Dise\u00f1ado para ser f\u00e1cil de usar y seguro, resistente al calor y con dise\u00f1os reutilizables. este tipo de silicona le permite crear moldes personalizados para velas, jab\u00f3n, arte en resina, cer\u00e1mica, chocolates y mucho m\u00e1s.<\/p>\n<p><strong><b>Por el precio,<\/b><\/strong>\u00a0p\u00f3ngase en contacto con nosotros. Le enviaremos un presupuesto detallado para que lo consulte.<\/p>\n<p><strong><b>Para muestra:\u00a0<\/b><\/strong>gratuito, gastos de env\u00edo a cargo del cliente<\/p>\n<p><strong><b>MOQ:<\/b><\/strong>\u00a0200kgs<\/p>\n<p><strong><b>C\u00f3digo H.S:<\/b><\/strong>\u00a039100000<\/p>\n<p><strong><b>T\u00e9rmino comercial:<\/b><\/strong>\u00a0EXW\/FOB\/CFR\/CIF\uff0fDDU est\u00e1n disponibles<\/p>","protected":false},"featured_media":3821,"comment_status":"open","ping_status":"closed","template":"","meta":{"_uag_custom_page_level_css":""},"product_brand":[],"product_cat":[76],"product_tag":[],"class_list":{"0":"post-3806","1":"product","2":"type-product","3":"status-publish","4":"has-post-thumbnail","6":"product_cat-uncategorized","8":"first","9":"instock","10":"shipping-taxable","11":"product-type-simple"},"uagb_featured_image_src":{"full":["https:\/\/topsilsilicone.com\/wp-content\/uploads\/Silicone-for-home-crafts-mold-making.webp",800,800,false],"thumbnail":["https:\/\/topsilsilicone.com\/wp-content\/uploads\/Silicone-for-home-crafts-mold-making-150x150.webp",150,150,true],"medium":["https:\/\/topsilsilicone.com\/wp-content\/uploads\/Silicone-for-home-crafts-mold-making-300x300.webp",300,300,true],"medium_large":["https:\/\/topsilsilicone.com\/wp-content\/uploads\/Silicone-for-home-crafts-mold-making-768x768.webp",768,768,true],"large":["https:\/\/topsilsilicone.com\/wp-content\/uploads\/Silicone-for-home-crafts-mold-making.webp",800,800,false],"1536x1536":["https:\/\/topsilsilicone.com\/wp-content\/uploads\/Silicone-for-home-crafts-mold-making.webp",800,800,false],"2048x2048":["https:\/\/topsilsilicone.com\/wp-content\/uploads\/Silicone-for-home-crafts-mold-making.webp",800,800,false],"trp-custom-language-flag":["https:\/\/topsilsilicone.com\/wp-content\/uploads\/Silicone-for-home-crafts-mold-making.webp",12,12,false],"woocommerce_thumbnail":["https:\/\/topsilsilicone.com\/wp-content\/uploads\/Silicone-for-home-crafts-mold-making-300x300.webp",300,300,true],"woocommerce_single":["https:\/\/topsilsilicone.com\/wp-content\/uploads\/Silicone-for-home-crafts-mold-making-600x600.webp",600,600,true],"woocommerce_gallery_thumbnail":["https:\/\/topsilsilicone.com\/wp-content\/uploads\/Silicone-for-home-crafts-mold-making-100x100.webp",100,100,true]},"uagb_author_info":{"display_name":"Brian","author_link":"https:\/\/topsilsilicone.com\/es\/author\/"},"uagb_comment_info":0,"uagb_excerpt":"If you\u2019re a DIY enthusiast, hobbyist, or small-scale crafter,\u00a0 topsil silicone for home crafts and hobbies mold making is the versatile material you need to bring your creative ideas to life. Designed for ease of use and safety, heat resistance, and reusable designs. this type of silicone allows you to create custom molds for candles,&hellip;","_links":{"self":[{"href":"https:\/\/topsilsilicone.com\/es\/wp-json\/wp\/v2\/product\/3806","targetHints":{"allow":["GET"]}}],"collection":[{"href":"https:\/\/topsilsilicone.com\/es\/wp-json\/wp\/v2\/product"}],"about":[{"href":"https:\/\/topsilsilicone.com\/es\/wp-json\/wp\/v2\/types\/product"}],"replies":[{"embeddable":true,"href":"https:\/\/topsilsilicone.com\/es\/wp-json\/wp\/v2\/comments?post=3806"}],"version-history":[{"count":1,"href":"https:\/\/topsilsilicone.com\/es\/wp-json\/wp\/v2\/product\/3806\/revisions"}],"predecessor-version":[{"id":3822,"href":"https:\/\/topsilsilicone.com\/es\/wp-json\/wp\/v2\/product\/3806\/revisions\/3822"}],"wp:featuredmedia":[{"embeddable":true,"href":"https:\/\/topsilsilicone.com\/es\/wp-json\/wp\/v2\/media\/3821"}],"wp:attachment":[{"href":"https:\/\/topsilsilicone.com\/es\/wp-json\/wp\/v2\/media?parent=3806"}],"wp:term":[{"taxonomy":"product_brand","embeddable":true,"href":"https:\/\/topsilsilicone.com\/es\/wp-json\/wp\/v2\/product_brand?post=3806"},{"taxonomy":"product_cat","embeddable":true,"href":"https:\/\/topsilsilicone.com\/es\/wp-json\/wp\/v2\/product_cat?post=3806"},{"taxonomy":"product_tag","embeddable":true,"href":"https:\/\/topsilsilicone.com\/es\/wp-json\/wp\/v2\/product_tag?post=3806"}],"curies":[{"name":"wp","href":"https:\/\/api.w.org\/{rel}","templated":true}]}}