{"id":3824,"date":"2025-02-21T19:14:42","date_gmt":"2025-02-21T11:14:42","guid":{"rendered":"http:\/\/topsilsilicone.com\/?post_type=product&#038;p=3824"},"modified":"2025-09-23T21:53:19","modified_gmt":"2025-09-23T13:53:19","slug":"silicona-para-moldes-de-muebles","status":"publish","type":"product","link":"https:\/\/topsilsilicone.com\/es\/producto\/silicona-para-moldes-de-muebles\/","title":{"rendered":"Silicona para la fabricaci\u00f3n de moldes para muebles"},"content":{"rendered":"<div class=\"ds-markdown ds-markdown--block\">\n<p>\u00bfQuiere renovar su silla? \u00bfO hacer una mesa divertida? Nuestro kit de moldes de silicona est\u00e1 aqu\u00ed para ayudarle. Tiene materiales especiales para hacer moldes de muebles.<\/p>\n<h3><strong><b><img fetchpriority=\"high\" decoding=\"async\" class=\"aligncenter wp-image-3825 size-large lazyload\" src=\"data:image\/gif;base64,R0lGODlhAQABAIAAAAAAAP\/\/\/yH5BAEAAAAALAAAAAABAAEAAAIBRAA7\" data-src=\"http:\/\/topsilsilicone.com\/wp-content\/uploads\/1jpg-789x1024.jpg\" alt=\"\" width=\"789\" height=\"1024\" \/><noscript><img decoding=\"async\" class=\"aligncenter wp-image-3825 size-large lazyload\" src=\"http:\/\/topsilsilicone.com\/wp-content\/uploads\/1jpg-789x1024.jpg\" alt=\"\" width=\"789\" height=\"1024\" srcset=\"https:\/\/topsilsilicone.com\/wp-content\/uploads\/1jpg-789x1024.jpg 789w, https:\/\/topsilsilicone.com\/wp-content\/uploads\/1jpg-231x300.jpg 231w, https:\/\/topsilsilicone.com\/wp-content\/uploads\/1jpg-768x996.jpg 768w, https:\/\/topsilsilicone.com\/wp-content\/uploads\/1jpg-600x778.jpg 600w, https:\/\/topsilsilicone.com\/wp-content\/uploads\/1jpg.jpg 1130w\" sizes=\"(max-width: 789px) 100vw, 789px\" \/><\/noscript><\/b><\/strong><\/h3>\n<h3><\/h3>\n<h3>Ventajas de nuestra silicona para la fabricaci\u00f3n de moldes de muebles<\/h3>\n<p><strong>F\u00e1cil de mezclar\u00a0<\/strong><\/p>\n<p>Es como mezclar dos colores de pintura. Se trata de una silicona de curado Platinum. Eso significa que es un buen material. Es una mezcla para moldes de silicona de dos partes. Usted mezcla la Parte A y la Parte B. Es f\u00e1cil con una proporci\u00f3n de mezcla de 1:1. Nuestra goma de silicona l\u00edquida no es demasiado espesa. Es una silicona de baja viscosidad. Por lo tanto, entra en todos los puntos peque\u00f1os.<\/p>\n<p>&nbsp;<\/p>\n<p><strong><b>Seguro para usted<\/b><\/strong><\/p>\n<p>Esta silicona es segura. Cumple con la normativa de silicona de grado alimentario. Es una silicona que cumple con la FDA. Por lo tanto, \u00a1incluso puedes hacer formas de comida de juguete para tus juguetes! Hacemos pruebas de toxicidad de silicona para asegurarse de que es seguro.<\/p>\n<p>&nbsp;<\/p>\n<p><strong><b>S\u00faper fuerte y flexible<\/b><\/strong><\/p>\n<p>Los moldes que hagas ser\u00e1n resistentes. Tienen Durabilidad en moldes de silicona. Pueden calentarse. Es una silicona para altas temperaturas. Tambi\u00e9n es una silicona resistente al calor. Es un tipo de elast\u00f3meros de silicona, por lo que es flexible pero resistente. Tiene una buena dureza (escala Shore) y resistencia a la tracci\u00f3n. Es una silicona resistente a la abrasi\u00f3n y al desgarro. No le molesta el sol, por lo que es una silicona resistente a los rayos UV. No le molesta el aire h\u00famedo, por lo que es una silicona resistente a la humedad.<\/p>\n<p>&nbsp;<\/p>\n<p><strong><b>Hace formas claras<\/b><\/strong><\/p>\n<p>Se puede ver cada peque\u00f1a l\u00ednea. Esto es bueno para el dise\u00f1o de moldes para muebles. Usted puede hacer el molde intrincado que detalla para las miradas de lujo. Ayuda en la fabricaci\u00f3n de moldes de precisi\u00f3n. El acabado de la superficie en los moldes ser\u00e1 suave. La tasa de contracci\u00f3n de la silicona es casi nula. Esto significa contracci\u00f3n insignificante y alta precisi\u00f3n para sus piezas.<\/p>\n<h2><img decoding=\"async\" class=\"aligncenter wp-image-3829 size-large lazyload\" src=\"data:image\/gif;base64,R0lGODlhAQABAIAAAAAAAP\/\/\/yH5BAEAAAAALAAAAAABAAEAAAIBRAA7\" data-src=\"http:\/\/topsilsilicone.com\/wp-content\/uploads\/5-2-1024x914.png\" alt=\"\" width=\"800\" height=\"714\" \/><noscript><img loading=\"lazy\" decoding=\"async\" class=\"aligncenter wp-image-3829 size-large lazyload\" src=\"http:\/\/topsilsilicone.com\/wp-content\/uploads\/5-2-1024x914.png\" alt=\"\" width=\"800\" height=\"714\" srcset=\"https:\/\/topsilsilicone.com\/wp-content\/uploads\/5-2-1024x914.png 1024w, https:\/\/topsilsilicone.com\/wp-content\/uploads\/5-2-300x268.png 300w, https:\/\/topsilsilicone.com\/wp-content\/uploads\/5-2-768x685.png 768w, https:\/\/topsilsilicone.com\/wp-content\/uploads\/5-2-600x535.png 600w, https:\/\/topsilsilicone.com\/wp-content\/uploads\/5-2.png 1262w\" sizes=\"(max-width: 800px) 100vw, 800px\" \/><\/noscript><\/h2>\n<h3><\/h3>\n<h3>\u00bfQu\u00e9 cosas divertidas puedes hacer?<\/h3>\n<p>Puede hacer <strong><b>moldes<\/b><\/strong>\u00a0para tantos <strong><b>muebles<\/b><\/strong>\u00a0\u00a1Piezas!<\/p>\n<ul>\n<li>Apliques para muebles (como flores bonitas para un caj\u00f3n)<\/li>\n<li>Elementos decorativos para muebles (formas divertidas para a\u00f1adir)<\/li>\n<li>Moldes de patas de silla(hacer patas nuevas para una silla de juguete)<\/li>\n<li>Moldes de mesa (para mesas peque\u00f1as)<\/li>\n<li>Moldes para tiradores de cajones(nuevos tiradores para cajones peque\u00f1os)<\/li>\n<li>Arregla juguetes viejos con la reparaci\u00f3n de muebles.<\/li>\n<li>Haga prototipos de moldes de mueblessi es dise\u00f1ador.<\/li>\n<li>Ideal para moldes de restauraci\u00f3n de muebles. \u00a1Haga nuevas las cosas viejas!<\/li>\n<li>Haz moldes con vetas de madera para que las cosas parezcan de madera.<\/li>\n<li>Copie los detalles ornamentales de los antiguos muebles Art D\u00e9co.<\/li>\n<li>O las formas elegantes de los muebles modernos de mediados de siglo<\/li>\n<\/ul>\n<p>Esta silicona para proyectos de carpinter\u00eda le ayuda a copiar formas. Puede utilizar materiales de vaciado como yeso o cera. Tiene buena compatibilidad con resinas de moldeo. Esto significa que la resina epoxi y la resina de poliuretano funcionan bien. Si hace cosas con resina, consulte nuestro <a href=\"http:\/\/topsilsilicone.com\/es\/producto\/platinum-cure-silicone-rubber-mold-making\/\">silicona para la fabricaci\u00f3n de moldes de resina<\/a>!<\/p>\n<p>&nbsp;<\/p>\n<h2><img loading=\"lazy\" decoding=\"async\" class=\"aligncenter wp-image-3809 lazyload\" src=\"data:image\/gif;base64,R0lGODlhAQABAIAAAAAAAP\/\/\/yH5BAEAAAAALAAAAAABAAEAAAIBRAA7\" data-src=\"http:\/\/topsilsilicone.com\/wp-content\/uploads\/3-1.webp\" alt=\"\" width=\"800\" height=\"645\" \/><noscript><img loading=\"lazy\" decoding=\"async\" class=\"aligncenter wp-image-3809 lazyload\" src=\"http:\/\/topsilsilicone.com\/wp-content\/uploads\/3-1.webp\" alt=\"\" width=\"800\" height=\"645\" srcset=\"https:\/\/topsilsilicone.com\/wp-content\/uploads\/3-1.webp 1508w, https:\/\/topsilsilicone.com\/wp-content\/uploads\/3-1-300x242.webp 300w, https:\/\/topsilsilicone.com\/wp-content\/uploads\/3-1-1024x826.webp 1024w, https:\/\/topsilsilicone.com\/wp-content\/uploads\/3-1-768x619.webp 768w, https:\/\/topsilsilicone.com\/wp-content\/uploads\/3-1-600x484.webp 600w\" sizes=\"(max-width: 800px) 100vw, 800px\" \/><\/noscript><\/h2>\n<\/div>\n<h3><\/h3>\n<div class=\"ds-markdown ds-markdown--block\">\n<h3><\/h3>\n<h3>Ficha t\u00e9cnica de nuestra silicona para la fabricaci\u00f3n de moldes de muebles :<\/h3>\n<h2><strong><b> <img loading=\"lazy\" decoding=\"async\" class=\"aligncenter wp-image-3684 lazyload\" src=\"data:image\/gif;base64,R0lGODlhAQABAIAAAAAAAP\/\/\/yH5BAEAAAAALAAAAAABAAEAAAIBRAA7\" data-src=\"http:\/\/topsilsilicone.com\/wp-content\/uploads\/Platinum-slicone-for-resin-molding.webp\" alt=\"\" width=\"800\" height=\"395\" \/><noscript><img loading=\"lazy\" decoding=\"async\" class=\"aligncenter wp-image-3684 lazyload\" src=\"http:\/\/topsilsilicone.com\/wp-content\/uploads\/Platinum-slicone-for-resin-molding.webp\" alt=\"\" width=\"800\" height=\"395\" srcset=\"https:\/\/topsilsilicone.com\/wp-content\/uploads\/Platinum-slicone-for-resin-molding.webp 1372w, https:\/\/topsilsilicone.com\/wp-content\/uploads\/Platinum-slicone-for-resin-molding-300x148.webp 300w, https:\/\/topsilsilicone.com\/wp-content\/uploads\/Platinum-slicone-for-resin-molding-1024x506.webp 1024w, https:\/\/topsilsilicone.com\/wp-content\/uploads\/Platinum-slicone-for-resin-molding-768x380.webp 768w, https:\/\/topsilsilicone.com\/wp-content\/uploads\/Platinum-slicone-for-resin-molding-600x297.webp 600w\" sizes=\"(max-width: 800px) 100vw, 800px\" \/><\/noscript><\/b><\/strong><\/h2>\n<p>&nbsp;<\/p>\n<p>Este es uno de nuestros mejores materiales para hacer moldes de muebles. Marcas como Smooth-On, Polytek, o Alumilite hacen buena silicona. Puedes encontrar algunas en el mercado europeo. Aprenda de los canales de bricolaje. Incluso Furniture Today puede hablar sobre nuevos dise\u00f1os de moldes para muebles.<\/p>\n<h3><strong><b>\u00a0<\/b><\/strong><\/h3>\n<h3><strong><b>\u00a0<\/b><\/strong><\/h3>\n<h3>C\u00f3mo hacer un molde - \u00a1Tan f\u00e1cil!<\/h3>\n<ol>\n<li>Coge tu modelo maestro. Esta es la forma que quieres copiar. Puedes hacer uno con mecanizado CNC o impresi\u00f3n 3D.<\/li>\n<li>Construye una caja de molde alrededor de tu forma. Como una peque\u00f1a valla.<\/li>\n<li>Mezcle la parte A y la parte B de nuestra goma de silicona l\u00edquida.<\/li>\n<li>Vi\u00e9rtalo sobre su forma en la caja.<\/li>\n<\/ol>\n<p>Para mezclas muy burbujeantes, algunas personas utilizan m\u00e9todos de silicona de desgasificaci\u00f3n al vac\u00edo. Pero la nuestra suele ir bien.<\/p>\n<ol>\n<li>Esperar el tiempo de curado de la silicona.<\/li>\n<li>\u00a1Saque sus nuevos materiales flexibles para moldes!<\/li>\n<li>\u00a1Ahora puedes hacer muchas copias!<\/li>\n<li>Desmontar piezas de muebles es f\u00e1cil.<\/li>\n<\/ol>\n<p>&nbsp;<\/p>\n<p>Puede utilizar aditivos de silicona si desea colores. Compruebe la compatibilidad de los pigmentos de silicona. Nuestros elast\u00f3meros de silicona son de primera calidad. Las buenas t\u00e9cnicas de fabricaci\u00f3n de moldes ayudan a hacer buenos moldes. Incluso se pueden hacer formas complicadas con socavaduras.<\/p>\n<p><img loading=\"lazy\" decoding=\"async\" class=\"alignnone wp-image-3867 lazyload\" src=\"data:image\/gif;base64,R0lGODlhAQABAIAAAAAAAP\/\/\/yH5BAEAAAAALAAAAAABAAEAAAIBRAA7\" data-src=\"http:\/\/topsilsilicone.com\/wp-content\/uploads\/3-2.webp\" alt=\"\" width=\"800\" height=\"677\" \/><noscript><img loading=\"lazy\" decoding=\"async\" class=\"alignnone wp-image-3867 lazyload\" src=\"http:\/\/topsilsilicone.com\/wp-content\/uploads\/3-2.webp\" alt=\"\" width=\"800\" height=\"677\" srcset=\"https:\/\/topsilsilicone.com\/wp-content\/uploads\/3-2.webp 1318w, https:\/\/topsilsilicone.com\/wp-content\/uploads\/3-2-300x254.webp 300w, https:\/\/topsilsilicone.com\/wp-content\/uploads\/3-2-1024x867.webp 1024w, https:\/\/topsilsilicone.com\/wp-content\/uploads\/3-2-768x650.webp 768w, https:\/\/topsilsilicone.com\/wp-content\/uploads\/3-2-600x508.webp 600w\" sizes=\"(max-width: 800px) 100vw, 800px\" \/><\/noscript><\/p>\n<p>&nbsp;<\/p>\n<p>Para formas de piedra grandes, pruebe nuestro <a href=\"http:\/\/topsilsilicone.com\/es\/producto\/silicona-de-curado-platino-para-la-piedra-de-hormigon-grp-gfrc-fabricacion-de-moldes\/\"><u>silicona para molduras de hormig\u00f3n y piedra<\/u><\/a>. \u00bfHacer cosas nuevas y r\u00e1pidas? Mira <a href=\"http:\/\/topsilsilicone.com\/es\/producto\/platinum-cure-silicone-rubber-mold-making\/\"><u>silicona para colado r\u00e1pido de prototipos<\/u><\/a>. Y si hace zapatos, tenemos <a href=\"http:\/\/topsilsilicone.com\/es\/producto\/silicones-for-orthotic-application\/\"><u>silicona para la fabricaci\u00f3n de moldes de zapatos<\/u><\/a>\u00a0\u00a1tambi\u00e9n!<\/p>\n<p>&nbsp;<\/p>\n<h3><strong><b>\u00a0<\/b><\/strong><\/h3>\n<h3>Beneficios medioambientales y econ\u00f3micos<\/h3>\n<ul>\n<li><strong>Reducci\u00f3n de residuos:<\/strong>Los moldes de silicona son 100% reciclables, a diferencia de las alternativas de l\u00e1tex o uretano.<\/li>\n<li><strong>Eficiencia energ\u00e9tica:<\/strong>Cura a temperatura ambiente, lo que reduce los costes energ\u00e9ticos.<\/li>\n<li><strong>RETORNO DE LA INVERSI\u00d3N:<\/strong>Un solo molde sustituye a m\u00e1s de 500 unidades desechables, lo que supone un ahorro anual de m\u00e1s de $10.000.<\/li>\n<\/ul>\n<h3><strong><b>\u00a0<\/b><\/strong><\/h3>\n<h3><strong><b>\u00a0<\/b><\/strong><\/h3>\n<h3>\u00bfPor qu\u00e9 asociarse con nosotros?<\/h3>\n<ul>\n<li><strong>Experiencia mundial<\/strong>: Las plantas de fabricaci\u00f3n con certificaci\u00f3n ISO garantizan una calidad constante.<\/li>\n<li><strong>Soluciones a medida<\/strong>: Moldes a medida para compuestos acr\u00edlicos, yeso o epoxi.<\/li>\n<li><strong>Entrega r\u00e1pida<\/strong>: Los pedidos a granel se entregan en 10-14 d\u00edas.<\/li>\n<\/ul>\n<p>P\u00f3ngase en contacto con nosotros hoy mismo para solicitar un molde de prueba a peque\u00f1a escala o hablar de su proyecto.<\/p>\n<h2><strong><b>\u00a0<\/b><\/strong><\/h2>\n<p>&nbsp;<\/p>\n<p>&nbsp;<\/p>\n<p>&nbsp;<\/p>\n<p>&nbsp;<\/p>\n<\/div>\n<p>&nbsp;<\/p>\n<p>&nbsp;<\/p>\n<h2><\/h2>","protected":false},"excerpt":{"rendered":"<p>La silicona Topsil destaca por su incre\u00edble resistencia a las quemaduras y su baja contracci\u00f3n durante el curado. Es ideal para la fabricaci\u00f3n de moldes de muebles de resina de poliuretano.<\/p>\n<p><strong><b>Por el precio,<\/b><\/strong>\u00a0p\u00f3ngase en contacto con nosotros. Le enviaremos un presupuesto detallado para que lo consulte.<\/p>\n<p><strong><b>Para muestra:\u00a0<\/b><\/strong>gratuito, gastos de env\u00edo a cargo del cliente<\/p>\n<p><strong><b>MOQ:<\/b><\/strong> 200 kg<\/p>\n<p><strong><b>C\u00f3digo H.S:<\/b><\/strong>\u00a039100000<\/p>\n<p><strong><b>T\u00e9rmino comercial:<\/b><\/strong>\u00a0EXW\/FOB\/CFR\/CIF\uff0fDDU est\u00e1n disponibles<\/p>","protected":false},"featured_media":3833,"comment_status":"open","ping_status":"closed","template":"","meta":{"_uag_custom_page_level_css":""},"product_brand":[],"product_cat":[76],"product_tag":[],"class_list":{"0":"post-3824","1":"product","2":"type-product","3":"status-publish","4":"has-post-thumbnail","6":"product_cat-uncategorized","8":"first","9":"instock","10":"shipping-taxable","11":"product-type-simple"},"uagb_featured_image_src":{"full":["https:\/\/topsilsilicone.com\/wp-content\/uploads\/Silicone-for-Baroque-furniture-molding-1.jpg",800,800,false],"thumbnail":["https:\/\/topsilsilicone.com\/wp-content\/uploads\/Silicone-for-Baroque-furniture-molding-1-150x150.jpg",150,150,true],"medium":["https:\/\/topsilsilicone.com\/wp-content\/uploads\/Silicone-for-Baroque-furniture-molding-1-300x300.jpg",300,300,true],"medium_large":["https:\/\/topsilsilicone.com\/wp-content\/uploads\/Silicone-for-Baroque-furniture-molding-1-768x768.jpg",768,768,true],"large":["https:\/\/topsilsilicone.com\/wp-content\/uploads\/Silicone-for-Baroque-furniture-molding-1.jpg",800,800,false],"1536x1536":["https:\/\/topsilsilicone.com\/wp-content\/uploads\/Silicone-for-Baroque-furniture-molding-1.jpg",800,800,false],"2048x2048":["https:\/\/topsilsilicone.com\/wp-content\/uploads\/Silicone-for-Baroque-furniture-molding-1.jpg",800,800,false],"trp-custom-language-flag":["https:\/\/topsilsilicone.com\/wp-content\/uploads\/Silicone-for-Baroque-furniture-molding-1.jpg",12,12,false],"woocommerce_thumbnail":["https:\/\/topsilsilicone.com\/wp-content\/uploads\/Silicone-for-Baroque-furniture-molding-1-300x300.jpg",300,300,true],"woocommerce_single":["https:\/\/topsilsilicone.com\/wp-content\/uploads\/Silicone-for-Baroque-furniture-molding-1-600x600.jpg",600,600,true],"woocommerce_gallery_thumbnail":["https:\/\/topsilsilicone.com\/wp-content\/uploads\/Silicone-for-Baroque-furniture-molding-1-100x100.jpg",100,100,true]},"uagb_author_info":{"display_name":"Brian","author_link":"https:\/\/topsilsilicone.com\/es\/author\/"},"uagb_comment_info":0,"uagb_excerpt":"Topsil silicone stand out as the amazing resistance to burn and low shrinkage on cure.it is great for polyurethane resin furniture mold making. For the price,\u00a0please contact us, A details quotation of this will be sent to you for reference. For Sample:\u00a0free provided, shipping cost afford by customer MOQ: 200kg H.S Code:\u00a039100000 Trade Term:\u00a0EXW\/FOB\/CFR\/CIF\uff0fDDU\u00a0are available","_links":{"self":[{"href":"https:\/\/topsilsilicone.com\/es\/wp-json\/wp\/v2\/product\/3824","targetHints":{"allow":["GET"]}}],"collection":[{"href":"https:\/\/topsilsilicone.com\/es\/wp-json\/wp\/v2\/product"}],"about":[{"href":"https:\/\/topsilsilicone.com\/es\/wp-json\/wp\/v2\/types\/product"}],"replies":[{"embeddable":true,"href":"https:\/\/topsilsilicone.com\/es\/wp-json\/wp\/v2\/comments?post=3824"}],"version-history":[{"count":2,"href":"https:\/\/topsilsilicone.com\/es\/wp-json\/wp\/v2\/product\/3824\/revisions"}],"predecessor-version":[{"id":4194,"href":"https:\/\/topsilsilicone.com\/es\/wp-json\/wp\/v2\/product\/3824\/revisions\/4194"}],"wp:featuredmedia":[{"embeddable":true,"href":"https:\/\/topsilsilicone.com\/es\/wp-json\/wp\/v2\/media\/3833"}],"wp:attachment":[{"href":"https:\/\/topsilsilicone.com\/es\/wp-json\/wp\/v2\/media?parent=3824"}],"wp:term":[{"taxonomy":"product_brand","embeddable":true,"href":"https:\/\/topsilsilicone.com\/es\/wp-json\/wp\/v2\/product_brand?post=3824"},{"taxonomy":"product_cat","embeddable":true,"href":"https:\/\/topsilsilicone.com\/es\/wp-json\/wp\/v2\/product_cat?post=3824"},{"taxonomy":"product_tag","embeddable":true,"href":"https:\/\/topsilsilicone.com\/es\/wp-json\/wp\/v2\/product_tag?post=3824"}],"curies":[{"name":"wp","href":"https:\/\/api.w.org\/{rel}","templated":true}]}}