{"id":3842,"date":"2025-02-26T18:00:47","date_gmt":"2025-02-26T10:00:47","guid":{"rendered":"http:\/\/topsilsilicone.com\/?post_type=product&#038;p=3842"},"modified":"2025-09-23T22:14:55","modified_gmt":"2025-09-23T14:14:55","slug":"silicona-para-hacer-moldes-de-cosplay","status":"publish","type":"product","link":"https:\/\/topsilsilicone.com\/es\/producto\/silicona-para-hacer-moldes-de-cosplay\/","title":{"rendered":"Moldes de silicona para cosplay"},"content":{"rendered":"<div class=\"dad65929\">\n<div class=\"f9bf7997 d7dc56a8 c05b5566\">\n<div class=\"ds-markdown ds-markdown--block\">\n<h4>\u00a1Hacer Cosplay Impresionante! Moldes de Silicona para Cosplay<\/h4>\n<p>\u00bfQuieres hacer cosplay? \u00bfComo armaduras o accesorios? Esta silicona te ayuda a hacer moldes. Los moldes te ayudan a hacer muchas copias de tus piezas. Es f\u00e1cil y divertido. Esta es la silicona RTV para cosplay que necesitas.<\/p>\n<p>Puede hacer piezas moldeadas para pr\u00f3tesis de cosplay, como orejas o narices falsas. Este caucho de silicona flexible es suave y resistente. Es ideal para lifecasting para cosplay, tambi\u00e9n.<\/p>\n<h2><strong><b>\u00a0<\/b><\/strong><\/h2>\n<h4>\u00bfPor qu\u00e9 es tan buena esta silicona?<\/h4>\n<ul>\n<li><b><\/b><strong><b>Mezcla f\u00e1cil:<\/b><\/strong>Solo hay que mezclar la Parte A y la Parte B. Una parte A, una parte B. \u00a1S\u00faper sencillo!  No se necesita una b\u00e1scula pesada. Es como la silicona Mold Star .<\/li>\n<li><b><\/b><strong><b>Moldes fuertes:<\/b><\/strong>Sus moldes durar\u00e1n mucho tiempo 2. Haz muchas piezas con un solo molde. \u00a1Son moldes de silicona reutilizables! Disfruta de la durabilidad de los moldes de silicona.<\/li>\n<li><b><\/b><strong><b>Ver detalles de Tiny:\u00a0<\/b><\/strong>Yourmold se ver\u00e1 igual que su primera parte. Perfecto para cosas peque\u00f1as . Use silicona para moldes detallados. Consigue una gran textura de molde de silicona.<\/li>\n<li><b><\/b><strong><b>Seguro para la piel:<\/b><\/strong>Bueno para la fabricaci\u00f3n de m\u00e1scaras cosplay o partes que usted usa . Esta silicona es segura para la piel. No es como la silicona curada con esta\u00f1o. Esto es moldes del silic\u00f3n de la curaci\u00f3n del platino.<\/li>\n<li><b><\/b><strong><b>Funciona con resina:<\/b><\/strong>Vierta resina de moldeo o Smooth-Cast en su molde 6. Funciona de maravilla. Pero utilice siempre un agente desmoldante de silicona, tal vez Mann Ease Release. La resina podr\u00eda pegarse sin \u00e9l.<\/li>\n<li><b><\/b><strong><b>Apto para principiantes:<\/b><\/strong>Perfecto si eres nuevo en la fabricaci\u00f3n de moldes para principiantes 7. Tenemos materiales para hacer moldes y t\u00e9cnicas f\u00e1ciles de fundici\u00f3n en silicona. Sigue nuestro tutorial para hacer moldes.<\/li>\n<\/ul>\n<h2><strong><b> <img fetchpriority=\"high\" decoding=\"async\" class=\"aligncenter wp-image-3884 size-full lazyload\" src=\"data:image\/gif;base64,R0lGODlhAQABAIAAAAAAAP\/\/\/yH5BAEAAAAALAAAAAABAAEAAAIBRAA7\" data-src=\"https:\/\/topsilsilicone.com\/wp-content\/uploads\/silicone-for-cosplay-cusumer-molding.webp\" alt=\"\" width=\"800\" height=\"800\" \/><noscript><img decoding=\"async\" class=\"aligncenter wp-image-3884 size-full lazyload\" src=\"https:\/\/topsilsilicone.com\/wp-content\/uploads\/silicone-for-cosplay-cusumer-molding.webp\" alt=\"\" width=\"800\" height=\"800\" srcset=\"https:\/\/topsilsilicone.com\/wp-content\/uploads\/silicone-for-cosplay-cusumer-molding.webp 800w, https:\/\/topsilsilicone.com\/wp-content\/uploads\/silicone-for-cosplay-cusumer-molding-300x300.webp 300w, https:\/\/topsilsilicone.com\/wp-content\/uploads\/silicone-for-cosplay-cusumer-molding-150x150.webp 150w, https:\/\/topsilsilicone.com\/wp-content\/uploads\/silicone-for-cosplay-cusumer-molding-768x768.webp 768w, https:\/\/topsilsilicone.com\/wp-content\/uploads\/silicone-for-cosplay-cusumer-molding-600x600.webp 600w, https:\/\/topsilsilicone.com\/wp-content\/uploads\/silicone-for-cosplay-cusumer-molding-100x100.webp 100w\" sizes=\"(max-width: 800px) 100vw, 800px\" \/><\/noscript><\/b><\/strong><\/h2>\n<h4>\u00bfPor qu\u00e9 elegir nuestra silicona?<\/h4>\n<p>Muchos fabricantes de moda utilizan este tipo de silicona. Piensa en Adam Savage de Tested, o en el equipo de Punished Props . Ellos utilizan marcas como Smooth-On. \u00bfTal vez conozcas Dragon Skin o Rebound 25? Nuestra silicona Topsil es igual de buena.<\/p>\n<p>Tiene baja contracci\u00f3n de silicona. Sus piezas mantienen el tama\u00f1o correcto. Es mejor que los moldes de silicona baratos. Se trata de caucho de silicona l\u00edquida.<\/p>\n<p>Trabajamos con los mejores fabricantes, como Wacker Chemie, Shin-Etsu y Momentive. Puede confiar en la calidad, como en Polytek, Alumilite o BJB Enterprises. Encuentra ayuda en The Replica Prop Forum o Cosplay.com. Aprende de Kamui Cosplay o Evil Ted Smith. Quiz\u00e1s veas Odin Makes o SKS Props.<\/p>\n<h2><strong><b>\u00a0<\/b><\/strong><\/h2>\n<h4>\u00bfQu\u00e9 se puede hacer?<\/h4>\n<ul>\n<li><b><\/b><strong>Moldes para armaduras de cosplay:<\/strong> Hacer placas de pecho, cascos como Iron Man 186, o partes del hombro. Grande para la armadura del cosplay de la espuma del molde.<\/li>\n<li><strong>Moldes para armas de cosplay:\u00a0<\/strong>Espadas, pistolas, dagas. Haz accesorios seguros para las convenciones. Replicar accesorios de cosplay es f\u00e1cil.<\/li>\n<li><strong>M\u00e1scaras y partes del cuerpo:<\/strong>\u00a0Haz caras de monstruo o pr\u00f3tesis chulas. Consulta nuestros consejos sobre\u00a0<a href=\"http:\/\/topsilsilicone.com\/es\/producto\/silicones-for-orthotic-application-2\/\">siliconas para aplicaci\u00f3n prot\u00e9sica<\/a>.<\/li>\n<li><strong>Peque\u00f1as cosas: <\/strong>Haz moldes de joyas de cosplay o peque\u00f1os detalles para tus<\/li>\n<li><\/li>\n<\/ul>\n<p><img decoding=\"async\" class=\"aligncenter wp-image-3889 lazyload\" src=\"data:image\/gif;base64,R0lGODlhAQABAIAAAAAAAP\/\/\/yH5BAEAAAAALAAAAAABAAEAAAIBRAA7\" data-src=\"https:\/\/topsilsilicone.com\/wp-content\/uploads\/6-2-1024x774.webp\" alt=\"\" width=\"800\" height=\"605\" \/><noscript><img loading=\"lazy\" decoding=\"async\" class=\"aligncenter wp-image-3889 lazyload\" src=\"https:\/\/topsilsilicone.com\/wp-content\/uploads\/6-2-1024x774.webp\" alt=\"\" width=\"800\" height=\"605\" srcset=\"https:\/\/topsilsilicone.com\/wp-content\/uploads\/6-2-1024x774.webp 1024w, https:\/\/topsilsilicone.com\/wp-content\/uploads\/6-2-300x227.webp 300w, https:\/\/topsilsilicone.com\/wp-content\/uploads\/6-2-768x580.webp 768w, https:\/\/topsilsilicone.com\/wp-content\/uploads\/6-2-1536x1161.webp 1536w, https:\/\/topsilsilicone.com\/wp-content\/uploads\/6-2-600x453.webp 600w, https:\/\/topsilsilicone.com\/wp-content\/uploads\/6-2.webp 1982w\" sizes=\"(max-width: 800px) 100vw, 800px\" \/><\/noscript><\/p>\n<h4><\/h4>\n<h4>Tabla de detalles del producto<\/h4>\n<table>\n<tbody>\n<tr>\n<td><strong><b>Caracter\u00edstica<\/b><\/strong><\/td>\n<td><strong><b>Detalle<\/b><\/strong><\/td>\n<td><strong><b>Por qu\u00e9 es bueno para el cosplay<\/b><\/strong><\/td>\n<\/tr>\n<tr>\n<td><strong><b>Tipo<\/b><\/strong><\/td>\n<td>Silicona de curado platino 40\/45<\/td>\n<td>Seguro para la piel , molde fuerte , baja contracci\u00f3n de silicona.<\/td>\n<\/tr>\n<tr>\n<td><strong><b>Proporci\u00f3n de mezcla<\/b><\/strong><\/td>\n<td>1A : 1B en volumen<\/td>\n<td>F\u00e1cil de mezclar, no necesita b\u00e1scula . Buenas proporciones de mezcla de silicona.<\/td>\n<\/tr>\n<tr>\n<td><strong><b>Sensaci\u00f3n (dureza)<\/b><\/strong><\/td>\n<td>Medianamente suave (como Dragon Skin 10 8 o Mold Star 15 1)<\/td>\n<td>Flexible para piezas con formas complicadas (socavaduras de moldes de silicona), pero suficientemente resistente. Compruebe la dureza Shore de la silicona.<\/td>\n<\/tr>\n<tr>\n<td><strong><b>Color<\/b><\/strong><\/td>\n<td>Silicona transl\u00facida (casi transparente)<\/td>\n<td>A veces se puede ver el interior del molde. A\u00f1ada aditivos de pigmento de silicona o colorante de molde de silicona si lo desea.<\/td>\n<\/tr>\n<tr>\n<td><strong><b>Tiempo de curado<\/b><\/strong><\/td>\n<td>\u00a1R\u00e1pido! Listo en pocas horas 18<\/td>\n<td>Fabrique sus piezas m\u00e1s r\u00e1pido Compruebe el tiempo de curado y la vida \u00fatil de la silicona. Utilice silicona de curado r\u00e1pido.<\/td>\n<\/tr>\n<tr>\n<td><strong><b>Trabaja con<\/b><\/strong><\/td>\n<td>Resina, Espuma (como FlexFoam-iT), Yeso, Cera<\/td>\n<td>Hacer muchos tipos de piezas de cosplay .<\/td>\n<\/tr>\n<tr>\n<td><strong><b>Resistencia a la temperatura<\/b><\/strong><\/td>\n<td>Bueno para un uso normal. Disponibles opciones de silicona resistente al calor. Pregunte por la silicona para altas temperaturas.<\/td>\n<td>Soporta bien el calor de la resina de curado .<\/td>\n<\/tr>\n<tr>\n<td><strong><b>Kit opcional<\/b><\/strong><\/td>\n<td>A veces viene como un kit con tazas, palos . Compruebe el kit de fabricaci\u00f3n de moldes de silicona LET'S RESIN.<\/td>\n<td>Todo lo que necesita para empezar a fabricar moldes para principiantes .<\/td>\n<\/tr>\n<\/tbody>\n<\/table>\n<h2><strong><b>\u00a0<\/b><\/strong><\/h2>\n<h2><strong><b>\u00a0<\/b><\/strong><\/h2>\n<h4>C\u00f3mo utilizarlo (pasos sencillos)<\/h4>\n<ol>\n<li><b><\/b><strong><b>Prep\u00e1rate:<\/b><\/strong>Haz tu primera pieza (modelo maestro). \u00bfQuiz\u00e1 hayas utilizado Sculpey, Monster Clay o arcilla Chavant? Al\u00edsala. L\u00edmpiala bien.<\/li>\n<li><b><\/b><strong><b>Construye una caja:<\/b><\/strong>Haz una pared alrededor de tu Esta es la construcci\u00f3n de la caja de moldes. Utiliza cart\u00f3n pluma o LEGOs. Sella los bordes.<\/li>\n<li><b><\/b><strong><b>Liberaci\u00f3n por pulverizaci\u00f3n:<\/b><\/strong>Utilice spray desmoldeante de silicona en su pieza y caja . Como Mann Ease Release o 3M Super 77? (Las t\u00e9cnicas de desmoldeo son importantes).<\/li>\n<li><b><\/b><strong><b>Mezcla de silicona:<\/b><\/strong>Vierta la parte A y la parte B en una taza. Mezcle bien. Mezclar lentamente para evitar burbujas de molde de silicona fijar Utilice las proporciones correctas de mezcla de silicona .<\/li>\n<li><b><\/b><strong><b>Vierta lentamente:<\/b><\/strong>Vierta la silicona en la caja. Empieza por abajo y deja que fluya hacia arriba. Esto ayuda a detener las burbujas. (La ventilaci\u00f3n del molde de silicona tambi\u00e9n puede ayudar). Tal vez utilice silicona desgasificadora al vac\u00edo para obtener resultados perfectos.<\/li>\n<li><b><\/b><strong><b>Espera:<\/b><\/strong>Deje que la silicona se seque (tiempo de curado de la silicona). Tarda unas horas 1. No se precipite. Espere a que se seque el molde de silicona.<\/li>\n<li><b><\/b><strong><b>Moho abierto:<\/b><\/strong>Quita las paredes. Tire suavemente del\u00a0<strong><b>molde<\/b><\/strong>\u00a0fuera de\u00a0<strong><b>su<\/b><\/strong> Tenga cuidado con los bordes del molde de silicona.<\/li>\n<li><b><\/b><strong><b>Listo para el reparto:<\/b><\/strong>Ya tienes un molde. Puedes verter resina, espuma u otras cosas en \u00e9l. \u00bfQuiz\u00e1s resina Smooth-Cast? \u00bfO recubrir primero las impresiones con XTC-3D?<\/li>\n<\/ol>\n<h2><strong><b>\u00a0<\/b><\/strong><\/h2>\n<h4>Consejos para moldes incre\u00edbles<\/h4>\n<ul>\n<li><b><\/b><strong><b>Espacio limpio:<\/b><\/strong>Work cle El polvo es malo para los moldes de silicona. Compruebe si hay contaminaci\u00f3n en los moldes de silicona.<\/li>\n<li><b><\/b><strong><b>Buen aire:<\/b><\/strong>Trabaje en un lugar con aire fresco. La ventilaci\u00f3n del molde de silicona es buena. Consulta la informaci\u00f3n sobre toxicidad del molde de silicona (\u00a1el nuestro es seguro!).<\/li>\n<li><b><\/b><strong><b>Agente de liberaci\u00f3n:<\/b><\/strong><em><i>Siempre<\/i><\/em>\u00a0\u00a1utilizar desmoldeante!  Especialmente para la resina 6. La prevenci\u00f3n del moho tambi\u00e9n ayuda.<\/li>\n<li><b><\/b><strong><b>Espesante:<\/b><\/strong>\u00bfNecesita silicona gruesa para paredes? Utilice Thi-Vex. Hace moldes de silicona con pincel Como para un moldes de guantes para cosplay.<\/li>\n<li><b><\/b><strong><b>Soporte Shell:<\/b><\/strong>Para moldes grandes y flexibles, haga una c\u00e1scara dura en el exterior. Utilice tiras de yeso o Free Form AIR masilla epoxi 8. Esta es una concha de soporte de moldes de silicona.<\/li>\n<li><b><\/b><strong><b>Almacenamiento:<\/b><\/strong>Mantenga sus moldes limpios y planos. Facilita el almacenamiento y la vida \u00fatil de los moldes de silicona. Evita la deformaci\u00f3n del molde de silicona.<\/li>\n<li><b><\/b><strong><b>Reparaci\u00f3n:<\/b><\/strong>\u00bfPeque\u00f1o desgarro? Utilice Sil-Poxy para reparar moldes de silicona.<\/li>\n<\/ul>\n<h2><strong><b> <img loading=\"lazy\" decoding=\"async\" class=\"aligncenter wp-image-3887 size-full lazyload\" src=\"data:image\/gif;base64,R0lGODlhAQABAIAAAAAAAP\/\/\/yH5BAEAAAAALAAAAAABAAEAAAIBRAA7\" data-src=\"https:\/\/topsilsilicone.com\/wp-content\/uploads\/silicone-for-dragon-cosplay-mold.webp\" alt=\"\" width=\"800\" height=\"800\" \/><noscript><img loading=\"lazy\" decoding=\"async\" class=\"aligncenter wp-image-3887 size-full lazyload\" src=\"https:\/\/topsilsilicone.com\/wp-content\/uploads\/silicone-for-dragon-cosplay-mold.webp\" alt=\"\" width=\"800\" height=\"800\" srcset=\"https:\/\/topsilsilicone.com\/wp-content\/uploads\/silicone-for-dragon-cosplay-mold.webp 800w, https:\/\/topsilsilicone.com\/wp-content\/uploads\/silicone-for-dragon-cosplay-mold-300x300.webp 300w, https:\/\/topsilsilicone.com\/wp-content\/uploads\/silicone-for-dragon-cosplay-mold-150x150.webp 150w, https:\/\/topsilsilicone.com\/wp-content\/uploads\/silicone-for-dragon-cosplay-mold-768x768.webp 768w, https:\/\/topsilsilicone.com\/wp-content\/uploads\/silicone-for-dragon-cosplay-mold-600x600.webp 600w, https:\/\/topsilsilicone.com\/wp-content\/uploads\/silicone-for-dragon-cosplay-mold-100x100.webp 100w\" sizes=\"(max-width: 800px) 100vw, 800px\" \/><\/noscript><\/b><\/strong><\/h2>\n<h4>M\u00e1s cosas chulas<\/h4>\n<p>Esta silicona es ideal para muchas cosas.<\/p>\n<ul>\n<li><b><\/b><strong><b>Prop Building:<\/b><\/strong>Haz atrezzo para pel\u00edculas 3. Silicona para r\u00e9plicas de atrezo<\/li>\n<li><b><\/b><strong><b>Efectos especiales:<\/b><\/strong>Uso para maquillaje fx 3. Como cortes falsos o piel de monstruo. Stan Winston School ense\u00f1a esto.<\/li>\n<li><b><\/b><strong><b>Prototipos:\u00a0<\/b><\/strong>Fabrique piezas de prueba r\u00e1pidamente. Explore nuestro\u00a0<a href=\"http:\/\/topsilsilicone.com\/es\/producto\/platinum-cure-silicone-rubber-mold-making\/\">silicona para moldeo r\u00e1pido protyping<\/a><\/li>\n<li><b><\/b><strong><b>Otros oficios:<\/b><\/strong>Sirve para moldes de velas, moldes de jab\u00f3n, incluso moldes de silicona aptos para alimentos (\u00a1comprueba primero la seguridad del producto!). Prueba con Oomoo para moldes sencillos.<\/li>\n<\/ul>\n<p>&nbsp;<\/p>\n<p>Tenga en cuenta la viscosidad de la silicona, la dureza Shore de la silicona y la vida \u00fatil de la silicona para su proyecto. Evite los inhibidores de silicona (como la arcilla de azufre). Utilice llaves de registro para moldes de silicona de varias piezas.<\/p>\n<p>Piensa en moldes impresos en 3D utilizando impresoras Formlabs y software ZBrush o Blender. Encuentra suministros en Michaels, Hobby Lobby, Brick in the Yard (BITY Mold Supply), Freeman Supply, TAP Plastics o Reynolds Advanced Materials. Busca Burman Industries o Monster Makers para material de FX. Echa un vistazo a ProtoPutty o EcoFlex para otras necesidades.<\/p>\n<p><img loading=\"lazy\" decoding=\"async\" class=\"aligncenter wp-image-3867 lazyload\" src=\"data:image\/gif;base64,R0lGODlhAQABAIAAAAAAAP\/\/\/yH5BAEAAAAALAAAAAABAAEAAAIBRAA7\" data-src=\"https:\/\/topsilsilicone.com\/wp-content\/uploads\/3-2-1024x867.webp\" alt=\"\" width=\"800\" height=\"677\" \/><noscript><img loading=\"lazy\" decoding=\"async\" class=\"aligncenter wp-image-3867 lazyload\" src=\"https:\/\/topsilsilicone.com\/wp-content\/uploads\/3-2-1024x867.webp\" alt=\"\" width=\"800\" height=\"677\" srcset=\"https:\/\/topsilsilicone.com\/wp-content\/uploads\/3-2-1024x867.webp 1024w, https:\/\/topsilsilicone.com\/wp-content\/uploads\/3-2-300x254.webp 300w, https:\/\/topsilsilicone.com\/wp-content\/uploads\/3-2-768x650.webp 768w, https:\/\/topsilsilicone.com\/wp-content\/uploads\/3-2-600x508.webp 600w, https:\/\/topsilsilicone.com\/wp-content\/uploads\/3-2.webp 1318w\" sizes=\"(max-width: 800px) 100vw, 800px\" \/><\/noscript><\/p>\n<p>Aprenda m\u00e1s con los tutoriales sobre moldes de silicona en l\u00ednea, tal vez de Make: Magazine. Conozca los moldes de silicona personalizados, la precisi\u00f3n de los moldes de silicona y el coste de los moldes de silicona. Pregunta sobre la compra de silicona a granel. Piense en la silicona ecol\u00f3gica y en la eliminaci\u00f3n segura de los moldes de silicona. Explore el moldeo por inyecci\u00f3n de silicona o los moldes de compresi\u00f3n de silicona para trabajos grandes. Quiz\u00e1s le interese <a href=\"http:\/\/topsilsilicone.com\/es\/producto\/silicona-bicomponente-para-bolsas-de-vacio-reutilizables\/\">silicona para fundici\u00f3n de bolsas de vac\u00edo<\/a>\u00a0para trabajos avanzados.<\/p>\n<p>&nbsp;<\/p>\n<p>Cubrimos la textura del molde de silicona, la suavidad del molde de silicona, la flexibilidad del molde de silicona, el estiramiento del molde de silicona, el grosor del molde de silicona, las costuras del molde de silicona, el respaldo del molde de silicona, el refuerzo del molde de silicona, el acabado de la superficie del molde de silicona, las innovaciones del molde de silicona, la silicona resistente al fr\u00edo, la estabilidad t\u00e9rmica del molde de silicona y d\u00f3nde comprar silicona.<\/p>\n<h2><strong><b>\u00a0<\/b><\/strong><\/h2>\n<h4>Consiga el suyo ahora<\/h4>\n<p>\u00bfListo para hacer cosplay incre\u00edbles? \u00a1Compra hoy mismo esta sencilla silicona! Haz realidad el disfraz de tus sue\u00f1os.<\/p>\n<p>&nbsp;<\/p>\n<p>&nbsp;<\/p>\n<p>&nbsp;<\/p>\n<\/div>\n<div class=\"ds-flex\">\n<div class=\"ds-flex abe97156\">\n<div class=\"ds-icon-button\" tabindex=\"0\"><\/div>\n<\/div>\n<\/div>\n<\/div>\n<\/div>\n<div class=\"cbcaa82c\">\n<div class=\"aaff8b8f\">\n<div class=\"cefa5c26\">\n<div class=\"dd442025 b699646e\">\n<div class=\"ec4f5d61\">\n<div class=\"ds-button ds-button--primary ds-button--filled ds-button--rect ds-button--m d9f56c96\" tabindex=\"0\" role=\"button\"><\/div>\n<div class=\"bf38813a\">\n<div class=\"f02f0e25\">\n<div class=\"ds-icon\"><\/div>\n<\/div>\n<div class=\"f6d670 bcc55ca1\" role=\"button\" aria-disabled=\"true\">\n<div class=\"f286936b\">\n<div class=\"ds-icon\"><\/div>\n<\/div>\n<\/div>\n<\/div>\n<\/div>\n<\/div>\n<\/div>\n<\/div>\n<\/div>","protected":false},"excerpt":{"rendered":"<p>Descubre c\u00f3mo crear moldes de silicona de alta calidad para cosplay utilizando materiales asequibles. Aprende trucos para hacer moldes y vaciados con epoxi y uretano para obtener resultados sorprendentes.<\/p>\n<p><strong><b>Por el precio,<\/b><\/strong>\u00a0p\u00f3ngase en contacto con nosotros. Le enviaremos un presupuesto detallado para que lo consulte.<\/p>\n<p><strong><b>Para muestra:\u00a0<\/b><\/strong>gratuito, gastos de env\u00edo a cargo del cliente<\/p>\n<p><strong><b>MOQ:<\/b><\/strong>\u00a0200kgsh<\/p>\n<p><strong><b>C\u00f3digo H.S:<\/b><\/strong>\u00a039100000<\/p>\n<p><strong><b>T\u00e9rmino comercial:<\/b><\/strong>\u00a0EXW\/FOB\/CFR\/CIF\uff0fDDU est\u00e1n disponibles<\/p>","protected":false},"featured_media":3886,"comment_status":"open","ping_status":"closed","template":"","meta":{"_uag_custom_page_level_css":""},"product_brand":[],"product_cat":[76],"product_tag":[],"class_list":{"0":"post-3842","1":"product","2":"type-product","3":"status-publish","4":"has-post-thumbnail","6":"product_cat-uncategorized","8":"first","9":"instock","10":"shipping-taxable","11":"product-type-simple"},"uagb_featured_image_src":{"full":["https:\/\/topsilsilicone.com\/wp-content\/uploads\/silicone-for-cosplay-role-molding.webp",800,800,false],"thumbnail":["https:\/\/topsilsilicone.com\/wp-content\/uploads\/silicone-for-cosplay-role-molding-150x150.webp",150,150,true],"medium":["https:\/\/topsilsilicone.com\/wp-content\/uploads\/silicone-for-cosplay-role-molding-300x300.webp",300,300,true],"medium_large":["https:\/\/topsilsilicone.com\/wp-content\/uploads\/silicone-for-cosplay-role-molding-768x768.webp",768,768,true],"large":["https:\/\/topsilsilicone.com\/wp-content\/uploads\/silicone-for-cosplay-role-molding.webp",800,800,false],"1536x1536":["https:\/\/topsilsilicone.com\/wp-content\/uploads\/silicone-for-cosplay-role-molding.webp",800,800,false],"2048x2048":["https:\/\/topsilsilicone.com\/wp-content\/uploads\/silicone-for-cosplay-role-molding.webp",800,800,false],"trp-custom-language-flag":["https:\/\/topsilsilicone.com\/wp-content\/uploads\/silicone-for-cosplay-role-molding.webp",12,12,false],"woocommerce_thumbnail":["https:\/\/topsilsilicone.com\/wp-content\/uploads\/silicone-for-cosplay-role-molding-300x300.webp",300,300,true],"woocommerce_single":["https:\/\/topsilsilicone.com\/wp-content\/uploads\/silicone-for-cosplay-role-molding-600x600.webp",600,600,true],"woocommerce_gallery_thumbnail":["https:\/\/topsilsilicone.com\/wp-content\/uploads\/silicone-for-cosplay-role-molding-100x100.webp",100,100,true]},"uagb_author_info":{"display_name":"Brian","author_link":"https:\/\/topsilsilicone.com\/es\/author\/"},"uagb_comment_info":0,"uagb_excerpt":"Discover how to create high-quality silicone molds for cosplay using affordable materials. Learn tips on mold making and casting with epoxy and urethane for stunning results! For the price,\u00a0please contact us, A details quotation of this will be sent to you for reference. For Sample:\u00a0free provided, shipping cost afford by customer MOQ:\u00a0200kgsh H.S Code:\u00a039100000 Trade&hellip;","_links":{"self":[{"href":"https:\/\/topsilsilicone.com\/es\/wp-json\/wp\/v2\/product\/3842","targetHints":{"allow":["GET"]}}],"collection":[{"href":"https:\/\/topsilsilicone.com\/es\/wp-json\/wp\/v2\/product"}],"about":[{"href":"https:\/\/topsilsilicone.com\/es\/wp-json\/wp\/v2\/types\/product"}],"replies":[{"embeddable":true,"href":"https:\/\/topsilsilicone.com\/es\/wp-json\/wp\/v2\/comments?post=3842"}],"version-history":[{"count":1,"href":"https:\/\/topsilsilicone.com\/es\/wp-json\/wp\/v2\/product\/3842\/revisions"}],"predecessor-version":[{"id":3890,"href":"https:\/\/topsilsilicone.com\/es\/wp-json\/wp\/v2\/product\/3842\/revisions\/3890"}],"wp:featuredmedia":[{"embeddable":true,"href":"https:\/\/topsilsilicone.com\/es\/wp-json\/wp\/v2\/media\/3886"}],"wp:attachment":[{"href":"https:\/\/topsilsilicone.com\/es\/wp-json\/wp\/v2\/media?parent=3842"}],"wp:term":[{"taxonomy":"product_brand","embeddable":true,"href":"https:\/\/topsilsilicone.com\/es\/wp-json\/wp\/v2\/product_brand?post=3842"},{"taxonomy":"product_cat","embeddable":true,"href":"https:\/\/topsilsilicone.com\/es\/wp-json\/wp\/v2\/product_cat?post=3842"},{"taxonomy":"product_tag","embeddable":true,"href":"https:\/\/topsilsilicone.com\/es\/wp-json\/wp\/v2\/product_tag?post=3842"}],"curies":[{"name":"wp","href":"https:\/\/api.w.org\/{rel}","templated":true}]}}