{"id":3386,"date":"2024-09-14T18:18:43","date_gmt":"2024-09-14T10:18:43","guid":{"rendered":"http:\/\/topsilsilicone.com\/?post_type=product&#038;p=3386"},"modified":"2026-04-20T15:15:55","modified_gmt":"2026-04-20T07:15:55","slug":"vedacao-do-filtro-de-ar","status":"publish","type":"product","link":"https:\/\/topsilsilicone.com\/pt\/product\/vedacao-do-filtro-de-ar\/","title":{"rendered":"Gel de silicone para veda\u00e7\u00e3o de filtros de ar"},"content":{"rendered":"<h2>Veda\u00e7\u00f5es HEPA perfeitas: Gel de silicone avan\u00e7ado para pureza cr\u00edtica do ar<\/h2>\n<p>Para obter uma pureza de ar impec\u00e1vel em salas limpas, laborat\u00f3rios e manufaturas sens\u00edveis, a integridade do seu filtro HEPA \u00e9 fundamental. A veda\u00e7\u00e3o \u00e9 tudo. Como fabricantes especializados em gel de silicone, fornecemos o avan\u00e7ado gel de silicone l\u00edquido para aplica\u00e7\u00f5es robustas de veda\u00e7\u00e3o em gel para filtros HEPA. Nosso produto garante que seus sistemas de filtragem de ar atinjam a efici\u00eancia m\u00e1xima com uma veda\u00e7\u00e3o dur\u00e1vel e autocurativa. Fa\u00e7a parceria diretamente com nossa f\u00e1brica de gel de silicone para obter formula\u00e7\u00f5es superiores de borracha de silicone l\u00edquido, garantindo que seus filtros de ar HEPA atendam aos mais altos padr\u00f5es.<\/p>\n<h2><strong><b> <img fetchpriority=\"high\" decoding=\"async\" class=\"aligncenter wp-image-3703 size-full lazyload\" src=\"data:image\/gif;base64,R0lGODlhAQABAIAAAAAAAP\/\/\/yH5BAEAAAAALAAAAAABAAEAAAIBRAA7\" data-src=\"http:\/\/topsilsilicone.com\/wp-content\/uploads\/silicone-gel-for-filters-.webp\" alt=\"\" width=\"770\" height=\"602\" \/><noscript><img decoding=\"async\" class=\"aligncenter wp-image-3703 size-full lazyload\" src=\"http:\/\/topsilsilicone.com\/wp-content\/uploads\/silicone-gel-for-filters-.webp\" alt=\"\" width=\"770\" height=\"602\" srcset=\"https:\/\/topsilsilicone.com\/wp-content\/uploads\/silicone-gel-for-filters-.webp 770w, https:\/\/topsilsilicone.com\/wp-content\/uploads\/silicone-gel-for-filters--300x235.webp 300w, https:\/\/topsilsilicone.com\/wp-content\/uploads\/silicone-gel-for-filters--768x600.webp 768w, https:\/\/topsilsilicone.com\/wp-content\/uploads\/silicone-gel-for-filters--600x469.webp 600w\" sizes=\"(max-width: 770px) 100vw, 770px\" \/><\/noscript><\/b><\/strong><\/h2>\n<h2>O papel vital da veda\u00e7\u00e3o do gel do filtro HEPA<\/h2>\n<p>O vazamento de passagem prejudica qualquer filtro HEPA. Nosso gel de silicone para aplica\u00e7\u00f5es de veda\u00e7\u00e3o de gel em filtros HEPA cria uma veda\u00e7\u00e3o flex\u00edvel e herm\u00e9tica na estrutura do filtro, superando as veda\u00e7\u00f5es tradicionais.<\/p>\n<ul>\n<li><strong>Propriedade de autocura:<\/strong> Nosso silicone em gel cura em temperatura ambiente e se transforma em um gel pegajoso. Se for perturbado, o selante se reforma, mantendo a integridade do filtro e protegendo a pureza do ar. Isso \u00e9 fundamental para aplica\u00e7\u00f5es exigentes de filtros H14 ou ULPA em farm\u00e1cias ou salas limpas para fabrica\u00e7\u00e3o de microchips.<\/li>\n<li><strong>Otimizado para envasamento:<\/strong> A viscosidade do nosso silicone l\u00edquido garante uma aplica\u00e7\u00e3o f\u00e1cil e um encapsulamento consistente Nossa experi\u00eancia diversificada em silicone tamb\u00e9m \u00e9 demonstrada em produtos como <a href=\"https:\/\/www.google.com\/search?q=http:\/\/topsilsilicone.com\/silicone-for-rapid-protyping-molding\/\"><u>Silicone para moldagem de prototipagem r\u00e1pida<\/u><\/a>.<strong><b>\u00a0<\/b><\/strong><\/li>\n<\/ul>\n<h2>Parceria direta com o fabricante: Desempenho e personaliza\u00e7\u00e3o<\/h2>\n<p>Trabalhar diretamente conosco, um fabricante de gel de silicone, oferece vantagens importantes:<\/p>\n<ul>\n<li><strong>Solu\u00e7\u00f5es sob medida:<\/strong> N\u00f3s personalizamos a dureza, a viscosidade, o tempo de cura e a cor do gel de acordo com a sua necessidade Fabrica\u00e7\u00e3o de filtros HEPA e envasamento de filtros de ar Nossos processos de produ\u00e7\u00e3o de \u00faltima gera\u00e7\u00e3o garantem uma liga\u00e7\u00e3o perfeita a qualquer estrutura de filtro.<\/li>\n<li><strong>Superioridade do material:<\/strong> Nossa borracha de silicone l\u00edquido com cura de platina oferece excelente resist\u00eancia qu\u00edmica e suporta temperaturas extremas e umidade. \u00c9 ideal para ambientes sens\u00edveis, inclusive sistemas de ar condicionado em hospitais. Explore ainda mais nossos recursos com <a href=\"https:\/\/www.google.com\/search?q=http:\/\/topsilsilicone.com\/silicone-for-vacuum-bag-casting\/\"><u>Silicone para fundi\u00e7\u00e3o de sacos a v\u00e1cuo<\/u><\/a>.<\/li>\n<\/ul>\n<p><img decoding=\"async\" class=\"aligncenter wp-image-3704 size-full lazyload\" src=\"data:image\/gif;base64,R0lGODlhAQABAIAAAAAAAP\/\/\/yH5BAEAAAAALAAAAAABAAEAAAIBRAA7\" data-src=\"http:\/\/topsilsilicone.com\/wp-content\/uploads\/silicone-gel.webp\" alt=\"\" width=\"776\" height=\"274\" \/><noscript><img loading=\"lazy\" decoding=\"async\" class=\"aligncenter wp-image-3704 size-full lazyload\" src=\"http:\/\/topsilsilicone.com\/wp-content\/uploads\/silicone-gel.webp\" alt=\"\" width=\"776\" height=\"274\" srcset=\"https:\/\/topsilsilicone.com\/wp-content\/uploads\/silicone-gel.webp 776w, https:\/\/topsilsilicone.com\/wp-content\/uploads\/silicone-gel-300x106.webp 300w, https:\/\/topsilsilicone.com\/wp-content\/uploads\/silicone-gel-768x271.webp 768w, https:\/\/topsilsilicone.com\/wp-content\/uploads\/silicone-gel-600x212.webp 600w\" sizes=\"(max-width: 776px) 100vw, 776px\" \/><\/noscript><\/p>\n<p><strong>\u00a0<\/strong><\/p>\n<p>&nbsp;<\/p>\n<p><strong>Principais dados t\u00e9cnicos:<\/strong><\/p>\n<p><img loading=\"lazy\" decoding=\"async\" class=\"aligncenter wp-image-3705 size-full lazyload\" src=\"data:image\/gif;base64,R0lGODlhAQABAIAAAAAAAP\/\/\/yH5BAEAAAAALAAAAAABAAEAAAIBRAA7\" data-src=\"http:\/\/topsilsilicone.com\/wp-content\/uploads\/Silicone-Gel-Data-sheet.webp\" alt=\"\" width=\"744\" height=\"714\" \/><noscript><img loading=\"lazy\" decoding=\"async\" class=\"aligncenter wp-image-3705 size-full lazyload\" src=\"http:\/\/topsilsilicone.com\/wp-content\/uploads\/Silicone-Gel-Data-sheet.webp\" alt=\"\" width=\"744\" height=\"714\" srcset=\"https:\/\/topsilsilicone.com\/wp-content\/uploads\/Silicone-Gel-Data-sheet.webp 744w, https:\/\/topsilsilicone.com\/wp-content\/uploads\/Silicone-Gel-Data-sheet-300x288.webp 300w, https:\/\/topsilsilicone.com\/wp-content\/uploads\/Silicone-Gel-Data-sheet-600x576.webp 600w\" sizes=\"(max-width: 744px) 100vw, 744px\" \/><\/noscript><\/p>\n<p><em>Se necess\u00e1rio, tamb\u00e9m fornecemos a personaliza\u00e7\u00e3o de acordo com suas necessidades. <\/em><strong>filtro<\/strong><em>\u00a0especifica\u00e7\u00f5es.<\/em><\/p>\n<h2>Por que nos escolher para a veda\u00e7\u00e3o do seu filtro HEPA em gel?<\/h2>\n<p>Para os fabricantes de filtros HEPA e empresas de veda\u00e7\u00e3o de filtros de ar, a sele\u00e7\u00e3o do fornecedor certo \u00e9 crucial. Como f\u00e1bricas diretas de produtos como gel de silicone, n\u00f3s fornecemos:<\/p>\n<ul>\n<li><strong>Benef\u00edcios diretos da f\u00e1brica:<\/strong> Qualidade consistente, fornecimento confi\u00e1vel para o envasamento de seu filtro de ar<\/li>\n<li><strong>Formula\u00e7\u00e3o especializada:<\/strong> Gel de silicone RTV2 projetado para uma \u00f3tima veda\u00e7\u00e3o do gel do filtro HEPA.<\/li>\n<li><strong>Personaliza\u00e7\u00e3o completa:<\/strong> Propriedades do silicone l\u00edquido adaptadas \u00e0 sua produ\u00e7\u00e3o.<\/li>\n<li><strong>Suporte especializado:<\/strong> Fazemos parcerias com f\u00e1bricas de filtros de ar para garantir o desempenho ideal na prote\u00e7\u00e3o de ambientes contra o ar particulado Nosso conhecimento mais amplo sobre silicone beneficia aplica\u00e7\u00f5es como <a href=\"http:\/\/topsilsilicone.com\/pt\/product\/silicones-for-orthotic-application-2\/\"><u>Silicones para aplica\u00e7\u00e3o prot\u00e9tica<\/u><\/a>\u00a0e at\u00e9 mesmo <a href=\"http:\/\/topsilsilicone.com\/pt\/product\/silicones-for-orthotic-application\/\"><u>Silicone para fabrica\u00e7\u00e3o de palmilhas<\/u><\/a>.<\/li>\n<\/ul>\n<p>Nosso composto de veda\u00e7\u00e3o em gel garante a efici\u00eancia do filtro, essencial para os setores farmac\u00eautico e de microeletr\u00f4nica que usam filtros ULPA (ar de penetra\u00e7\u00e3o ultrabaixa). A propriedade de autocura do nosso gel de silicone oferece confiabilidade inigual\u00e1vel. Esse foco na qualidade tamb\u00e9m \u00e9 visto em nossas linhas especializadas, como <a href=\"http:\/\/topsilsilicone.com\/pt\/product\/almofada-antiestatica-de-silicone-para-impressao\/\"><u>Almofada antiest\u00e1tica de silicone para impress\u00e3o<\/u><\/a>\u00a0<strong>\u00a0<\/strong><\/p>\n<p><strong><img loading=\"lazy\" decoding=\"async\" class=\"aligncenter wp-image-3697 size-full lazyload\" src=\"data:image\/gif;base64,R0lGODlhAQABAIAAAAAAAP\/\/\/yH5BAEAAAAALAAAAAABAAEAAAIBRAA7\" data-src=\"http:\/\/topsilsilicone.com\/wp-content\/uploads\/silicone-gel-for-air-filer-sealing.webp\" alt=\"\" width=\"800\" height=\"800\" \/><noscript><img loading=\"lazy\" decoding=\"async\" class=\"aligncenter wp-image-3697 size-full lazyload\" src=\"http:\/\/topsilsilicone.com\/wp-content\/uploads\/silicone-gel-for-air-filer-sealing.webp\" alt=\"\" width=\"800\" height=\"800\" srcset=\"https:\/\/topsilsilicone.com\/wp-content\/uploads\/silicone-gel-for-air-filer-sealing.webp 800w, https:\/\/topsilsilicone.com\/wp-content\/uploads\/silicone-gel-for-air-filer-sealing-300x300.webp 300w, https:\/\/topsilsilicone.com\/wp-content\/uploads\/silicone-gel-for-air-filer-sealing-150x150.webp 150w, https:\/\/topsilsilicone.com\/wp-content\/uploads\/silicone-gel-for-air-filer-sealing-768x768.webp 768w, https:\/\/topsilsilicone.com\/wp-content\/uploads\/silicone-gel-for-air-filer-sealing-600x600.webp 600w, https:\/\/topsilsilicone.com\/wp-content\/uploads\/silicone-gel-for-air-filer-sealing-100x100.webp 100w\" sizes=\"(max-width: 800px) 100vw, 800px\" \/><\/noscript>\u00a0<\/strong><\/p>\n<p><strong>Uso b\u00e1sico:<\/strong><\/p>\n<ol>\n<li><strong>Prepara\u00e7\u00e3o: <\/strong>Limpar a estrutura do filtro<\/li>\n<li><strong>Misturar:<\/strong>Combine o silicone l\u00edquido de dois componentes conforme as instru\u00e7\u00f5es.<\/li>\n<li><strong>Candidatar-se: <\/strong>Dispense o gel no canal.<\/li>\n<li><strong>Cura:<\/strong>Deixe curar (normalmente em temperatura ambiente).<\/li>\n<li><strong>Instalar e testar: <\/strong>Confirme o ajuste sem vazamentos.<\/li>\n<\/ol>\n<p>Nossos g\u00e9is de silicone de cura de platina s\u00e3o ecologicamente corretos, com baixo teor de VOCs.<\/p>\n<p><em>\"Isso <\/em>gel de silicone<em>\u00a0melhorou nossa HEPA <\/em>filtro<em>\u00a0integridade. O <\/em>autocura<em>\u00a0e direto <\/em>fabricante<em>\u00a0O apoio da equipe \u00e9 inestim\u00e1vel\".<\/em>\u00a0&#8211; <strong>Cliente satisfeito (setor de filtragem)<\/strong><\/p>\n<p>Aumente o desempenho de seu filtro HEPA. Como uma f\u00e1brica dedicada de borracha de silicone e silicone em gel, fornecemos aos fabricantes de filtros HEPA gel de silicone l\u00edquido de qualidade superior. Entre em contato conosco para discutir suas necessidades de veda\u00e7\u00e3o de gel de filtro HEPA e melhorar a qualidade do seu produto.<\/p>\n<h2><strong>Produto<\/strong> Vantagens<strong> Resumo (ponto de vista do cliente):<\/strong><\/h2>\n<p>Garanta a m\u00e1xima pureza do ar com nossa veda\u00e7\u00e3o de gel HEPA autocurativa. Silicone personalizado, direto da f\u00e1brica, para confiabilidade inigual\u00e1vel do filtro. Entre em contato conosco!<\/p>\n<p><strong>Armazenamento:<\/strong><\/p>\n<p>Armazene em um local fresco e seco por 18 meses a partir da data de produ\u00e7\u00e3o.<\/p>\n<p><strong>Dicas de aquecimento:<\/strong><\/p>\n<p>* Deve ser armazenado em um local seco em sua embalagem original lacrada.<\/p>\n<p>* Leia cuidadosamente a folha de dados de seguran\u00e7a do produto (MSDS) antes de us\u00e1-lo, que pode ser obtida com o fornecedor.<\/p>\n<p>&nbsp;<\/p>","protected":false},"excerpt":{"rendered":"<p>O Topsil Silicone Gel TP-012 \u00e9 uma borracha de silicone RTV-2 derram\u00e1vel, de cura por adi\u00e7\u00e3o, que vulcaniza em temperatura ambiente. Com retardante de chamas, listado pela UL como 94HB, resist\u00eancia a altas temperaturas e excelente resist\u00eancia a intemp\u00e9ries, \u00e9 excelente para encapsulamento de componentes eletr\u00f4nicos para os setores automotivo e de eletr\u00f4nica de pot\u00eancia; encapsulamento de c\u00e9lulas solares; produ\u00e7\u00e3o de elementos de amortecimento; veda\u00e7\u00e3o de filtros de salas limpas.<\/p>","protected":false},"featured_media":3697,"comment_status":"open","ping_status":"closed","template":"","meta":{"_uag_custom_page_level_css":""},"product_brand":[],"product_cat":[129],"product_tag":[107],"class_list":{"0":"post-3386","1":"product","2":"type-product","3":"status-publish","4":"has-post-thumbnail","6":"product_cat-electronic-silicone-gel","7":"product_tag-platinum-cure-silicone-rubber","9":"first","10":"instock","11":"shipping-taxable","12":"product-type-simple"},"uagb_featured_image_src":{"full":["https:\/\/topsilsilicone.com\/wp-content\/uploads\/silicone-gel-for-air-filer-sealing.webp",800,800,false],"thumbnail":["https:\/\/topsilsilicone.com\/wp-content\/uploads\/silicone-gel-for-air-filer-sealing-150x150.webp",150,150,true],"medium":["https:\/\/topsilsilicone.com\/wp-content\/uploads\/silicone-gel-for-air-filer-sealing-300x300.webp",300,300,true],"medium_large":["https:\/\/topsilsilicone.com\/wp-content\/uploads\/silicone-gel-for-air-filer-sealing-768x768.webp",768,768,true],"large":["https:\/\/topsilsilicone.com\/wp-content\/uploads\/silicone-gel-for-air-filer-sealing.webp",800,800,false],"1536x1536":["https:\/\/topsilsilicone.com\/wp-content\/uploads\/silicone-gel-for-air-filer-sealing.webp",800,800,false],"2048x2048":["https:\/\/topsilsilicone.com\/wp-content\/uploads\/silicone-gel-for-air-filer-sealing.webp",800,800,false],"trp-custom-language-flag":["https:\/\/topsilsilicone.com\/wp-content\/uploads\/silicone-gel-for-air-filer-sealing.webp",12,12,false],"woocommerce_thumbnail":["https:\/\/topsilsilicone.com\/wp-content\/uploads\/silicone-gel-for-air-filer-sealing-300x300.webp",300,300,true],"woocommerce_single":["https:\/\/topsilsilicone.com\/wp-content\/uploads\/silicone-gel-for-air-filer-sealing-600x600.webp",600,600,true],"woocommerce_gallery_thumbnail":["https:\/\/topsilsilicone.com\/wp-content\/uploads\/silicone-gel-for-air-filer-sealing-100x100.webp",100,100,true]},"uagb_author_info":{"display_name":"Brian","author_link":"https:\/\/topsilsilicone.com\/pt\/author\/"},"uagb_comment_info":0,"uagb_excerpt":"Topsil Silicone Gel TP-012 is a pourable, addition-curing, RTV-2 silicone rubber that vulcanizes at room temperature. With the flame retardant, UL-listed 94HB, and high temperature resistance and outstanding weather resistance, it's excellent for encapsulation of electronic components for the automotive and power electronics industries; encapsulation of solar cells; production of damping elements; sealing of clean&hellip;","_links":{"self":[{"href":"https:\/\/topsilsilicone.com\/pt\/wp-json\/wp\/v2\/product\/3386","targetHints":{"allow":["GET"]}}],"collection":[{"href":"https:\/\/topsilsilicone.com\/pt\/wp-json\/wp\/v2\/product"}],"about":[{"href":"https:\/\/topsilsilicone.com\/pt\/wp-json\/wp\/v2\/types\/product"}],"replies":[{"embeddable":true,"href":"https:\/\/topsilsilicone.com\/pt\/wp-json\/wp\/v2\/comments?post=3386"}],"version-history":[{"count":4,"href":"https:\/\/topsilsilicone.com\/pt\/wp-json\/wp\/v2\/product\/3386\/revisions"}],"predecessor-version":[{"id":6431,"href":"https:\/\/topsilsilicone.com\/pt\/wp-json\/wp\/v2\/product\/3386\/revisions\/6431"}],"wp:featuredmedia":[{"embeddable":true,"href":"https:\/\/topsilsilicone.com\/pt\/wp-json\/wp\/v2\/media\/3697"}],"wp:attachment":[{"href":"https:\/\/topsilsilicone.com\/pt\/wp-json\/wp\/v2\/media?parent=3386"}],"wp:term":[{"taxonomy":"product_brand","embeddable":true,"href":"https:\/\/topsilsilicone.com\/pt\/wp-json\/wp\/v2\/product_brand?post=3386"},{"taxonomy":"product_cat","embeddable":true,"href":"https:\/\/topsilsilicone.com\/pt\/wp-json\/wp\/v2\/product_cat?post=3386"},{"taxonomy":"product_tag","embeddable":true,"href":"https:\/\/topsilsilicone.com\/pt\/wp-json\/wp\/v2\/product_tag?post=3386"}],"curies":[{"name":"wp","href":"https:\/\/api.w.org\/{rel}","templated":true}]}}