{"id":3706,"date":"2025-02-18T16:22:29","date_gmt":"2025-02-18T08:22:29","guid":{"rendered":"http:\/\/topsilsilicone.com\/?post_type=product&#038;p=3706"},"modified":"2026-04-27T17:07:57","modified_gmt":"2026-04-27T09:07:57","slug":"gel-de-silicone-para-cabos-isolados-e-acessorios-para-cabos","status":"publish","type":"product","link":"https:\/\/topsilsilicone.com\/pt\/product\/gel-de-silicone-para-cabos-isolados-e-acessorios-para-cabos\/","title":{"rendered":"Gel de silicone para cabos isolados e acess\u00f3rios para cabos"},"content":{"rendered":"<div data-elementor-type=\"product-post\" data-elementor-id=\"3706\" class=\"elementor elementor-3706\" data-elementor-post-type=\"product\">\n\t\t\t\t\t\t<section class=\"elementor-section elementor-top-section elementor-element elementor-element-139da043 elementor-section-boxed elementor-section-height-default elementor-section-height-default\" data-id=\"139da043\" data-element_type=\"section\">\n\t\t\t\t\t\t<div class=\"elementor-container elementor-column-gap-default\">\n\t\t\t\t\t<div class=\"elementor-column elementor-col-100 elementor-top-column elementor-element elementor-element-473d9c6f\" data-id=\"473d9c6f\" data-element_type=\"column\">\n\t\t\t<div class=\"elementor-widget-wrap elementor-element-populated\">\n\t\t\t\t\t\t<div class=\"elementor-element elementor-element-59ea726e elementor-widget elementor-widget-text-editor\" data-id=\"59ea726e\" data-element_type=\"widget\" data-widget_type=\"text-editor.default\">\n\t\t\t\t<div class=\"elementor-widget-container\">\n\t\t\t\t\t\t\t\t\t<h2>Gel de silicone IP68 para jun\u00e7\u00f5es de cabos: Prote\u00e7\u00e3o m\u00e1xima, simplificada<\/h2><p>A prote\u00e7\u00e3o das conex\u00f5es el\u00e9tricas contra os elementos n\u00e3o \u00e9 negoci\u00e1vel. Para os fabricantes de acess\u00f3rios para cabos e caixas de jun\u00e7\u00e3o, a confiabilidade da veda\u00e7\u00e3o do seu produto pode definir a sua reputa\u00e7\u00e3o. Uma \u00fanica falha devido \u00e0 entrada de umidade ou poeira leva a reparos caros e prejudica a confian\u00e7a. Como uma f\u00e1brica direta de borracha de silicone l\u00edquido avan\u00e7ado, desenvolvemos a solu\u00e7\u00e3o: um gel de silicone superior que proporciona uma veda\u00e7\u00e3o permanente e confi\u00e1vel com facilidade inigual\u00e1vel de uso ou isolamento de qualquer coisa.<\/p><p>A parceria conosco - o fabricante - oferece a voc\u00ea uma linha direta com qualidade consistente e conhecimento t\u00e9cnico. Fornecemos a integridade do material de que voc\u00ea precisa para criar produtos duradouros.<\/p><h3><strong><b> <img fetchpriority=\"high\" decoding=\"async\" class=\"aligncenter wp-image-3714 size-large lazyload\" src=\"data:image\/gif;base64,R0lGODlhAQABAIAAAAAAAP\/\/\/yH5BAEAAAAALAAAAAABAAEAAAIBRAA7\" data-src=\"https:\/\/topsilsilicone.com\/wp-content\/uploads\/5-1024x580.webp\" alt=\"\" width=\"1024\" height=\"580\" \/><noscript><img decoding=\"async\" class=\"aligncenter wp-image-3714 size-large lazyload\" src=\"https:\/\/topsilsilicone.com\/wp-content\/uploads\/5-1024x580.webp\" alt=\"\" width=\"1024\" height=\"580\" srcset=\"https:\/\/topsilsilicone.com\/wp-content\/uploads\/5-1024x580.webp 1024w, https:\/\/topsilsilicone.com\/wp-content\/uploads\/5-300x170.webp 300w, https:\/\/topsilsilicone.com\/wp-content\/uploads\/5-768x435.webp 768w, https:\/\/topsilsilicone.com\/wp-content\/uploads\/5-1536x870.webp 1536w, https:\/\/topsilsilicone.com\/wp-content\/uploads\/5-2048x1160.webp 2048w, https:\/\/topsilsilicone.com\/wp-content\/uploads\/5-600x340.webp 600w\" sizes=\"(max-width: 1024px) 100vw, 1024px\" \/><\/noscript><\/b><\/strong><\/h3><h3><strong><b>\u00a0<\/b><\/strong><\/h3><h3>Prote\u00e7\u00e3o absoluta, garantida<\/h3><p>Nosso silicone foi projetado para fornecer uma barreira robusta contra as condi\u00e7\u00f5es ambientais mais adversas. N\u00e3o se trata apenas de um enchimento; \u00e9 um isolante avan\u00e7ado que garante a integridade operacional de longo prazo.<\/p><ul><li><strong>Veda\u00e7\u00e3o \u00e0 prova d'\u00e1gua IP68: <\/strong>O gel \u00e9 inerentemente hidrof\u00f3bico, repelindo ativamente a \u00e1gua para criar uma veda\u00e7\u00e3o completa e permanente \u00e0 prova d'\u00e1gua e de poeira em torno de qualquer junta ou conector de cabo.<\/li><li><strong>Alto isolamento el\u00e9trico:<\/strong>Com sua alta rigidez diel\u00e9trica, nosso silicone evita a forma\u00e7\u00e3o de arcos e curtos-circuitos, tornando-o o isolamento perfeito para uma ampla gama de aplica\u00e7\u00f5es, desde ilumina\u00e7\u00e3o de baixa tens\u00e3o at\u00e9 cabos de energia de m\u00e9dia tens\u00e3o.<\/li><li><strong>Dur\u00e1vel e flex\u00edvel:<\/strong>Ao contr\u00e1rio dos compostos de resina fr\u00e1geis que racham sob estresse, nosso silicone continua sendo um elast\u00f4mero flex\u00edvel. Ele absorve as vibra\u00e7\u00f5es e a expans\u00e3o t\u00e9rmica sem perder sua veda\u00e7\u00e3o, garantindo prote\u00e7\u00e3o e isolamento duradouros. Sua excelente resist\u00eancia qu\u00edmica e estabilidade contra raios UV e oxida\u00e7\u00e3o evitam a degrada\u00e7\u00e3o ao longo do tempo. Os princ\u00edpios de veda\u00e7\u00e3o dur\u00e1vel tamb\u00e9m s\u00e3o essenciais em aplica\u00e7\u00f5es industriais exigentes, como <a href=\"https:\/\/topsilsilicone.com\/pt\/product\/silicone-para-fabricacao-de-moldes-de-cosplay\/\"><u>Silicone para moldagem de GRC\/GRG\/GFRC<\/u><\/a>.<\/li><\/ul><p>Nosso objetivo era uma solu\u00e7\u00e3o do tipo \"encaixe e esque\u00e7a\". Uma veda\u00e7\u00e3o que funcionasse instantaneamente e durasse d\u00e9cadas. Esse gel de silicone consegue isso, proporcionando total confian\u00e7a em qualquer instala\u00e7\u00e3o el\u00e9trica.\"<\/p><h3><strong><b> <img decoding=\"async\" class=\"aligncenter wp-image-3715 size-full lazyload\" src=\"data:image\/gif;base64,R0lGODlhAQABAIAAAAAAAP\/\/\/yH5BAEAAAAALAAAAAABAAEAAAIBRAA7\" data-src=\"https:\/\/topsilsilicone.com\/wp-content\/uploads\/1.webp\" alt=\"\" width=\"622\" height=\"522\" \/><noscript><img loading=\"lazy\" decoding=\"async\" class=\"aligncenter wp-image-3715 size-full lazyload\" src=\"https:\/\/topsilsilicone.com\/wp-content\/uploads\/1.webp\" alt=\"\" width=\"622\" height=\"522\" srcset=\"https:\/\/topsilsilicone.com\/wp-content\/uploads\/1.webp 622w, https:\/\/topsilsilicone.com\/wp-content\/uploads\/1-300x252.webp 300w, https:\/\/topsilsilicone.com\/wp-content\/uploads\/1-600x504.webp 600w\" sizes=\"(max-width: 622px) 100vw, 622px\" \/><\/noscript><\/b><\/strong><\/h3><h3><strong><b>\u00a0<\/b><\/strong><\/h3><h3>Instala\u00e7\u00e3o sem esfor\u00e7o, efici\u00eancia comprovada<\/h3><p>Tempo \u00e9 dinheiro em qualquer projeto. Processos complexos e de v\u00e1rias etapas para vedar conex\u00f5es de cabos aumentam os custos de m\u00e3o de obra e o risco de erros. Nossa tecnologia pressgel pronta para uso revoluciona o processo de instala\u00e7\u00e3o.<\/p><p>N\u00e3o \u00e9 preciso misturar no local, esperar a cura e n\u00e3o s\u00e3o necess\u00e1rias ferramentas especiais. Os t\u00e9cnicos simplesmente colocam o conector do cabo dentro do inv\u00f3lucro pr\u00e9-preenchido e o fecham. A junta \u00e9 imediatamente protegida. Essa simplicidade n\u00e3o apenas acelera o trabalho, mas tamb\u00e9m garante um resultado perfeito e repet\u00edvel todas as vezes. Al\u00e9m disso, a conex\u00e3o pode ser totalmente reinserida para manuten\u00e7\u00e3o - uma vantagem importante em rela\u00e7\u00e3o aos compostos de envasamento permanentes. Esse foco na efici\u00eancia \u00e9 um princ\u00edpio fundamental, quer estejamos projetando para prote\u00e7\u00e3o el\u00e9trica ou para processos de fabrica\u00e7\u00e3o simplificados.<\/p><p><strong>\u00a0<\/strong><\/p><p><strong>\u00a0<\/strong><\/p><p>Gel de silicone vs. m\u00e9todos tradicionais<\/p><table><tbody><tr><td><strong><b>Recurso<\/b><\/strong><\/td><td><strong><b>Nosso gel de silicone\u00a0<\/b><\/strong><\/td><td><strong><b>Resina de poliuretano<\/b><\/strong><\/td><\/tr><tr><td><strong>Tempo de instala\u00e7\u00e3o<\/strong><\/td><td>\u00a0 \u00a01 minuto<\/td><td>15 a 30 minutos<\/td><\/tr><tr><td><strong>Capacidade de reentrada<\/strong><\/td><td>Totalmente reentr\u00e1vel<\/td><td>N\u00e3o (Remo\u00e7\u00e3o destrutiva)<\/td><\/tr><tr><td><strong>Seguran\u00e7a<\/strong><\/td><td>N\u00e3o t\u00f3xico, sem VOCs<\/td><td>Risco qu\u00edmico<\/td><\/tr><tr><td><strong>Confiabilidade<\/strong><\/td><td>Independente do operador<\/td><td>Depende da mistura correta<\/td><\/tr><\/tbody><\/table><h3><strong><b>\u00a0<\/b><\/strong><\/h3><h3><strong><b><img loading=\"lazy\" decoding=\"async\" class=\"aligncenter wp-image-3712 size-full lazyload\" src=\"data:image\/gif;base64,R0lGODlhAQABAIAAAAAAAP\/\/\/yH5BAEAAAAALAAAAAABAAEAAAIBRAA7\" data-src=\"https:\/\/topsilsilicone.com\/wp-content\/uploads\/Silicone-Plugging-Agent-for-State-Grid-Bidding.webp\" alt=\"\" width=\"800\" height=\"800\" \/><noscript><img loading=\"lazy\" decoding=\"async\" class=\"aligncenter wp-image-3712 size-full lazyload\" src=\"https:\/\/topsilsilicone.com\/wp-content\/uploads\/Silicone-Plugging-Agent-for-State-Grid-Bidding.webp\" alt=\"\" width=\"800\" height=\"800\" srcset=\"https:\/\/topsilsilicone.com\/wp-content\/uploads\/Silicone-Plugging-Agent-for-State-Grid-Bidding.webp 800w, https:\/\/topsilsilicone.com\/wp-content\/uploads\/Silicone-Plugging-Agent-for-State-Grid-Bidding-300x300.webp 300w, https:\/\/topsilsilicone.com\/wp-content\/uploads\/Silicone-Plugging-Agent-for-State-Grid-Bidding-150x150.webp 150w, https:\/\/topsilsilicone.com\/wp-content\/uploads\/Silicone-Plugging-Agent-for-State-Grid-Bidding-768x768.webp 768w, https:\/\/topsilsilicone.com\/wp-content\/uploads\/Silicone-Plugging-Agent-for-State-Grid-Bidding-600x600.webp 600w, https:\/\/topsilsilicone.com\/wp-content\/uploads\/Silicone-Plugging-Agent-for-State-Grid-Bidding-100x100.webp 100w\" sizes=\"(max-width: 800px) 100vw, 800px\" \/><\/noscript>\u00a0<\/b><\/strong><\/h3><h3>Nossa vantagem: Qualidade e parceria<\/h3><p>Quando voc\u00ea compra de n\u00f3s, recebe mais do que apenas um produto; voc\u00ea ganha um parceiro de fabrica\u00e7\u00e3o.<\/p><p>Controlamos toda a produ\u00e7\u00e3o de nossa borracha de silicone l\u00edquido, garantindo a mais alta pureza e qualidade consistente em cada lote.<\/p><p>Esse relacionamento direto da f\u00e1brica significa que seus acess\u00f3rios para cabos e caixas de jun\u00e7\u00e3o de silicone s\u00e3o constru\u00eddos sobre uma base de ci\u00eancia comprovada de materiais. Podemos trabalhar com a sua equipe para adaptar a viscosidade, o tempo de gel ou at\u00e9 mesmo a cor para que se integrem perfeitamente \u00e0s suas linhas de produ\u00e7\u00e3o, um n\u00edvel de colabora\u00e7\u00e3o essencial em \u00e1reas como <a href=\"https:\/\/topsilsilicone.com\/pt\/product\/platinum-cure-silicone-rubber-mold-making\/\"><u>Fundi\u00e7\u00e3o de prototipagem r\u00e1pida<\/u><\/a>. Nosso conhecimento especializado em moldagem de silicone \u00e9 amplo, abrangendo tudo, desde os mais complexos\u00a0<a href=\"https:\/\/topsilsilicone.com\/pt\/product\/tin-cure-silicone-rubber-resin-plaster-bronze-casting-candle-soap-mold-making\/\"><u>fabrica\u00e7\u00e3o de moldes de resina<\/u><\/a>\u00a0a materiais robustos para <a href=\"https:\/\/topsilsilicone.com\/pt\/product\/3846\/\"><u>Moldagem de suportes de escalada<\/u><\/a>.<\/p><p>Pare de se comprometer com m\u00e9todos de veda\u00e7\u00e3o confusos e pouco confi\u00e1veis. Atualize seus produtos com uma solu\u00e7\u00e3o projetada. Entre em contato conosco hoje mesmo para discutir suas necessidades de fabrica\u00e7\u00e3o e garantir um parceiro de cadeia de suprimentos dedicado ao seu sucesso.<\/p><p><strong>\u00a0<\/strong><\/p><p><strong>\u00a0<\/strong><\/p><p><strong>Resumo das vantagens do produto:<\/strong><\/p><p>Obtenha prote\u00e7\u00e3o IP68 total para suas juntas de cabos com nosso gel de silicone reinser\u00edvel e f\u00e1cil de usar. Simplifique a instala\u00e7\u00e3o e garanta a m\u00e1xima confiabilidade.<\/p>\t\t\t\t\t\t\t\t<\/div>\n\t\t\t\t<\/div>\n\t\t\t\t\t<\/div>\n\t\t<\/div>\n\t\t\t\t\t<\/div>\n\t\t<\/section>\n\t\t\t\t<\/div>","protected":false},"excerpt":{"rendered":"<p>O Topsil Silicone Gel \u00e9 uma borracha de silicone RTV-2 derram\u00e1vel, de cura por adi\u00e7\u00e3o, que vulcaniza em temperatura ambiente. Com retardante de chamas, listado pela UL como 94HB, resist\u00eancia a altas temperaturas e excelente resist\u00eancia a intemp\u00e9ries, \u00e9 excelente para encapsulamento de cabos isolados e acess\u00f3rios para cabos e para os setores automotivo e de eletr\u00f4nica de pot\u00eancia, encapsulamento de c\u00e9lulas solares etc.<\/p>","protected":false},"featured_media":3712,"comment_status":"open","ping_status":"closed","template":"","meta":{"_uag_custom_page_level_css":""},"product_brand":[],"product_cat":[129],"product_tag":[138,128],"class_list":{"0":"post-3706","1":"product","2":"type-product","3":"status-publish","4":"has-post-thumbnail","6":"product_cat-electronic-silicone-gel","7":"product_tag-cable-accessories","8":"product_tag-silicone-gel","10":"first","11":"instock","12":"shipping-taxable","13":"product-type-simple"},"uagb_featured_image_src":{"full":["https:\/\/topsilsilicone.com\/wp-content\/uploads\/Silicone-Plugging-Agent-for-State-Grid-Bidding.webp",800,800,false],"thumbnail":["https:\/\/topsilsilicone.com\/wp-content\/uploads\/Silicone-Plugging-Agent-for-State-Grid-Bidding-150x150.webp",150,150,true],"medium":["https:\/\/topsilsilicone.com\/wp-content\/uploads\/Silicone-Plugging-Agent-for-State-Grid-Bidding-300x300.webp",300,300,true],"medium_large":["https:\/\/topsilsilicone.com\/wp-content\/uploads\/Silicone-Plugging-Agent-for-State-Grid-Bidding-768x768.webp",768,768,true],"large":["https:\/\/topsilsilicone.com\/wp-content\/uploads\/Silicone-Plugging-Agent-for-State-Grid-Bidding.webp",800,800,false],"1536x1536":["https:\/\/topsilsilicone.com\/wp-content\/uploads\/Silicone-Plugging-Agent-for-State-Grid-Bidding.webp",800,800,false],"2048x2048":["https:\/\/topsilsilicone.com\/wp-content\/uploads\/Silicone-Plugging-Agent-for-State-Grid-Bidding.webp",800,800,false],"trp-custom-language-flag":["https:\/\/topsilsilicone.com\/wp-content\/uploads\/Silicone-Plugging-Agent-for-State-Grid-Bidding.webp",12,12,false],"woocommerce_thumbnail":["https:\/\/topsilsilicone.com\/wp-content\/uploads\/Silicone-Plugging-Agent-for-State-Grid-Bidding-300x300.webp",300,300,true],"woocommerce_single":["https:\/\/topsilsilicone.com\/wp-content\/uploads\/Silicone-Plugging-Agent-for-State-Grid-Bidding-600x600.webp",600,600,true],"woocommerce_gallery_thumbnail":["https:\/\/topsilsilicone.com\/wp-content\/uploads\/Silicone-Plugging-Agent-for-State-Grid-Bidding-100x100.webp",100,100,true]},"uagb_author_info":{"display_name":"Brian","author_link":"https:\/\/topsilsilicone.com\/pt\/author\/"},"uagb_comment_info":0,"uagb_excerpt":"Topsil Silicone Gel is a pourable, addition-curing, RTV-2 silicone rubber that vulcanizes at room temperature. With the flame retardant, UL listed 94HB, and high temperature resistance and outstanding weather resistance, it\u2019s excellent for encapsulation of insulated cable and cable Accessories. and for the automotive and power electronics industries, encapsulation of solar cells, etc.","_links":{"self":[{"href":"https:\/\/topsilsilicone.com\/pt\/wp-json\/wp\/v2\/product\/3706","targetHints":{"allow":["GET"]}}],"collection":[{"href":"https:\/\/topsilsilicone.com\/pt\/wp-json\/wp\/v2\/product"}],"about":[{"href":"https:\/\/topsilsilicone.com\/pt\/wp-json\/wp\/v2\/types\/product"}],"replies":[{"embeddable":true,"href":"https:\/\/topsilsilicone.com\/pt\/wp-json\/wp\/v2\/comments?post=3706"}],"version-history":[{"count":1,"href":"https:\/\/topsilsilicone.com\/pt\/wp-json\/wp\/v2\/product\/3706\/revisions"}],"predecessor-version":[{"id":7024,"href":"https:\/\/topsilsilicone.com\/pt\/wp-json\/wp\/v2\/product\/3706\/revisions\/7024"}],"wp:featuredmedia":[{"embeddable":true,"href":"https:\/\/topsilsilicone.com\/pt\/wp-json\/wp\/v2\/media\/3712"}],"wp:attachment":[{"href":"https:\/\/topsilsilicone.com\/pt\/wp-json\/wp\/v2\/media?parent=3706"}],"wp:term":[{"taxonomy":"product_brand","embeddable":true,"href":"https:\/\/topsilsilicone.com\/pt\/wp-json\/wp\/v2\/product_brand?post=3706"},{"taxonomy":"product_cat","embeddable":true,"href":"https:\/\/topsilsilicone.com\/pt\/wp-json\/wp\/v2\/product_cat?post=3706"},{"taxonomy":"product_tag","embeddable":true,"href":"https:\/\/topsilsilicone.com\/pt\/wp-json\/wp\/v2\/product_tag?post=3706"}],"curies":[{"name":"wp","href":"https:\/\/api.w.org\/{rel}","templated":true}]}}