{"id":3824,"date":"2025-02-21T19:14:42","date_gmt":"2025-02-21T11:14:42","guid":{"rendered":"http:\/\/topsilsilicone.com\/?post_type=product&#038;p=3824"},"modified":"2025-09-23T21:53:19","modified_gmt":"2025-09-23T13:53:19","slug":"silicone-para-fabricacao-de-moldes-para-moveis","status":"publish","type":"product","link":"https:\/\/topsilsilicone.com\/pt\/product\/silicone-para-fabricacao-de-moldes-para-moveis\/","title":{"rendered":"Silicone para fabrica\u00e7\u00e3o de moldes para m\u00f3veis"},"content":{"rendered":"<div class=\"ds-markdown ds-markdown--block\">\n<p>Deseja dar uma nova apar\u00eancia \u00e0 sua cadeira? Ou fazer uma mesa divertida? Nosso kit de moldes de borracha de silicone est\u00e1 aqui para ajudar! Ele tem materiais especiais para a fabrica\u00e7\u00e3o de moldes para m\u00f3veis.<\/p>\n<h3><strong><b><img fetchpriority=\"high\" decoding=\"async\" class=\"aligncenter wp-image-3825 size-large lazyload\" src=\"data:image\/gif;base64,R0lGODlhAQABAIAAAAAAAP\/\/\/yH5BAEAAAAALAAAAAABAAEAAAIBRAA7\" data-src=\"http:\/\/topsilsilicone.com\/wp-content\/uploads\/1jpg-789x1024.jpg\" alt=\"\" width=\"789\" height=\"1024\" \/><noscript><img decoding=\"async\" class=\"aligncenter wp-image-3825 size-large lazyload\" src=\"http:\/\/topsilsilicone.com\/wp-content\/uploads\/1jpg-789x1024.jpg\" alt=\"\" width=\"789\" height=\"1024\" srcset=\"https:\/\/topsilsilicone.com\/wp-content\/uploads\/1jpg-789x1024.jpg 789w, https:\/\/topsilsilicone.com\/wp-content\/uploads\/1jpg-231x300.jpg 231w, https:\/\/topsilsilicone.com\/wp-content\/uploads\/1jpg-768x996.jpg 768w, https:\/\/topsilsilicone.com\/wp-content\/uploads\/1jpg-600x778.jpg 600w, https:\/\/topsilsilicone.com\/wp-content\/uploads\/1jpg.jpg 1130w\" sizes=\"(max-width: 789px) 100vw, 789px\" \/><\/noscript><\/b><\/strong><\/h3>\n<h3><\/h3>\n<h3>Vantagens do nosso silicone para fabrica\u00e7\u00e3o de moldes de m\u00f3veis<\/h3>\n<p><strong>F\u00e1cil de misturar!\u00a0<\/strong><\/p>\n<p>\u00c9 como misturar duas cores de tinta. Este \u00e9 um silicone de cura platina. Isso significa que \u00e9 um material bom! \u00c9 uma mistura para moldes de silicone de duas partes. Voc\u00ea mistura a Parte A e a Parte B. \u00c9 f\u00e1cil com uma propor\u00e7\u00e3o de mistura de 1:1. Nossa borracha de silicone l\u00edquido n\u00e3o \u00e9 muito espessa. \u00c9 um silicone de baixa viscosidade. Portanto, ele entra em todos os pontos min\u00fasculos.<\/p>\n<p>&nbsp;<\/p>\n<p><strong><b>Seguro para voc\u00ea!<\/b><\/strong><\/p>\n<p>Esse silicone \u00e9 seguro. Tem conformidade com silicone de grau aliment\u00edcio. \u00c9 um silicone compat\u00edvel com o FDA. Portanto, voc\u00ea pode at\u00e9 mesmo criar formas de comida para seus brinquedos! Fazemos testes de toxicidade do silicone para garantir que ele seja seguro.<\/p>\n<p>&nbsp;<\/p>\n<p><strong><b>Super forte e flex\u00edvel!<\/b><\/strong><\/p>\n<p>Os moldes que voc\u00ea fizer ser\u00e3o resistentes. Eles t\u00eam durabilidade nos moldes de silicone. Ele pode esquentar. Esse \u00e9 um silicone de alta temperatura. Tamb\u00e9m \u00e9 um silicone resistente ao calor. \u00c9 um tipo de elast\u00f4mero de silicone, portanto, \u00e9 flex\u00edvel, mas resistente. Tem boa dureza de silicone (escala Shore) e resist\u00eancia \u00e0 tra\u00e7\u00e3o de silicone. \u00c9 um silicone resistente \u00e0 abras\u00e3o e ao rasgo. N\u00e3o se importa com o sol, portanto \u00e9 um silicone resistente a raios UV. N\u00e3o se importa com o ar \u00famido, por isso \u00e9 um silicone resistente \u00e0 umidade.<\/p>\n<p>&nbsp;<\/p>\n<p><strong><b>Cria formas claras!<\/b><\/strong><\/p>\n<p>Voc\u00ea pode ver cada linha min\u00fascula. Isso \u00e9 bom para o design de moldes para m\u00f3veis. Voc\u00ea pode fazer detalhes intrincados no molde para obter uma apar\u00eancia sofisticada. Ajuda na fabrica\u00e7\u00e3o de moldes de precis\u00e3o. O acabamento da superf\u00edcie dos moldes ser\u00e1 suave. A taxa de encolhimento do silicone \u00e9 quase nula. Isso significa encolhimento insignificante e alta precis\u00e3o para suas pe\u00e7as!<\/p>\n<h2><img decoding=\"async\" class=\"aligncenter wp-image-3829 size-large lazyload\" src=\"data:image\/gif;base64,R0lGODlhAQABAIAAAAAAAP\/\/\/yH5BAEAAAAALAAAAAABAAEAAAIBRAA7\" data-src=\"http:\/\/topsilsilicone.com\/wp-content\/uploads\/5-2-1024x914.png\" alt=\"\" width=\"800\" height=\"714\" \/><noscript><img loading=\"lazy\" decoding=\"async\" class=\"aligncenter wp-image-3829 size-large lazyload\" src=\"http:\/\/topsilsilicone.com\/wp-content\/uploads\/5-2-1024x914.png\" alt=\"\" width=\"800\" height=\"714\" srcset=\"https:\/\/topsilsilicone.com\/wp-content\/uploads\/5-2-1024x914.png 1024w, https:\/\/topsilsilicone.com\/wp-content\/uploads\/5-2-300x268.png 300w, https:\/\/topsilsilicone.com\/wp-content\/uploads\/5-2-768x685.png 768w, https:\/\/topsilsilicone.com\/wp-content\/uploads\/5-2-600x535.png 600w, https:\/\/topsilsilicone.com\/wp-content\/uploads\/5-2.png 1262w\" sizes=\"(max-width: 800px) 100vw, 800px\" \/><\/noscript><\/h2>\n<h3><\/h3>\n<h3>Que coisas divertidas voc\u00ea pode fazer?<\/h3>\n<p>Voc\u00ea pode fazer <strong><b>moldes<\/b><\/strong>\u00a0para muitos <strong><b>m\u00f3veis<\/b><\/strong>\u00a0pe\u00e7as!<\/p>\n<ul>\n<li>Apliques para m\u00f3veis (como lindas flores para uma gaveta)<\/li>\n<li>Elementos decorativos para m\u00f3veis (formas divertidas para adicionar)<\/li>\n<li>Moldes para pernas de cadeira (fazer novas pernas para uma cadeira de brinquedo)<\/li>\n<li>Moldes para mesas (para mesas pequenas)<\/li>\n<li>Moldes de puxadores de gaveta (novos puxadores para gavetas pequenas)<\/li>\n<li>Conserte brinquedos velhos com o reparo de m\u00f3veis.<\/li>\n<li>Fa\u00e7a prot\u00f3tipos de moldes de m\u00f3veis se voc\u00ea for um designer.<\/li>\n<li>Excelente para moldes de restaura\u00e7\u00e3o de m\u00f3veis. Fa\u00e7a coisas velhas virarem novas!<\/li>\n<li>Fa\u00e7a moldes de gr\u00e3os de madeira para fazer com que as coisas pare\u00e7am madeira.<\/li>\n<li>Copie detalhes ornamentados de m\u00f3veis Art D\u00e9co antigos.<\/li>\n<li>Ou formas elegantes para m\u00f3veis modernos de meados do s\u00e9culo<\/li>\n<\/ul>\n<p>Esse silicone para projetos de marcenaria ajuda a copiar formas. Voc\u00ea pode usar materiais de fundi\u00e7\u00e3o como gesso ou cera. Ele tem boa compatibilidade com resinas de fundi\u00e7\u00e3o. Isso significa que a resina ep\u00f3xi e a resina de poliuretano funcionam bem! Se voc\u00ea faz coisas com resina, consulte nossa <a href=\"http:\/\/topsilsilicone.com\/pt\/product\/platinum-cure-silicone-rubber-mold-making\/\">silicone para fabrica\u00e7\u00e3o de moldes de resina<\/a>!<\/p>\n<p>&nbsp;<\/p>\n<h2><img loading=\"lazy\" decoding=\"async\" class=\"aligncenter wp-image-3809 lazyload\" src=\"data:image\/gif;base64,R0lGODlhAQABAIAAAAAAAP\/\/\/yH5BAEAAAAALAAAAAABAAEAAAIBRAA7\" data-src=\"http:\/\/topsilsilicone.com\/wp-content\/uploads\/3-1.webp\" alt=\"\" width=\"800\" height=\"645\" \/><noscript><img loading=\"lazy\" decoding=\"async\" class=\"aligncenter wp-image-3809 lazyload\" src=\"http:\/\/topsilsilicone.com\/wp-content\/uploads\/3-1.webp\" alt=\"\" width=\"800\" height=\"645\" srcset=\"https:\/\/topsilsilicone.com\/wp-content\/uploads\/3-1.webp 1508w, https:\/\/topsilsilicone.com\/wp-content\/uploads\/3-1-300x242.webp 300w, https:\/\/topsilsilicone.com\/wp-content\/uploads\/3-1-1024x826.webp 1024w, https:\/\/topsilsilicone.com\/wp-content\/uploads\/3-1-768x619.webp 768w, https:\/\/topsilsilicone.com\/wp-content\/uploads\/3-1-600x484.webp 600w\" sizes=\"(max-width: 800px) 100vw, 800px\" \/><\/noscript><\/h2>\n<\/div>\n<h3><\/h3>\n<div class=\"ds-markdown ds-markdown--block\">\n<h3><\/h3>\n<h3>Folha de dados do nosso silicone para fabrica\u00e7\u00e3o de moldes de m\u00f3veis:<\/h3>\n<h2><strong><b> <img loading=\"lazy\" decoding=\"async\" class=\"aligncenter wp-image-3684 lazyload\" src=\"data:image\/gif;base64,R0lGODlhAQABAIAAAAAAAP\/\/\/yH5BAEAAAAALAAAAAABAAEAAAIBRAA7\" data-src=\"http:\/\/topsilsilicone.com\/wp-content\/uploads\/Platinum-slicone-for-resin-molding.webp\" alt=\"\" width=\"800\" height=\"395\" \/><noscript><img loading=\"lazy\" decoding=\"async\" class=\"aligncenter wp-image-3684 lazyload\" src=\"http:\/\/topsilsilicone.com\/wp-content\/uploads\/Platinum-slicone-for-resin-molding.webp\" alt=\"\" width=\"800\" height=\"395\" srcset=\"https:\/\/topsilsilicone.com\/wp-content\/uploads\/Platinum-slicone-for-resin-molding.webp 1372w, https:\/\/topsilsilicone.com\/wp-content\/uploads\/Platinum-slicone-for-resin-molding-300x148.webp 300w, https:\/\/topsilsilicone.com\/wp-content\/uploads\/Platinum-slicone-for-resin-molding-1024x506.webp 1024w, https:\/\/topsilsilicone.com\/wp-content\/uploads\/Platinum-slicone-for-resin-molding-768x380.webp 768w, https:\/\/topsilsilicone.com\/wp-content\/uploads\/Platinum-slicone-for-resin-molding-600x297.webp 600w\" sizes=\"(max-width: 800px) 100vw, 800px\" \/><\/noscript><\/b><\/strong><\/h2>\n<p>&nbsp;<\/p>\n<p>Esse \u00e9 um dos nossos melhores materiais para fabrica\u00e7\u00e3o de moldes para m\u00f3veis! Marcas como Smooth-On, Polytek ou Alumilite produzem silicone de boa qualidade. Voc\u00ea pode encontrar alguns no mercado da UE. Aprenda com os canais de bricolagem! At\u00e9 mesmo o Furniture Today pode falar sobre o novo design de molde para m\u00f3veis.<\/p>\n<h3><strong><b>\u00a0<\/b><\/strong><\/h3>\n<h3><strong><b>\u00a0<\/b><\/strong><\/h3>\n<h3>Como fazer um molde - muito f\u00e1cil!<\/h3>\n<ol>\n<li>Obtenha seu modelo mestre. Essa \u00e9 a forma que voc\u00ea deseja copiar. Voc\u00ea pode fazer um com usinagem CNC ou impress\u00e3o 3D.<\/li>\n<li>Construa uma caixa de molde ao redor de sua forma. Como uma pequena cerca.<\/li>\n<li>Misture a Parte A e a Parte B de nossa borracha de silicone l\u00edquido.<\/li>\n<li>Despeje-o sobre sua forma na caixa.<\/li>\n<\/ol>\n<p>Para misturas muito borbulhantes, algumas pessoas usam m\u00e9todos de silicone de desgaseifica\u00e7\u00e3o a v\u00e1cuo. Mas o nosso geralmente \u00e9 bom!<\/p>\n<ol>\n<li>Aguarde o tempo de cura do silicone.<\/li>\n<li>Retire seus novos materiais de molde flex\u00edveis!<\/li>\n<li>Agora voc\u00ea pode fazer v\u00e1rias c\u00f3pias!<\/li>\n<li>A desmoldagem de pe\u00e7as de m\u00f3veis \u00e9 f\u00e1cil.<\/li>\n<\/ol>\n<p>&nbsp;<\/p>\n<p>Voc\u00ea pode usar aditivos de silicone se quiser cores. Verifique a compatibilidade do pigmento de silicone. Nossos elast\u00f4meros de silicone s\u00e3o de alta qualidade. Boas t\u00e9cnicas de fabrica\u00e7\u00e3o de moldes ajudam a criar bons moldes. At\u00e9 mesmo formas complicadas com cortes inferiores podem ser feitas.<\/p>\n<p><img loading=\"lazy\" decoding=\"async\" class=\"alignnone wp-image-3867 lazyload\" src=\"data:image\/gif;base64,R0lGODlhAQABAIAAAAAAAP\/\/\/yH5BAEAAAAALAAAAAABAAEAAAIBRAA7\" data-src=\"http:\/\/topsilsilicone.com\/wp-content\/uploads\/3-2.webp\" alt=\"\" width=\"800\" height=\"677\" \/><noscript><img loading=\"lazy\" decoding=\"async\" class=\"alignnone wp-image-3867 lazyload\" src=\"http:\/\/topsilsilicone.com\/wp-content\/uploads\/3-2.webp\" alt=\"\" width=\"800\" height=\"677\" srcset=\"https:\/\/topsilsilicone.com\/wp-content\/uploads\/3-2.webp 1318w, https:\/\/topsilsilicone.com\/wp-content\/uploads\/3-2-300x254.webp 300w, https:\/\/topsilsilicone.com\/wp-content\/uploads\/3-2-1024x867.webp 1024w, https:\/\/topsilsilicone.com\/wp-content\/uploads\/3-2-768x650.webp 768w, https:\/\/topsilsilicone.com\/wp-content\/uploads\/3-2-600x508.webp 600w\" sizes=\"(max-width: 800px) 100vw, 800px\" \/><\/noscript><\/p>\n<p>&nbsp;<\/p>\n<p>Para formatos de pedras grandes, experimente nosso <a href=\"http:\/\/topsilsilicone.com\/pt\/product\/silicone-de-cura-de-platina-para-pedra-de-concreto-grc-grp-gfrc-moldagem\/\"><u>silicone para moldagem de concreto e pedra<\/u><\/a>. Como fazer coisas novas e r\u00e1pidas? D\u00ea uma olhada em <a href=\"http:\/\/topsilsilicone.com\/pt\/product\/platinum-cure-silicone-rubber-mold-making\/\"><u>silicone para fundi\u00e7\u00e3o de prototipagem r\u00e1pida<\/u><\/a>. E se voc\u00ea fabrica sapatos, n\u00f3s temos <a href=\"http:\/\/topsilsilicone.com\/pt\/product\/silicones-for-orthotic-application\/\"><u>silicone para fabrica\u00e7\u00e3o de moldes de cal\u00e7ados<\/u><\/a>\u00a0tamb\u00e9m!<\/p>\n<p>&nbsp;<\/p>\n<h3><strong><b>\u00a0<\/b><\/strong><\/h3>\n<h3>Benef\u00edcios ambientais e econ\u00f4micos<\/h3>\n<ul>\n<li><strong>Redu\u00e7\u00e3o de res\u00edduos:<\/strong>Os moldes de silicone s\u00e3o 100% recicl\u00e1veis, ao contr\u00e1rio das alternativas de l\u00e1tex ou uretano.<\/li>\n<li><strong>Efici\u00eancia energ\u00e9tica:<\/strong>Cura em temperatura ambiente, reduzindo os custos de energia.<\/li>\n<li><strong>ROI:<\/strong>Um \u00fanico molde substitui mais de 500 unidades descart\u00e1veis, economizando mais de $10.000 anualmente.<\/li>\n<\/ul>\n<h3><strong><b>\u00a0<\/b><\/strong><\/h3>\n<h3><strong><b>\u00a0<\/b><\/strong><\/h3>\n<h3>Por que ser nosso parceiro?<\/h3>\n<ul>\n<li><strong>Experi\u00eancia global<\/strong>: As f\u00e1bricas com certifica\u00e7\u00e3o ISO garantem uma qualidade consistente.<\/li>\n<li><strong>Solu\u00e7\u00f5es personalizadas<\/strong>: Moldes sob medida para compostos de acr\u00edlico, gesso ou ep\u00f3xi.<\/li>\n<li><strong>R\u00e1pida resposta<\/strong>: Pedidos em massa entregues em 10 a 14 dias.<\/li>\n<\/ul>\n<p>Entre em contato conosco hoje mesmo para solicitar um molde de teste em pequena escala ou discutir o seu projeto!<\/p>\n<h2><strong><b>\u00a0<\/b><\/strong><\/h2>\n<p>&nbsp;<\/p>\n<p>&nbsp;<\/p>\n<p>&nbsp;<\/p>\n<p>&nbsp;<\/p>\n<\/div>\n<p>&nbsp;<\/p>\n<p>&nbsp;<\/p>\n<h2><\/h2>","protected":false},"excerpt":{"rendered":"<p>O silicone Topsil se destaca pela incr\u00edvel resist\u00eancia \u00e0 queima e pelo baixo encolhimento na cura, sendo excelente para a fabrica\u00e7\u00e3o de moldes de m\u00f3veis de resina de poliuretano.<\/p>\n<p><strong><b>Pelo pre\u00e7o,<\/b><\/strong>\u00a0Entre em contato conosco. Um or\u00e7amento detalhado ser\u00e1 enviado para sua refer\u00eancia.<\/p>\n<p><strong><b>Para amostra:\u00a0<\/b><\/strong>fornecido gratuitamente, custo de remessa pago pelo cliente<\/p>\n<p><strong><b>MOQ:<\/b><\/strong> 200 kg<\/p>\n<p><strong><b>C\u00f3digo H.S:<\/b><\/strong>\u00a039100000<\/p>\n<p><strong><b>Termo de troca:<\/b><\/strong>\u00a0EXW\/FOB\/CFR\/CIF\uff0fDDU est\u00e3o dispon\u00edveis<\/p>","protected":false},"featured_media":3833,"comment_status":"open","ping_status":"closed","template":"","meta":{"_uag_custom_page_level_css":""},"product_brand":[],"product_cat":[76],"product_tag":[],"class_list":{"0":"post-3824","1":"product","2":"type-product","3":"status-publish","4":"has-post-thumbnail","6":"product_cat-uncategorized","8":"first","9":"instock","10":"shipping-taxable","11":"product-type-simple"},"uagb_featured_image_src":{"full":["https:\/\/topsilsilicone.com\/wp-content\/uploads\/Silicone-for-Baroque-furniture-molding-1.jpg",800,800,false],"thumbnail":["https:\/\/topsilsilicone.com\/wp-content\/uploads\/Silicone-for-Baroque-furniture-molding-1-150x150.jpg",150,150,true],"medium":["https:\/\/topsilsilicone.com\/wp-content\/uploads\/Silicone-for-Baroque-furniture-molding-1-300x300.jpg",300,300,true],"medium_large":["https:\/\/topsilsilicone.com\/wp-content\/uploads\/Silicone-for-Baroque-furniture-molding-1-768x768.jpg",768,768,true],"large":["https:\/\/topsilsilicone.com\/wp-content\/uploads\/Silicone-for-Baroque-furniture-molding-1.jpg",800,800,false],"1536x1536":["https:\/\/topsilsilicone.com\/wp-content\/uploads\/Silicone-for-Baroque-furniture-molding-1.jpg",800,800,false],"2048x2048":["https:\/\/topsilsilicone.com\/wp-content\/uploads\/Silicone-for-Baroque-furniture-molding-1.jpg",800,800,false],"trp-custom-language-flag":["https:\/\/topsilsilicone.com\/wp-content\/uploads\/Silicone-for-Baroque-furniture-molding-1.jpg",12,12,false],"woocommerce_thumbnail":["https:\/\/topsilsilicone.com\/wp-content\/uploads\/Silicone-for-Baroque-furniture-molding-1-300x300.jpg",300,300,true],"woocommerce_single":["https:\/\/topsilsilicone.com\/wp-content\/uploads\/Silicone-for-Baroque-furniture-molding-1-600x600.jpg",600,600,true],"woocommerce_gallery_thumbnail":["https:\/\/topsilsilicone.com\/wp-content\/uploads\/Silicone-for-Baroque-furniture-molding-1-100x100.jpg",100,100,true]},"uagb_author_info":{"display_name":"Brian","author_link":"https:\/\/topsilsilicone.com\/pt\/author\/"},"uagb_comment_info":0,"uagb_excerpt":"Topsil silicone stand out as the amazing resistance to burn and low shrinkage on cure.it is great for polyurethane resin furniture mold making. For the price,\u00a0please contact us, A details quotation of this will be sent to you for reference. For Sample:\u00a0free provided, shipping cost afford by customer MOQ: 200kg H.S Code:\u00a039100000 Trade Term:\u00a0EXW\/FOB\/CFR\/CIF\uff0fDDU\u00a0are available","_links":{"self":[{"href":"https:\/\/topsilsilicone.com\/pt\/wp-json\/wp\/v2\/product\/3824","targetHints":{"allow":["GET"]}}],"collection":[{"href":"https:\/\/topsilsilicone.com\/pt\/wp-json\/wp\/v2\/product"}],"about":[{"href":"https:\/\/topsilsilicone.com\/pt\/wp-json\/wp\/v2\/types\/product"}],"replies":[{"embeddable":true,"href":"https:\/\/topsilsilicone.com\/pt\/wp-json\/wp\/v2\/comments?post=3824"}],"version-history":[{"count":2,"href":"https:\/\/topsilsilicone.com\/pt\/wp-json\/wp\/v2\/product\/3824\/revisions"}],"predecessor-version":[{"id":4194,"href":"https:\/\/topsilsilicone.com\/pt\/wp-json\/wp\/v2\/product\/3824\/revisions\/4194"}],"wp:featuredmedia":[{"embeddable":true,"href":"https:\/\/topsilsilicone.com\/pt\/wp-json\/wp\/v2\/media\/3833"}],"wp:attachment":[{"href":"https:\/\/topsilsilicone.com\/pt\/wp-json\/wp\/v2\/media?parent=3824"}],"wp:term":[{"taxonomy":"product_brand","embeddable":true,"href":"https:\/\/topsilsilicone.com\/pt\/wp-json\/wp\/v2\/product_brand?post=3824"},{"taxonomy":"product_cat","embeddable":true,"href":"https:\/\/topsilsilicone.com\/pt\/wp-json\/wp\/v2\/product_cat?post=3824"},{"taxonomy":"product_tag","embeddable":true,"href":"https:\/\/topsilsilicone.com\/pt\/wp-json\/wp\/v2\/product_tag?post=3824"}],"curies":[{"name":"wp","href":"https:\/\/api.w.org\/{rel}","templated":true}]}}