{"id":3386,"date":"2024-09-14T18:18:43","date_gmt":"2024-09-14T10:18:43","guid":{"rendered":"http:\/\/topsilsilicone.com\/?post_type=product&#038;p=3386"},"modified":"2026-04-20T15:15:55","modified_gmt":"2026-04-20T07:15:55","slug":"hava-filtresi-sizdirmazligi","status":"publish","type":"product","link":"https:\/\/topsilsilicone.com\/tr\/urun\/hava-filtresi-sizdirmazligi\/","title":{"rendered":"Hava Filtresi S\u0131zd\u0131rmazl\u0131\u011f\u0131 i\u00e7in Silikon Jel"},"content":{"rendered":"<h2>M\u00fckemmel HEPA Contalar: Kritik Hava Safl\u0131\u011f\u0131 i\u00e7in Geli\u015fmi\u015f Silikon Jel<\/h2>\n<p>Temiz odalarda, laboratuvarlarda ve hassas \u00fcretimde kusursuz hava safl\u0131\u011f\u0131 i\u00e7in HEPA filtrenizin b\u00fct\u00fcnl\u00fc\u011f\u00fc \u00e7ok \u00f6nemlidir. S\u0131zd\u0131rmazl\u0131k her \u015feydir. Uzman silikon jel \u00fcreticileri olarak, sa\u011flam HEPA filtre jel conta uygulamalar\u0131 i\u00e7in geli\u015fmi\u015f s\u0131v\u0131 silikon jel sa\u011fl\u0131yoruz. \u00dcr\u00fcn\u00fcm\u00fcz, hava filtreleme sistemlerinizin dayan\u0131kl\u0131, kendi kendini iyile\u015ftiren bir s\u0131zd\u0131rmazl\u0131k ile en y\u00fcksek verimlili\u011fe ula\u015fmas\u0131n\u0131 sa\u011flar. HEPA hava filtrelerinizin en y\u00fcksek standartlar\u0131 kar\u015f\u0131lamas\u0131n\u0131 garanti eden \u00fcst\u00fcn s\u0131v\u0131 silikon kau\u00e7uk form\u00fclasyonlar\u0131 i\u00e7in do\u011frudan silikon jel fabrikam\u0131zla i\u015f ortakl\u0131\u011f\u0131 yap\u0131n.<\/p>\n<h2><strong><b> <img fetchpriority=\"high\" decoding=\"async\" class=\"aligncenter wp-image-3703 size-full lazyload\" src=\"data:image\/gif;base64,R0lGODlhAQABAIAAAAAAAP\/\/\/yH5BAEAAAAALAAAAAABAAEAAAIBRAA7\" data-src=\"http:\/\/topsilsilicone.com\/wp-content\/uploads\/silicone-gel-for-filters-.webp\" alt=\"\" width=\"770\" height=\"602\" \/><noscript><img decoding=\"async\" class=\"aligncenter wp-image-3703 size-full lazyload\" src=\"http:\/\/topsilsilicone.com\/wp-content\/uploads\/silicone-gel-for-filters-.webp\" alt=\"\" width=\"770\" height=\"602\" srcset=\"https:\/\/topsilsilicone.com\/wp-content\/uploads\/silicone-gel-for-filters-.webp 770w, https:\/\/topsilsilicone.com\/wp-content\/uploads\/silicone-gel-for-filters--300x235.webp 300w, https:\/\/topsilsilicone.com\/wp-content\/uploads\/silicone-gel-for-filters--768x600.webp 768w, https:\/\/topsilsilicone.com\/wp-content\/uploads\/silicone-gel-for-filters--600x469.webp 600w\" sizes=\"(max-width: 770px) 100vw, 770px\" \/><\/noscript><\/b><\/strong><\/h2>\n<h2>HEPA Filtre Jel Contas\u0131n\u0131n Hayati Rol\u00fc<\/h2>\n<p>By pass s\u0131z\u0131nt\u0131s\u0131 her t\u00fcrl\u00fc HEPA filtreyi zay\u0131flat\u0131r. HEPA filtre jel conta uygulamalar\u0131 i\u00e7in silikon jelimiz, filtre \u00e7er\u00e7evesinde geleneksel contalardan daha iyi performans g\u00f6steren esnek, hava ge\u00e7irmez bir s\u0131zd\u0131rmazl\u0131k olu\u015fturur.<\/p>\n<ul>\n<li><strong>Kendi Kendini \u0130yile\u015ftirme \u00d6zelli\u011fi:<\/strong> Jel silikonumuz oda s\u0131cakl\u0131\u011f\u0131nda sertle\u015ferek yap\u0131\u015fkan bir jel haline gelir. Rahats\u0131z edilirse, dolgu macunu yeniden \u015fekillenerek filtre b\u00fct\u00fcnl\u00fc\u011f\u00fcn\u00fc korur ve hava safl\u0131\u011f\u0131n\u0131 muhafaza eder. Bu, eczane veya mikro\u00e7ip \u00fcretimi i\u00e7in temiz odalarda zorlu H14 veya ULPA filtre uygulamalar\u0131 i\u00e7in kritik \u00f6neme sahiptir.<\/li>\n<li><strong>Saks\u0131 i\u00e7in Optimize Edilmi\u015ftir:<\/strong> S\u0131v\u0131 silikonumuzun viskozitesi kolay uygulama ve tutarl\u0131 \u00e7\u00f6mlekleme sa\u011flar \u00c7e\u015fitli silikon uzmanl\u0131\u011f\u0131m\u0131z a\u015fa\u011f\u0131daki gibi \u00fcr\u00fcnlerde de g\u00f6sterilmektedir <a href=\"https:\/\/www.google.com\/search?q=http:\/\/topsilsilicone.com\/silicone-for-rapid-protyping-molding\/\"><u>H\u0131zl\u0131 Prototipleme Kal\u0131plama i\u00e7in Silikon<\/u><\/a>.<strong><b>\u00a0<\/b><\/strong><\/li>\n<\/ul>\n<h2>Do\u011frudan \u00dcretici Ortakl\u0131\u011f\u0131: Performans ve \u00d6zelle\u015ftirme<\/h2>\n<p>Bir silikon jel \u00fcreticisi olarak do\u011frudan bizimle \u00e7al\u0131\u015fmak \u00f6nemli avantajlar sunmaktad\u0131r:<\/p>\n<ul>\n<li><strong>\u00d6zel \u00c7\u00f6z\u00fcmler:<\/strong> Sertli\u011fi, viskoziteyi, k\u00fcrlenme s\u00fcresini ve jel rengini hassas HEPA filtre \u00fcretiminize ve hava filtresi kaplaman\u0131za g\u00f6re \u00f6zelle\u015ftiriyoruz Son teknoloji \u00fcretim s\u00fcre\u00e7lerimiz, herhangi bir filtre \u00e7er\u00e7evesine m\u00fckemmel bir ba\u011f sa\u011flar.<\/li>\n<li><strong>Malzeme \u00dcst\u00fcnl\u00fc\u011f\u00fc:<\/strong> Platinle sertle\u015fen s\u0131v\u0131 silikon kau\u00e7u\u011fumuz m\u00fckemmel kimyasal diren\u00e7 sunar ve a\u015f\u0131r\u0131 s\u0131cakl\u0131klara ve neme kar\u015f\u0131 dayan\u0131kl\u0131d\u0131r. Hastanelerdeki klima sistemleri de dahil olmak \u00fczere hassas ortamlar i\u00e7in idealdir. Yeteneklerimizi daha fazla ke\u015ffetmek i\u00e7in <a href=\"https:\/\/www.google.com\/search?q=http:\/\/topsilsilicone.com\/silicone-for-vacuum-bag-casting\/\"><u>Vakumlu Torba D\u00f6k\u00fcm i\u00e7in Silikon<\/u><\/a>.<\/li>\n<\/ul>\n<p><img decoding=\"async\" class=\"aligncenter wp-image-3704 size-full lazyload\" src=\"data:image\/gif;base64,R0lGODlhAQABAIAAAAAAAP\/\/\/yH5BAEAAAAALAAAAAABAAEAAAIBRAA7\" data-src=\"http:\/\/topsilsilicone.com\/wp-content\/uploads\/silicone-gel.webp\" alt=\"\" width=\"776\" height=\"274\" \/><noscript><img loading=\"lazy\" decoding=\"async\" class=\"aligncenter wp-image-3704 size-full lazyload\" src=\"http:\/\/topsilsilicone.com\/wp-content\/uploads\/silicone-gel.webp\" alt=\"\" width=\"776\" height=\"274\" srcset=\"https:\/\/topsilsilicone.com\/wp-content\/uploads\/silicone-gel.webp 776w, https:\/\/topsilsilicone.com\/wp-content\/uploads\/silicone-gel-300x106.webp 300w, https:\/\/topsilsilicone.com\/wp-content\/uploads\/silicone-gel-768x271.webp 768w, https:\/\/topsilsilicone.com\/wp-content\/uploads\/silicone-gel-600x212.webp 600w\" sizes=\"(max-width: 776px) 100vw, 776px\" \/><\/noscript><\/p>\n<p><strong>\u00a0<\/strong><\/p>\n<p>&nbsp;<\/p>\n<p><strong>Temel Teknik Veriler:<\/strong><\/p>\n<p><img loading=\"lazy\" decoding=\"async\" class=\"aligncenter wp-image-3705 size-full lazyload\" src=\"data:image\/gif;base64,R0lGODlhAQABAIAAAAAAAP\/\/\/yH5BAEAAAAALAAAAAABAAEAAAIBRAA7\" data-src=\"http:\/\/topsilsilicone.com\/wp-content\/uploads\/Silicone-Gel-Data-sheet.webp\" alt=\"\" width=\"744\" height=\"714\" \/><noscript><img loading=\"lazy\" decoding=\"async\" class=\"aligncenter wp-image-3705 size-full lazyload\" src=\"http:\/\/topsilsilicone.com\/wp-content\/uploads\/Silicone-Gel-Data-sheet.webp\" alt=\"\" width=\"744\" height=\"714\" srcset=\"https:\/\/topsilsilicone.com\/wp-content\/uploads\/Silicone-Gel-Data-sheet.webp 744w, https:\/\/topsilsilicone.com\/wp-content\/uploads\/Silicone-Gel-Data-sheet-300x288.webp 300w, https:\/\/topsilsilicone.com\/wp-content\/uploads\/Silicone-Gel-Data-sheet-600x576.webp 600w\" sizes=\"(max-width: 744px) 100vw, 744px\" \/><\/noscript><\/p>\n<p><em>Gerekirse, sizin i\u00e7in \u00f6zelle\u015ftirilebilir de sa\u011fl\u0131yoruz <\/em><strong>filtre<\/strong><em>\u00a0\u00d6zellikler.<\/em><\/p>\n<h2>HEPA Filtre Jel Contan\u0131z i\u00e7in Neden Bizi Se\u00e7melisiniz?<\/h2>\n<p>HEPA filtre \u00fcreticileri ve hava filtresi s\u0131zd\u0131rmazl\u0131k \u015firketleri i\u00e7in do\u011fru tedarik\u00e7iyi se\u00e7mek \u00e7ok \u00f6nemlidir. Silikon jel gibi \u00fcr\u00fcnler i\u00e7in do\u011frudan \u00fcretim tesisleri olarak, biz teslim ediyoruz:<\/p>\n<ul>\n<li><strong>Fabrika Do\u011frudan Faydalar\u0131:<\/strong> Hava filtresi saks\u0131lar\u0131n\u0131z i\u00e7in tutarl\u0131 kalite, g\u00fcvenilir tedarik<\/li>\n<li><strong>Uzman Form\u00fclasyonu:<\/strong> Optimum HEPA filtre jel s\u0131zd\u0131rmazl\u0131\u011f\u0131 i\u00e7in tasarlanm\u0131\u015f RTV2 silikon jel.<\/li>\n<li><strong>Tam \u00d6zelle\u015ftirme:<\/strong> \u00dcretiminize g\u00f6re uyarlanm\u0131\u015f s\u0131v\u0131 silikon \u00f6zellikleri.<\/li>\n<li><strong>Uzman Deste\u011fi:<\/strong> Ortamlar\u0131 partik\u00fcll\u00fc havadan korumada optimum performans sa\u011flamak i\u00e7in hava filtresi fabrikalar\u0131 ile ortakl\u0131k yap\u0131yoruz Daha geni\u015f silikon bilgimiz a\u015fa\u011f\u0131daki gibi uygulamalara fayda sa\u011flar <a href=\"http:\/\/topsilsilicone.com\/tr\/urun\/silicones-for-orthotic-application-2\/\"><u>Protez Uygulamalar\u0131 i\u00e7in Silikonlar<\/u><\/a>\u00a0ve hatta <a href=\"http:\/\/topsilsilicone.com\/tr\/urun\/silicones-for-orthotic-application\/\"><u>Tabanl\u0131k Yap\u0131m\u0131 i\u00e7in Silikon<\/u><\/a>.<\/li>\n<\/ul>\n<p>Jel conta bile\u015fi\u011fimiz, ULPA (ultra d\u00fc\u015f\u00fck n\u00fcfuzlu hava) filtreleri kullanan farmas\u00f6tik ve mikroelektronik sekt\u00f6rleri i\u00e7in kritik olan filtre verimlili\u011fini sa\u011flar. Silikon jelimizin kendi kendini iyile\u015ftirme \u00f6zelli\u011fi e\u015fsiz bir g\u00fcvenilirlik sunar. Bu kalite oda\u011f\u0131, a\u015fa\u011f\u0131daki gibi \u00f6zel hatlar\u0131m\u0131zda da g\u00f6r\u00fclmektedir <a href=\"http:\/\/topsilsilicone.com\/tr\/urun\/antistatik-tampon-baski-silikonu\/\"><u>Antistatik Ped Bask\u0131 Silikonu<\/u><\/a>\u00a0<strong>\u00a0<\/strong><\/p>\n<p><strong><img loading=\"lazy\" decoding=\"async\" class=\"aligncenter wp-image-3697 size-full lazyload\" src=\"data:image\/gif;base64,R0lGODlhAQABAIAAAAAAAP\/\/\/yH5BAEAAAAALAAAAAABAAEAAAIBRAA7\" data-src=\"http:\/\/topsilsilicone.com\/wp-content\/uploads\/silicone-gel-for-air-filer-sealing.webp\" alt=\"\" width=\"800\" height=\"800\" \/><noscript><img loading=\"lazy\" decoding=\"async\" class=\"aligncenter wp-image-3697 size-full lazyload\" src=\"http:\/\/topsilsilicone.com\/wp-content\/uploads\/silicone-gel-for-air-filer-sealing.webp\" alt=\"\" width=\"800\" height=\"800\" srcset=\"https:\/\/topsilsilicone.com\/wp-content\/uploads\/silicone-gel-for-air-filer-sealing.webp 800w, https:\/\/topsilsilicone.com\/wp-content\/uploads\/silicone-gel-for-air-filer-sealing-300x300.webp 300w, https:\/\/topsilsilicone.com\/wp-content\/uploads\/silicone-gel-for-air-filer-sealing-150x150.webp 150w, https:\/\/topsilsilicone.com\/wp-content\/uploads\/silicone-gel-for-air-filer-sealing-768x768.webp 768w, https:\/\/topsilsilicone.com\/wp-content\/uploads\/silicone-gel-for-air-filer-sealing-600x600.webp 600w, https:\/\/topsilsilicone.com\/wp-content\/uploads\/silicone-gel-for-air-filer-sealing-100x100.webp 100w\" sizes=\"(max-width: 800px) 100vw, 800px\" \/><\/noscript>\u00a0<\/strong><\/p>\n<p><strong>Temel Kullan\u0131m:<\/strong><\/p>\n<ol>\n<li><strong>Haz\u0131rl\u0131k: <\/strong>Filtre \u00e7er\u00e7evesini temizleyin<\/li>\n<li><strong>Kar\u0131\u015ft\u0131r:<\/strong>\u0130ki bile\u015fenli s\u0131v\u0131 silikonu belirtilen \u015fekilde birle\u015ftirin.<\/li>\n<li><strong>Ba\u015fvurun: <\/strong>Jeli kanal\u0131n i\u00e7ine da\u011f\u0131t\u0131n.<\/li>\n<li><strong>Tedavi:<\/strong>K\u00fcrlenmeye b\u0131rak\u0131n (tipik olarak oda s\u0131cakl\u0131\u011f\u0131nda).<\/li>\n<li><strong>Kurulum ve Test: <\/strong>S\u0131zd\u0131rmaz oturmay\u0131 onaylay\u0131n.<\/li>\n<\/ol>\n<p>Platin k\u00fcrl\u00fc silikon jellerimiz d\u00fc\u015f\u00fck VOC ile \u00e7evreye duyarl\u0131d\u0131r.<\/p>\n<p><em>\"Bu <\/em>silikon jel<em>\u00a0HEPA'm\u0131z\u0131 geli\u015ftirdi <\/em>filtre<em>\u00a0B\u00fct\u00fcnl\u00fck. Bu <\/em>kendi kendini iyile\u015ftirme<em>\u00a0ve do\u011frudan <\/em>\u00fcretici<em>\u00a0destek \u00e7ok de\u011ferlidir.\"<\/em>\u00a0&#8211; <strong>Memnun M\u00fc\u015fteri (Filtrasyon Sekt\u00f6r\u00fc)<\/strong><\/p>\n<p>HEPA filtre performans\u0131n\u0131z\u0131 y\u00fckseltin. \u00d6zel bir silikon kau\u00e7uk ve jel silikon fabrikas\u0131 olarak, HEPA filtre \u00fcreticilerine \u00fcst\u00fcn s\u0131v\u0131 silikon jel sa\u011fl\u0131yoruz. HEPA filtre jel conta ihtiya\u00e7lar\u0131n\u0131z\u0131 g\u00f6r\u00fc\u015fmek ve \u00fcr\u00fcn kalitenizi art\u0131rmak i\u00e7in bizimle ileti\u015fime ge\u00e7in.<\/p>\n<h2><strong>\u00dcr\u00fcn<\/strong> Avantajlar<strong> \u00d6zet (M\u00fc\u015fteri Bak\u0131\u015f A\u00e7\u0131s\u0131):<\/strong><\/h2>\n<p>Kendi kendini iyile\u015ftiren HEPA jel contam\u0131zla en \u00fcst d\u00fczeyde hava safl\u0131\u011f\u0131n\u0131 g\u00fcvence alt\u0131na al\u0131n. E\u015fsiz filtre g\u00fcvenilirli\u011fi i\u00e7in fabrikadan do\u011frudan, \u00f6zel silikon. Bize ula\u015f\u0131n!<\/p>\n<p><strong>Depolama:<\/strong><\/p>\n<p>\u00dcretim tarihinden itibaren 18 ay boyunca serin ve kuru bir yerde saklay\u0131n.<\/p>\n<p><strong>S\u0131cak \u0130pu\u00e7lar\u0131:<\/strong><\/p>\n<p>* Orijinal kapal\u0131 kab\u0131nda kuru bir yerde saklanmal\u0131d\u0131r.<\/p>\n<p>* Kullanmadan \u00f6nce tedarik\u00e7iden alabilece\u011finiz \u00fcr\u00fcn g\u00fcvenlik bilgi formunu (MSDS) dikkatlice okuyun.<\/p>\n<p>&nbsp;<\/p>","protected":false},"excerpt":{"rendered":"<p>Topsil Silicone Gel TP-012, oda s\u0131cakl\u0131\u011f\u0131nda vulkanize olan, d\u00f6k\u00fclebilir, ilave k\u00fcrlenen, RTV-2 silikon kau\u00e7uktur. Alev geciktirici, UL listeli 94HB ve y\u00fcksek s\u0131cakl\u0131k direnci ve ola\u011fan\u00fcst\u00fc hava direnci ile otomotiv ve g\u00fc\u00e7 elektroni\u011fi end\u00fcstrileri i\u00e7in elektronik bile\u015fenlerin kaps\u00fcllenmesi; g\u00fcne\u015f pillerinin kaps\u00fcllenmesi; s\u00f6n\u00fcmleme elemanlar\u0131n\u0131n \u00fcretimi; temiz oda filtrelerinin s\u0131zd\u0131rmazl\u0131\u011f\u0131 i\u00e7in m\u00fckemmeldir.<\/p>","protected":false},"featured_media":3697,"comment_status":"open","ping_status":"closed","template":"","meta":{"_uag_custom_page_level_css":""},"product_brand":[],"product_cat":[129],"product_tag":[107],"class_list":{"0":"post-3386","1":"product","2":"type-product","3":"status-publish","4":"has-post-thumbnail","6":"product_cat-electronic-silicone-gel","7":"product_tag-platinum-cure-silicone-rubber","9":"first","10":"instock","11":"shipping-taxable","12":"product-type-simple"},"uagb_featured_image_src":{"full":["https:\/\/topsilsilicone.com\/wp-content\/uploads\/silicone-gel-for-air-filer-sealing.webp",800,800,false],"thumbnail":["https:\/\/topsilsilicone.com\/wp-content\/uploads\/silicone-gel-for-air-filer-sealing-150x150.webp",150,150,true],"medium":["https:\/\/topsilsilicone.com\/wp-content\/uploads\/silicone-gel-for-air-filer-sealing-300x300.webp",300,300,true],"medium_large":["https:\/\/topsilsilicone.com\/wp-content\/uploads\/silicone-gel-for-air-filer-sealing-768x768.webp",768,768,true],"large":["https:\/\/topsilsilicone.com\/wp-content\/uploads\/silicone-gel-for-air-filer-sealing.webp",800,800,false],"1536x1536":["https:\/\/topsilsilicone.com\/wp-content\/uploads\/silicone-gel-for-air-filer-sealing.webp",800,800,false],"2048x2048":["https:\/\/topsilsilicone.com\/wp-content\/uploads\/silicone-gel-for-air-filer-sealing.webp",800,800,false],"trp-custom-language-flag":["https:\/\/topsilsilicone.com\/wp-content\/uploads\/silicone-gel-for-air-filer-sealing.webp",12,12,false],"woocommerce_thumbnail":["https:\/\/topsilsilicone.com\/wp-content\/uploads\/silicone-gel-for-air-filer-sealing-300x300.webp",300,300,true],"woocommerce_single":["https:\/\/topsilsilicone.com\/wp-content\/uploads\/silicone-gel-for-air-filer-sealing-600x600.webp",600,600,true],"woocommerce_gallery_thumbnail":["https:\/\/topsilsilicone.com\/wp-content\/uploads\/silicone-gel-for-air-filer-sealing-100x100.webp",100,100,true]},"uagb_author_info":{"display_name":"Brian","author_link":"https:\/\/topsilsilicone.com\/tr\/author\/"},"uagb_comment_info":0,"uagb_excerpt":"Topsil Silicone Gel TP-012 is a pourable, addition-curing, RTV-2 silicone rubber that vulcanizes at room temperature. With the flame retardant, UL-listed 94HB, and high temperature resistance and outstanding weather resistance, it's excellent for encapsulation of electronic components for the automotive and power electronics industries; encapsulation of solar cells; production of damping elements; sealing of clean&hellip;","_links":{"self":[{"href":"https:\/\/topsilsilicone.com\/tr\/wp-json\/wp\/v2\/product\/3386","targetHints":{"allow":["GET"]}}],"collection":[{"href":"https:\/\/topsilsilicone.com\/tr\/wp-json\/wp\/v2\/product"}],"about":[{"href":"https:\/\/topsilsilicone.com\/tr\/wp-json\/wp\/v2\/types\/product"}],"replies":[{"embeddable":true,"href":"https:\/\/topsilsilicone.com\/tr\/wp-json\/wp\/v2\/comments?post=3386"}],"version-history":[{"count":4,"href":"https:\/\/topsilsilicone.com\/tr\/wp-json\/wp\/v2\/product\/3386\/revisions"}],"predecessor-version":[{"id":6431,"href":"https:\/\/topsilsilicone.com\/tr\/wp-json\/wp\/v2\/product\/3386\/revisions\/6431"}],"wp:featuredmedia":[{"embeddable":true,"href":"https:\/\/topsilsilicone.com\/tr\/wp-json\/wp\/v2\/media\/3697"}],"wp:attachment":[{"href":"https:\/\/topsilsilicone.com\/tr\/wp-json\/wp\/v2\/media?parent=3386"}],"wp:term":[{"taxonomy":"product_brand","embeddable":true,"href":"https:\/\/topsilsilicone.com\/tr\/wp-json\/wp\/v2\/product_brand?post=3386"},{"taxonomy":"product_cat","embeddable":true,"href":"https:\/\/topsilsilicone.com\/tr\/wp-json\/wp\/v2\/product_cat?post=3386"},{"taxonomy":"product_tag","embeddable":true,"href":"https:\/\/topsilsilicone.com\/tr\/wp-json\/wp\/v2\/product_tag?post=3386"}],"curies":[{"name":"wp","href":"https:\/\/api.w.org\/{rel}","templated":true}]}}