{"id":3457,"date":"2024-09-20T15:59:50","date_gmt":"2024-09-20T07:59:50","guid":{"rendered":"http:\/\/topsilsilicone.com\/?post_type=product&#038;p=3457"},"modified":"2026-04-27T11:24:26","modified_gmt":"2026-04-27T03:24:26","slug":"antistatik-tampon-baski-silikonu","status":"publish","type":"product","link":"https:\/\/topsilsilicone.com\/tr\/urun\/antistatik-tampon-baski-silikonu\/","title":{"rendered":"Antistatik Ped Bask\u0131 Silikonu"},"content":{"rendered":"<div data-elementor-type=\"product-post\" data-elementor-id=\"3457\" class=\"elementor elementor-3457\" data-elementor-post-type=\"product\">\n\t\t\t\t<div class=\"elementor-element elementor-element-5d7d6412 e-flex e-con-boxed e-con e-parent\" data-id=\"5d7d6412\" data-element_type=\"container\">\n\t\t\t\t\t<div class=\"e-con-inner\">\n\t\t\t\t<div class=\"elementor-element elementor-element-7f9bfe89 elementor-widget elementor-widget-text-editor\" data-id=\"7f9bfe89\" data-element_type=\"widget\" data-widget_type=\"text-editor.default\">\n\t\t\t\t<div class=\"elementor-widget-container\">\n\t\t\t\t\t\t\t\t\t<h2>Antistatik Tampon Bask\u0131 Silikonu Nedir?<\/h2>\r\nDo you make small things? Like tiny electronics? Or parts for cars? Sometimes, a little zap can break them! This zap is called static electricity. It&#8217;s like tiny lightning.\r\n\r\nOur special Antistatic Pad Printing Silicone stops that zap! It helps you print words or pictures safely. This is part of pad printing technology.\r\n<h2>Statik Zaplar\u0131 Neden Durdural\u0131m?<\/h2>\r\n<ul>\r\n \t<li>Statik zaplar k\u00fc\u00e7\u00fck par\u00e7alara zarar verebilir. Bask\u0131l\u0131 devre kartlar\u0131 (PCB'ler) gibi.<\/li>\r\n \t<li>Buna elektrostatik bo\u015falma (ESD) denir.<\/li>\r\n \t<li>ESD-g\u00fcvenli silikonumuz bir kalkan gibi davran\u0131r. Elektrostatik de\u015farj korumas\u0131 sa\u011flar.<\/li>\r\n \t<li>Statik da\u011f\u0131t\u0131c\u0131 malzemeler kullan\u0131r, bu da statik elektri\u011fin g\u00fcvenli bir \u015fekilde ak\u0131p gitmesi anlam\u0131na gelir.<\/li>\r\n<\/ul>\r\n<img fetchpriority=\"high\" decoding=\"async\" class=\"alignnone wp-image-3459 size-full lazyload\" src=\"data:image\/gif;base64,R0lGODlhAQABAIAAAAAAAP\/\/\/yH5BAEAAAAALAAAAAABAAEAAAIBRAA7\" data-src=\"https:\/\/topsilsilicone.com\/wp-content\/uploads\/antistatic-pads-printing-silicones.jpg\" alt=\"\" width=\"800\" height=\"800\" \/><noscript><img decoding=\"async\" class=\"alignnone wp-image-3459 size-full lazyload\" src=\"https:\/\/topsilsilicone.com\/wp-content\/uploads\/antistatic-pads-printing-silicones.jpg\" alt=\"\" width=\"800\" height=\"800\" srcset=\"https:\/\/topsilsilicone.com\/wp-content\/uploads\/antistatic-pads-printing-silicones.jpg 800w, https:\/\/topsilsilicone.com\/wp-content\/uploads\/antistatic-pads-printing-silicones-300x300.jpg 300w, https:\/\/topsilsilicone.com\/wp-content\/uploads\/antistatic-pads-printing-silicones-150x150.jpg 150w, https:\/\/topsilsilicone.com\/wp-content\/uploads\/antistatic-pads-printing-silicones-768x768.jpg 768w, https:\/\/topsilsilicone.com\/wp-content\/uploads\/antistatic-pads-printing-silicones-600x600.jpg 600w, https:\/\/topsilsilicone.com\/wp-content\/uploads\/antistatic-pads-printing-silicones-100x100.jpg 100w\" sizes=\"(max-width: 800px) 100vw, 800px\" \/><\/noscript>\r\n\r\nAntistatik tampon bask\u0131 silikonumuzun avantaj\u0131 nedir?\r\n<ul>\r\n \t<li>Statik Durdurur: K\u00fc\u00e7\u00fck par\u00e7alar\u0131n\u0131z\u0131 g\u00fcvende tutar. \u0130\u015fte statik kontrol \u00e7\u00f6z\u00fcmleri!<\/li>\r\n \t<li>Is\u0131y\u0131 Sever: \u00c7ok \u0131s\u0131nabilir (500 \u00b0 C'ye kadar) ve yine de iyi olabilir. Termal stabilite silikonuna sahiptir.<\/li>\r\n \t<li>G\u00fc\u00e7l\u00fc: Kolay k\u0131r\u0131lmaz. A\u015f\u0131nmaya dayan\u0131kl\u0131 silikondur. Silikon dayan\u0131kl\u0131l\u0131k testi yap\u0131yoruz.<\/li>\r\n \t<li>Temiz ve G\u00fcvenli: T\u0131bbi cihaz bask\u0131s\u0131 yapmak i\u00e7in iyidir. Toksik olmayan bask\u0131 m\u00fcrekkepleri kullan\u0131r. RoHS uyumlulu\u011funu kar\u015f\u0131lar. Hijyenik y\u00fczey kaplamalar\u0131na sahiptir.<\/li>\r\n \t<li>Harika \u00c7al\u0131\u015f\u0131r: M\u00fcrekkebin iyi yap\u0131\u015fmas\u0131na yard\u0131mc\u0131 olur. M\u00fcrekkep yap\u0131\u015fma destekleyicileri kullan\u0131r. Bask\u0131lar\u0131 netle\u015ftirir. M\u00fcrekkep transfer i\u015fleminin bir par\u00e7as\u0131d\u0131r. M\u00fckemmel renk performans\u0131 kullan\u0131r.<\/li>\r\n \t<li>Esnek: B\u00fck\u00fcl\u00fcr ve \u015fekline geri d\u00f6ner. \u0130yi dielektrik \u00f6zelliklere sahiptir.<\/li>\r\n<\/ul>\r\n<h2>Tampon Bask\u0131 Nas\u0131l \u00c7al\u0131\u015f\u0131r?<\/h2>\r\n<ol>\r\n \t<li>Metal bir plaka \u00fczerine bir resim oyulmu\u015ftur. Bu bir kli\u015fe plakas\u0131d\u0131r. Bazen lazerle kaz\u0131nm\u0131\u015f bir plakad\u0131r.<\/li>\r\n \t<li>M\u00fcrekkep taba\u011fa gider.<\/li>\r\n \t<li>Yumu\u015fak Antistatik Tampon Bask\u0131 Silikonepadimiz plakaya bast\u0131r\u0131r. M\u00fcrekkebi al\u0131r. Bu bask\u0131 tampon malzemesidir.<\/li>\r\n \t<li>Ped nesnenizin \u00fczerine bast\u0131r\u0131r (d\u00fc\u011fme veya oyuncak gibi). M\u00fcrekkep resmini orada b\u0131rak\u0131r! Bu tampon bask\u0131 i\u015flemidir.<\/li>\r\n \t<li>Silikonumuz bu m\u00fcrekkep transfer i\u015flemi s\u0131ras\u0131nda statik zaplar\u0131 durdurur. Karbon-siyah katk\u0131 maddeleri gibi antistatik katk\u0131 maddeleri kullan\u0131r.<\/li>\r\n<\/ol>\r\nBu silikon kau\u00e7uk bask\u0131 bir\u00e7ok \u015fey i\u00e7in harikad\u0131r! \u00c7ok renkli tampon bask\u0131 bile yapabilir.\r\n<h2>Bu Antistatik Ped Bask\u0131 Silikonunu kimler kullan\u0131r?<\/h2>\r\n<ul>\r\n \t<li>Elektronik \u00dcreticileri<\/li>\r\n \t<li>Araba Par\u00e7as\u0131 \u00dcreticileri<\/li>\r\n \t<li>T\u0131bbi Cihaz \u00dcreticileri<\/li>\r\n \t<li>Fabrikalar<\/li>\r\n \t<li>Di\u011fer yap\u0131mc\u0131lar:\r\n<h3>Oyuncaklar, aletler ve tu\u015f tak\u0131mlar\u0131 i\u00e7in (end\u00fcstriyel tu\u015f tak\u0131m\u0131 bask\u0131s\u0131).<\/h3>\r\n<\/li>\r\n<\/ul>\r\n<img decoding=\"async\" class=\"alignnone wp-image-3466 size-large lazyload\" src=\"data:image\/gif;base64,R0lGODlhAQABAIAAAAAAAP\/\/\/yH5BAEAAAAALAAAAAABAAEAAAIBRAA7\" data-src=\"https:\/\/topsilsilicone.com\/wp-content\/uploads\/Application-of-antistatic-printing-pads--1024x594.jpg\" alt=\"\" width=\"1024\" height=\"594\" \/><noscript><img loading=\"lazy\" decoding=\"async\" class=\"alignnone wp-image-3466 size-large lazyload\" src=\"https:\/\/topsilsilicone.com\/wp-content\/uploads\/Application-of-antistatic-printing-pads--1024x594.jpg\" alt=\"\" width=\"1024\" height=\"594\" srcset=\"https:\/\/topsilsilicone.com\/wp-content\/uploads\/Application-of-antistatic-printing-pads--1024x594.jpg 1024w, https:\/\/topsilsilicone.com\/wp-content\/uploads\/Application-of-antistatic-printing-pads--300x174.jpg 300w, https:\/\/topsilsilicone.com\/wp-content\/uploads\/Application-of-antistatic-printing-pads--768x446.jpg 768w, https:\/\/topsilsilicone.com\/wp-content\/uploads\/Application-of-antistatic-printing-pads--1536x891.jpg 1536w, https:\/\/topsilsilicone.com\/wp-content\/uploads\/Application-of-antistatic-printing-pads--600x348.jpg 600w, https:\/\/topsilsilicone.com\/wp-content\/uploads\/Application-of-antistatic-printing-pads-.jpg 1854w\" sizes=\"(max-width: 1024px) 100vw, 1024px\" \/><\/noscript>\r\n<h2>Silikonumuz Neden En \u0130yi Se\u00e7imdir?<\/h2>\r\n<ul>\r\n \t<li>E\u015fyalar\u0131n\u0131z\u0131 G\u00fcvende Tutar: Statik zaplardan korur. Daha az k\u0131r\u0131k e\u015fya!<\/li>\r\n \t<li>Net Bask\u0131lar Yapar: Keskin kelimeler ve resimler. \u0130yi m\u00fcrekkep opakl\u0131\u011f\u0131 kontrol\u00fc.<\/li>\r\n \t<li>Uzun S\u00fcre Dayan\u0131r: G\u00fc\u00e7l\u00fc silikon elastomerler. A\u015f\u0131nmaya dayan\u0131kl\u0131 bask\u0131d\u0131r.<\/li>\r\n \t<li>G\u00fcvenli Kullan\u0131m: Toksik olmayan bask\u0131 m\u00fcrekkepleri. RoHS uyumlulu\u011funu kar\u015f\u0131lar. D\u00fc\u015f\u00fck U\u00e7ucu organik bile\u015fikler (VOC'ler).<\/li>\r\n \t<li>Ekipman\u0131n\u0131zla \u00c7al\u0131\u015f\u0131r: Bir\u00e7ok makine ve m\u00fcrekkep i\u00e7in uygundur. Silikon m\u00fcrekkep incelticilerle \u00e7al\u0131\u015f\u0131r. TPE\/TPU alternatiflerine alternatif olabilir. Enjeksiyon kal\u0131plama entegrasyonu ile kullan\u0131labilir. Is\u0131yla sertle\u015fen silikonlar veya iki par\u00e7al\u0131 silikon sistemleri kullan\u0131r. Plazma i\u015flemi ile i\u015flenebilir.<\/li>\r\n \t<li>En \u0130yi Kalite: ISO 9001 uyumlulu\u011funu takip ediyoruz.<\/li>\r\n<\/ul>\r\nHakk\u0131nda Daha Haval\u0131 \u015eeyler:\r\n<ul>\r\n \t<li>Polimer iletkenli\u011fini kullan\u0131r.<\/li>\r\n \t<li>Sizin i\u00e7in \u00f6zel silikon kal\u0131plar yapabiliriz! 3D silikon bask\u0131 i\u00e7in bile.<\/li>\r\n \t<li>Baz\u0131 \u015fekiller i\u00e7in serigrafi bask\u0131 alternatiflerinden daha iyi sonu\u00e7 veriyor.<\/li>\r\n \t<li>S\u0131v\u0131 silikon kau\u00e7uk (LSR) kullan\u0131r<\/li>\r\n \t<li>\u0130yi renk i\u00e7in silikon pigment dispersiyonu kullan\u0131yoruz.<\/li>\r\n \t<li>Kal\u0131p ay\u0131r\u0131c\u0131lara, ajanlara ihtiyac\u0131 var.<\/li>\r\n \t<li>D\u00fc\u015f\u00fck s\u0131k\u0131\u015ft\u0131rma ayarl\u0131 silikonlara sahiptir<\/li>\r\n \t<li>Piezoelektrik bask\u0131 i\u00e7in kullan\u0131labilir<\/li>\r\n \t<li>Bazen ihtiya\u00e7 duyulan bu\u011fu \u00f6nleyici \u00f6zelliklere sahiptir.<\/li>\r\n \t<li>Silikon yap\u0131\u015fkanl\u0131 bask\u0131 i\u00e7in kullan\u0131labilir.<\/li>\r\n \t<li>EMI\/RFI korumas\u0131 i\u00e7in iyi<\/li>\r\n \t<li>Silikon m\u00fcrekkep viskozitesini kontrol ediyoruz.<\/li>\r\n \t<li>Elektroni\u011fi korumak i\u00e7in konformal kaplamalarla birlikte kullan\u0131labilir\u00a0<sup>3<\/sup>.<\/li>\r\n \t<li>Daha iyi bask\u0131 i\u00e7in y\u00fczey gerilimi de\u011fi\u015ftiricileri kullan\u0131yoruz.<\/li>\r\n \t<li>\u0130yi y\u00fczey i\u015flem kaplamalar\u0131na sahiptir.<\/li>\r\n \t<li>Baz\u0131 t\u00fcrleri \u015feffaf iletken silikon filmlerdir.<\/li>\r\n<\/ul>\r\n&nbsp;\r\n\r\n<img loading=\"lazy\" decoding=\"async\" class=\"alignnone wp-image-3682 size-full lazyload\" src=\"data:image\/gif;base64,R0lGODlhAQABAIAAAAAAAP\/\/\/yH5BAEAAAAALAAAAAABAAEAAAIBRAA7\" data-src=\"https:\/\/topsilsilicone.com\/wp-content\/uploads\/WX20240914-104819.webp\" alt=\"\" width=\"899\" height=\"723\" \/><noscript><img loading=\"lazy\" decoding=\"async\" class=\"alignnone wp-image-3682 size-full lazyload\" src=\"https:\/\/topsilsilicone.com\/wp-content\/uploads\/WX20240914-104819.webp\" alt=\"\" width=\"899\" height=\"723\" srcset=\"https:\/\/topsilsilicone.com\/wp-content\/uploads\/WX20240914-104819.webp 899w, https:\/\/topsilsilicone.com\/wp-content\/uploads\/WX20240914-104819-300x241.webp 300w, https:\/\/topsilsilicone.com\/wp-content\/uploads\/WX20240914-104819-768x618.webp 768w, https:\/\/topsilsilicone.com\/wp-content\/uploads\/WX20240914-104819-600x483.webp 600w\" sizes=\"(max-width: 899px) 100vw, 899px\" \/><\/noscript>\r\n\r\nTeknik Detaylar Tablosu:\r\n<table>\r\n<tbody>\r\n<tr>\r\n<td>\u00d6zellik<\/td>\r\n<td>Detay<\/td>\r\n<td>Neden \u00d6nemli?<\/td>\r\n<\/tr>\r\n<tr>\r\n<td>Statik Kontrol<\/td>\r\n<td>Evet, ESD-G\u00fcvenli Silikon \/ Antistatik<\/td>\r\n<td>Statik zaplar\u0131 durdurur<\/td>\r\n<\/tr>\r\n<tr>\r\n<td>Is\u0131 G\u00fcvenli mi?<\/td>\r\n<td>Evet, 500\u00b0C'ye kadar<\/td>\r\n<td>S\u0131cak yerlerde \u00e7al\u0131\u015f\u0131r<\/td>\r\n<\/tr>\r\n<tr>\r\n<td>Malzeme<\/td>\r\n<td>Silikon Elastomerler, \u0130letken Silikon<\/td>\r\n<td>Yumu\u015fak, g\u00fc\u00e7l\u00fc, g\u00fcvenli<\/td>\r\n<\/tr>\r\n<tr>\r\n<td>PFAS Bilgileri<\/td>\r\n<td>\u0130yi \u00e7al\u0131\u015fmak i\u00e7in \u00fcretilmi\u015ftir, i\u015f i\u00e7in gereken \u015feyleri kullan\u0131r<\/td>\r\n<td>G\u00fcvenilir \u015fekilde \u00e7al\u0131\u015f\u0131r<\/td>\r\n<\/tr>\r\n<tr>\r\n<td>Otomasyon Haz\u0131r m\u0131?<\/td>\r\n<td>Evet, ak\u0131ll\u0131 makinelerle \u00e7al\u0131\u015f\u0131r<\/td>\r\n<td>Daha h\u0131zl\u0131, daha iyi bask\u0131<\/td>\r\n<\/tr>\r\n<tr>\r\n<td>M\u00fcrekkep Ak\u0131\u015f\u0131 Haz\u0131r m\u0131?<\/td>\r\n<td>Y\u00fcksek debili pompa kullanan makineler i\u00e7in uygundur<\/td>\r\n<td>P\u00fcr\u00fczs\u00fcz m\u00fcrekkep transferi<\/td>\r\n<\/tr>\r\n<tr>\r\n<td>Sertlik<\/td>\r\n<td>Shore A cinsinden \u00f6l\u00e7\u00fcl\u00fcr (Ne kadar yumu\u015fak oldu\u011funu g\u00f6sterir)<\/td>\r\n<td>Do\u011fru bas\u0131n\u0131 al\u0131r<\/td>\r\n<\/tr>\r\n<tr>\r\n<td>Y\u00fczey Diren\u00e7lili\u011fi<\/td>\r\n<td>Statik kontrol\u00fc sa\u011flamak i\u00e7in \u00f6l\u00e7\u00fclm\u00fc\u015ft\u00fcr<\/td>\r\n<td>Statik durdu\u011funu kan\u0131tlar<\/td>\r\n<\/tr>\r\n<tr>\r\n<td>Sertifikalar<\/td>\r\n<td>ISO 9001 uyumlulu\u011funu, RoHS uyumlulu\u011funu kar\u015f\u0131lar<\/td>\r\n<td>G\u00fcvenli ve kaliteli<\/td>\r\n<\/tr>\r\n<tr>\r\n<td>M\u00fcrekkep Uyumlulu\u011fu<\/td>\r\n<td>\u0130letken silikon m\u00fcrekkep de dahil olmak \u00fczere bir\u00e7ok m\u00fcrekkeple \u00e7al\u0131\u015f\u0131r<\/td>\r\n<td>M\u00fcrekkeplerinizi kullanabilirsiniz<\/td>\r\n<\/tr>\r\n<tr>\r\n<td>Renk Performans\u0131<\/td>\r\n<td>M\u00fckemmel renk performans\u0131, h\u0131zl\u0131 m\u00fcrekkep emilimi<\/td>\r\n<td>Parlak, net bask\u0131lar<\/td>\r\n<\/tr>\r\n<tr>\r\n<td>Dayan\u0131kl\u0131l\u0131k<\/td>\r\n<td>A\u015f\u0131nmaya dayan\u0131kl\u0131 silikon, a\u015f\u0131nmaya dayan\u0131kl\u0131 bask\u0131<\/td>\r\n<td>Uzun s\u00fcre dayan\u0131r<\/td>\r\n<\/tr>\r\n<\/tbody>\r\n<\/table>\r\n<h2>Topsil Best Seller Antistatik Ped Bask\u0131 Silikonu Veri Sayfas\u0131<\/h2>\r\n<img loading=\"lazy\" decoding=\"async\" class=\"alignnone wp-image-3464 size-full lazyload\" src=\"data:image\/gif;base64,R0lGODlhAQABAIAAAAAAAP\/\/\/yH5BAEAAAAALAAAAAABAAEAAAIBRAA7\" data-src=\"https:\/\/topsilsilicone.com\/wp-content\/uploads\/DATA-SHEET-OF-ANTISTATIC-PRINTING-PAD-SILICONE-.png\" alt=\"\" width=\"656\" height=\"696\" \/><noscript><img loading=\"lazy\" decoding=\"async\" class=\"alignnone wp-image-3464 size-full lazyload\" src=\"https:\/\/topsilsilicone.com\/wp-content\/uploads\/DATA-SHEET-OF-ANTISTATIC-PRINTING-PAD-SILICONE-.png\" alt=\"\" width=\"656\" height=\"696\" srcset=\"https:\/\/topsilsilicone.com\/wp-content\/uploads\/DATA-SHEET-OF-ANTISTATIC-PRINTING-PAD-SILICONE-.png 656w, https:\/\/topsilsilicone.com\/wp-content\/uploads\/DATA-SHEET-OF-ANTISTATIC-PRINTING-PAD-SILICONE--283x300.png 283w, https:\/\/topsilsilicone.com\/wp-content\/uploads\/DATA-SHEET-OF-ANTISTATIC-PRINTING-PAD-SILICONE--600x637.png 600w\" sizes=\"(max-width: 656px) 100vw, 656px\" \/><\/noscript>\r\n\r\nTEXT Lifespan Comparison of Silicone Pads in High-Static Environment Number of Uses\r\n\r\n1300 \u2524 \u2524 1200 \u2524\u25a0\u25a0\u25a0\u25a0\u25a0\u25a0\u25a0\u25a0\u25a0\u25a0\u25a0\u25a0\u25a0\u25a0\u25a0\u25a0\u25a0\u25a0\u25a0\u25a0\u25a0\u25a0\u25a0\u25a0\u25a0\u25a0\u25a0\u25a0\u25a0\u25a0\u25a0\u25a0\u25a0\u25a0\u25a0\u25a0\u25a0\u25a0\u25a0\u25a0\u25a0 Antistatic Silicone Pads\r\n\r\n1100 \u2524 1000 \u2524\u25a0\u25a0\u25a0\u25a0\u25a0\u25a0\u25a0\u25a0\u25a0\u25a0\u25a0\u25a0\u25a0\u25a0\u25a0\u25a0\u25a0\u25a0\u25a0\u25a0\u25a0\u25a0\u25a0\u25a0\u25a0\u25a0\u25a0\u25a0\u25a0\u25a0\u25a0\u25a0\u25a0\u25a0\u25a0\u25a0\u25a0\u25a0\u25a0 Standard Silicone Pads\r\n\r\n900 \u2524 800 \u2524 700 \u2524 600 \u2524 500 \u2524 400 \u2524 300 \u2524 200 \u2524 0 \u253c\u2500\u2500\u2500\u2500\u2500\u2500\u2500\u2500\u2500\u2500\u2500\u2500\u2500\u2500\u2500\u2500\u2500\u2500\u2500\u2500\u2500\u2500\u2500\u2500\u2500\u2500\u2500\u2500\u2500\u2500\u2500\u2500\u2500\u2500\u2500\u2500\u2500\u2500\u2500\u2500\u2500\u2500\u2500\u2500 Standard Silicone Pads Antistatic Silicone Pads\r\n\r\nNeed Other Types of Silicone?\r\n<ul>\r\n \t<li>Binalar i\u00e7in kal\u0131p m\u0131 yap\u0131yorsunuz? Bizim deneyin\u00a0<a href=\"https:\/\/topsilsilicone.com\/tr\/urun\/beton-tas-grc-grp-gfrc-kalip-yapimi-icin-platin-kur-silikonu\/\"><u>Beton ve Ta\u015f Kal\u0131plama i\u00e7in Silikon<\/u><\/a>.<\/li>\r\n \t<li>\u015eeffaf re\u00e7ine ile mi \u00e7al\u0131\u015f\u0131yorsunuz? Bizim bak\u0131n\u00a0<a href=\"https:\/\/topsilsilicone.com\/tr\/urun\/kalay-kuru-silikon-kaucuk-recine-alci-bronz-dokum-mum-sabun-kalibi-yapimi\/\"><u>Re\u00e7ine kal\u0131p yap\u0131m\u0131 i\u00e7in silikon<\/u><\/a>.<\/li>\r\n \t<li>GRC gibi \u00f6zel betonlar i\u00e7in kal\u0131plara m\u0131 ihtiyac\u0131n\u0131z var? G\u00f6z at\u0131n\u00a0<a href=\"https:\/\/topsilsilicone.com\/tr\/urun\/cosplay-kalip-yapimi-icin-silikon\/\"><u>GRC\/GRG\/GFRC Kal\u0131plama i\u00e7in Silikon<\/u><\/a>.<\/li>\r\n \t<li>Ayakkab\u0131 m\u0131 yap\u0131yorsunuz? Bizde var.\u00a0<a href=\"https:\/\/topsilsilicone.com\/tr\/urun\/silicones-for-orthotic-application\/\"><u>Ayakkab\u0131 Kal\u0131b\u0131 Yap\u0131m\u0131 i\u00e7in Silikon<\/u><\/a>.<\/li>\r\n<\/ul>\t\t\t\t\t\t\t\t<\/div>\n\t\t\t\t<\/div>\n\t\t\t\t\t<\/div>\n\t\t\t\t<\/div>\n\t\t\t\t<\/div>","protected":false},"excerpt":{"rendered":"<p>Topsil PY-3030 silikon, bask\u0131 pedi i\u00e7in en y\u00fcksek standart kalite silikonumuzdur. S\u0131radan bask\u0131 pedleri ile antistatik bask\u0131 pedi aras\u0131ndaki en b\u00fcy\u00fck fark antistatik etkidir. S\u0131radan pedler, tampon bask\u0131 i\u015flemi s\u0131ras\u0131nda statik elektrik \u00fcretebilirken, y\u00fcksek dereceli elektrostatik tampon bask\u0131 bulamac\u0131 statik elektrik olu\u015fumunu tamamen \u00f6nleyebilir. Genellikle elektronik \u00fcr\u00fcnler, ayd\u0131nlatma, elektrokaplama \u00fcr\u00fcnleri, ticari markalar ve d\u00fczensiz desenlerin bas\u0131m\u0131nda kullan\u0131l\u0131r.<\/p>","protected":false},"featured_media":3673,"comment_status":"open","ping_status":"closed","template":"","meta":{"_uag_custom_page_level_css":""},"product_brand":[],"product_cat":[115],"product_tag":[137,107],"class_list":{"0":"post-3457","1":"product","2":"type-product","3":"status-publish","4":"has-post-thumbnail","6":"product_cat-pad-printing-silicone","7":"product_tag-antistatic-pad-printing","8":"product_tag-platinum-cure-silicone-rubber","10":"first","11":"instock","12":"shipping-taxable","13":"product-type-simple"},"uagb_featured_image_src":{"full":["https:\/\/topsilsilicone.com\/wp-content\/uploads\/antistatic-pad-printing-silicone.webp",800,800,false],"thumbnail":["https:\/\/topsilsilicone.com\/wp-content\/uploads\/antistatic-pad-printing-silicone-150x150.webp",150,150,true],"medium":["https:\/\/topsilsilicone.com\/wp-content\/uploads\/antistatic-pad-printing-silicone-300x300.webp",300,300,true],"medium_large":["https:\/\/topsilsilicone.com\/wp-content\/uploads\/antistatic-pad-printing-silicone-768x768.webp",768,768,true],"large":["https:\/\/topsilsilicone.com\/wp-content\/uploads\/antistatic-pad-printing-silicone.webp",800,800,false],"1536x1536":["https:\/\/topsilsilicone.com\/wp-content\/uploads\/antistatic-pad-printing-silicone.webp",800,800,false],"2048x2048":["https:\/\/topsilsilicone.com\/wp-content\/uploads\/antistatic-pad-printing-silicone.webp",800,800,false],"trp-custom-language-flag":["https:\/\/topsilsilicone.com\/wp-content\/uploads\/antistatic-pad-printing-silicone.webp",12,12,false],"woocommerce_thumbnail":["https:\/\/topsilsilicone.com\/wp-content\/uploads\/antistatic-pad-printing-silicone-300x300.webp",300,300,true],"woocommerce_single":["https:\/\/topsilsilicone.com\/wp-content\/uploads\/antistatic-pad-printing-silicone-600x600.webp",600,600,true],"woocommerce_gallery_thumbnail":["https:\/\/topsilsilicone.com\/wp-content\/uploads\/antistatic-pad-printing-silicone-100x100.webp",100,100,true]},"uagb_author_info":{"display_name":"Brian","author_link":"https:\/\/topsilsilicone.com\/tr\/author\/"},"uagb_comment_info":0,"uagb_excerpt":"Topsil PY-3030 silicone is our top standard quality silicone for printing pad. The biggest difference between ordinary printing pads and antistatic printing pad is the antistatic effect. Ordinary pads may generate static electricity during the pad printing process, while high-grade electrostatic pad printing slurry can completely avoid the generation of static electricity. It is generally&hellip;","_links":{"self":[{"href":"https:\/\/topsilsilicone.com\/tr\/wp-json\/wp\/v2\/product\/3457","targetHints":{"allow":["GET"]}}],"collection":[{"href":"https:\/\/topsilsilicone.com\/tr\/wp-json\/wp\/v2\/product"}],"about":[{"href":"https:\/\/topsilsilicone.com\/tr\/wp-json\/wp\/v2\/types\/product"}],"replies":[{"embeddable":true,"href":"https:\/\/topsilsilicone.com\/tr\/wp-json\/wp\/v2\/comments?post=3457"}],"version-history":[{"count":3,"href":"https:\/\/topsilsilicone.com\/tr\/wp-json\/wp\/v2\/product\/3457\/revisions"}],"predecessor-version":[{"id":6904,"href":"https:\/\/topsilsilicone.com\/tr\/wp-json\/wp\/v2\/product\/3457\/revisions\/6904"}],"wp:featuredmedia":[{"embeddable":true,"href":"https:\/\/topsilsilicone.com\/tr\/wp-json\/wp\/v2\/media\/3673"}],"wp:attachment":[{"href":"https:\/\/topsilsilicone.com\/tr\/wp-json\/wp\/v2\/media?parent=3457"}],"wp:term":[{"taxonomy":"product_brand","embeddable":true,"href":"https:\/\/topsilsilicone.com\/tr\/wp-json\/wp\/v2\/product_brand?post=3457"},{"taxonomy":"product_cat","embeddable":true,"href":"https:\/\/topsilsilicone.com\/tr\/wp-json\/wp\/v2\/product_cat?post=3457"},{"taxonomy":"product_tag","embeddable":true,"href":"https:\/\/topsilsilicone.com\/tr\/wp-json\/wp\/v2\/product_tag?post=3457"}],"curies":[{"name":"wp","href":"https:\/\/api.w.org\/{rel}","templated":true}]}}