{"id":3706,"date":"2025-02-18T16:22:29","date_gmt":"2025-02-18T08:22:29","guid":{"rendered":"http:\/\/topsilsilicone.com\/?post_type=product&#038;p=3706"},"modified":"2026-04-29T15:47:18","modified_gmt":"2026-04-29T07:47:18","slug":"izoleli-kablo-ve-kablo-aksesuarlari-icin-silikon-jel","status":"publish","type":"product","link":"https:\/\/topsilsilicone.com\/tr\/urun\/izoleli-kablo-ve-kablo-aksesuarlari-icin-silikon-jel\/","title":{"rendered":"\u0130zoleli Kablo ve Kablo Aksesuarlar\u0131 i\u00e7in Silikon Jel"},"content":{"rendered":"<div data-elementor-type=\"product-post\" data-elementor-id=\"3706\" class=\"elementor elementor-3706\" data-elementor-post-type=\"product\">\n\t\t\t\t\t\t<section class=\"elementor-section elementor-top-section elementor-element elementor-element-139da043 elementor-section-boxed elementor-section-height-default elementor-section-height-default\" data-id=\"139da043\" data-element_type=\"section\">\n\t\t\t\t\t\t<div class=\"elementor-container elementor-column-gap-default\">\n\t\t\t\t\t<div class=\"elementor-column elementor-col-100 elementor-top-column elementor-element elementor-element-473d9c6f\" data-id=\"473d9c6f\" data-element_type=\"column\">\n\t\t\t<div class=\"elementor-widget-wrap elementor-element-populated\">\n\t\t\t\t\t\t<div class=\"elementor-element elementor-element-59ea726e elementor-widget elementor-widget-text-editor\" data-id=\"59ea726e\" data-element_type=\"widget\" data-widget_type=\"text-editor.default\">\n\t\t\t\t<div class=\"elementor-widget-container\">\n\t\t\t\t\t\t\t\t\t<h2>Kablo Ba\u011flant\u0131lar\u0131 i\u00e7in IP68 Silikon Jel: \u00dcst\u00fcn Koruma, Basitle\u015ftirilmi\u015f<\/h2><p>Elektrik ba\u011flant\u0131lar\u0131n\u0131 d\u0131\u015f etkenlerden korumak tart\u0131\u015f\u0131lmaz bir konudur. Kablo aksesuarlar\u0131 ve ba\u011flant\u0131 kutular\u0131 \u00fcreticileri i\u00e7in, \u00fcr\u00fcn\u00fcn\u00fcz\u00fcn contas\u0131n\u0131n g\u00fcvenilirli\u011fi itibar\u0131n\u0131z\u0131 belirleyebilir. Nem veya toz giri\u015finden kaynaklanan tek bir ar\u0131za, maliyetli onar\u0131mlara yol a\u00e7ar ve g\u00fcvene zarar verir. Geli\u015fmi\u015f s\u0131v\u0131 silikon kau\u00e7u\u011fun do\u011frudan \u00fcretim tesisi olarak, \u00e7\u00f6z\u00fcm\u00fc tasarlad\u0131k: benzersiz kullan\u0131m kolayl\u0131\u011f\u0131 ile kal\u0131c\u0131, g\u00fcvenilir bir s\u0131zd\u0131rmazl\u0131k sa\u011flayan veya bir \u015feyi izole eden \u00fcst\u00fcn bir silikon jel.<\/p><p>\u00dcretici olarak bizimle ortakl\u0131k kurmak, size tutarl\u0131 kalite ve teknik uzmanl\u0131\u011fa do\u011frudan ula\u015fma imkan\u0131 sa\u011flar. Uzun \u00f6m\u00fcrl\u00fc \u00fcr\u00fcnler \u00fcretmek i\u00e7in ihtiya\u00e7 duydu\u011funuz malzeme b\u00fct\u00fcnl\u00fc\u011f\u00fcn\u00fc sa\u011fl\u0131yoruz.<\/p><h3><strong><b> <img fetchpriority=\"high\" decoding=\"async\" class=\"aligncenter wp-image-3714 size-large lazyload\" src=\"data:image\/gif;base64,R0lGODlhAQABAIAAAAAAAP\/\/\/yH5BAEAAAAALAAAAAABAAEAAAIBRAA7\" data-src=\"https:\/\/topsilsilicone.com\/wp-content\/uploads\/5-1024x580.webp\" alt=\"\" width=\"1024\" height=\"580\" \/><noscript><img decoding=\"async\" class=\"aligncenter wp-image-3714 size-large lazyload\" src=\"https:\/\/topsilsilicone.com\/wp-content\/uploads\/5-1024x580.webp\" alt=\"\" width=\"1024\" height=\"580\" srcset=\"https:\/\/topsilsilicone.com\/wp-content\/uploads\/5-1024x580.webp 1024w, https:\/\/topsilsilicone.com\/wp-content\/uploads\/5-300x170.webp 300w, https:\/\/topsilsilicone.com\/wp-content\/uploads\/5-768x435.webp 768w, https:\/\/topsilsilicone.com\/wp-content\/uploads\/5-1536x870.webp 1536w, https:\/\/topsilsilicone.com\/wp-content\/uploads\/5-2048x1160.webp 2048w, https:\/\/topsilsilicone.com\/wp-content\/uploads\/5-600x340.webp 600w\" sizes=\"(max-width: 1024px) 100vw, 1024px\" \/><\/noscript><\/b><\/strong><\/h3><h3><strong><b>\u00a0<\/b><\/strong><\/h3><h3>Mutlak Koruma, Garantili<\/h3><p>Silikonumuz, en zorlu \u00e7evre ko\u015fullar\u0131na kar\u015f\u0131 sa\u011flam bir bariyer sa\u011flamak \u00fczere tasarlanm\u0131\u015ft\u0131r. Bu sadece bir dolgu maddesi de\u011fildir; uzun vadeli operasyonel b\u00fct\u00fcnl\u00fck sa\u011flayan geli\u015fmi\u015f bir yal\u0131tkand\u0131r.<\/p><ul><li><strong>IP68 Su Ge\u00e7irmez M\u00fch\u00fcr: <\/strong>Jel do\u011fas\u0131 gere\u011fi hidrofobiktir, herhangi bir kablo ba\u011flant\u0131s\u0131 veya konekt\u00f6r etraf\u0131nda tam ve kal\u0131c\u0131 bir su ge\u00e7irmez ve toz ge\u00e7irmez s\u0131zd\u0131rmazl\u0131k olu\u015fturmak i\u00e7in suyu aktif olarak iter.<\/li><li><strong>Y\u00fcksek Elektrik Yal\u0131t\u0131m\u0131:<\/strong>Y\u00fcksek dielektrik dayan\u0131m\u0131 ile silikonumuz ark ve k\u0131sa devreleri \u00f6nleyerek d\u00fc\u015f\u00fck voltajl\u0131 ayd\u0131nlatmadan orta voltajl\u0131 g\u00fc\u00e7 kablolar\u0131na kadar \u00e7ok \u00e7e\u015fitli uygulamalar i\u00e7in m\u00fckemmel bir yal\u0131t\u0131m sa\u011flar.<\/li><li><strong>Dayan\u0131kl\u0131 ve Esnek:<\/strong>Stres alt\u0131nda \u00e7atlayan k\u0131r\u0131lgan re\u00e7ine bile\u015fiklerinin aksine, silikonumuz esnek bir elastomer olarak kal\u0131r. Titre\u015fimleri ve termal genle\u015fmeyi s\u0131zd\u0131rmazl\u0131\u011f\u0131n\u0131 kaybetmeden absorbe ederek kal\u0131c\u0131 koruma ve yal\u0131t\u0131m sa\u011flar. M\u00fckemmel kimyasal direnci ve UV ve oksidasyona kar\u015f\u0131 kararl\u0131l\u0131\u011f\u0131 zaman i\u00e7inde bozulmay\u0131 \u00f6nler. Dayan\u0131kl\u0131 s\u0131zd\u0131rmazl\u0131k ilkeleri, a\u015fa\u011f\u0131daki gibi zorlu end\u00fcstriyel uygulamalarda da kritik \u00f6neme sahiptir <a href=\"https:\/\/topsilsilicone.com\/tr\/urun\/cosplay-kalip-yapimi-icin-silikon\/\"><u>GRC\/GRG\/GFRC Kal\u0131plama i\u00e7in Silikon<\/u><\/a>.<\/li><\/ul><p>\"Hedefimiz 'tak ve unut' \u00e7\u00f6z\u00fcm\u00fcyd\u00fc. An\u0131nda i\u015fe yarayan ve onlarca y\u0131l dayanan bir s\u0131zd\u0131rmazl\u0131k. Bu silikon jel bunu ba\u015far\u0131yor ve her t\u00fcrl\u00fc elektrik tesisat\u0131nda tam bir g\u00fcven sa\u011fl\u0131yor.\"<\/p><h3><strong><b> <img decoding=\"async\" class=\"aligncenter wp-image-3715 size-full lazyload\" src=\"data:image\/gif;base64,R0lGODlhAQABAIAAAAAAAP\/\/\/yH5BAEAAAAALAAAAAABAAEAAAIBRAA7\" data-src=\"https:\/\/topsilsilicone.com\/wp-content\/uploads\/1.webp\" alt=\"\" width=\"622\" height=\"522\" \/><noscript><img loading=\"lazy\" decoding=\"async\" class=\"aligncenter wp-image-3715 size-full lazyload\" src=\"https:\/\/topsilsilicone.com\/wp-content\/uploads\/1.webp\" alt=\"\" width=\"622\" height=\"522\" srcset=\"https:\/\/topsilsilicone.com\/wp-content\/uploads\/1.webp 622w, https:\/\/topsilsilicone.com\/wp-content\/uploads\/1-300x252.webp 300w, https:\/\/topsilsilicone.com\/wp-content\/uploads\/1-600x504.webp 600w\" sizes=\"(max-width: 622px) 100vw, 622px\" \/><\/noscript><\/b><\/strong><\/h3><h3><strong><b>\u00a0<\/b><\/strong><\/h3><h3>Zahmetsiz Kurulum, Kan\u0131tlanm\u0131\u015f Verimlilik<\/h3><p>Her projede zaman nakittir. Kablo ba\u011flant\u0131lar\u0131n\u0131n yal\u0131t\u0131m\u0131 i\u00e7in karma\u015f\u0131k, \u00e7ok ad\u0131ml\u0131 s\u00fcre\u00e7ler i\u015f\u00e7ilik maliyetlerini ve hata riskini art\u0131r\u0131r. Kullan\u0131ma haz\u0131r pressgel teknolojimiz kurulum s\u00fcrecinde devrim yarat\u0131r.<\/p><p>Yerinde kar\u0131\u015ft\u0131rma, k\u00fcrlenme i\u00e7in bekleme ve \u00f6zel alet gerekmez. Teknisyenler sadece kablo konekt\u00f6r\u00fcn\u00fc \u00f6nceden doldurulmu\u015f muhafazan\u0131n i\u00e7ine yerle\u015ftirir ve oturtarak kapat\u0131r. Ek yeri hemen koruma alt\u0131na al\u0131n\u0131r. Bu basitlik sadece i\u015fi h\u0131zland\u0131rmakla kalmaz, ayn\u0131 zamanda her seferinde m\u00fckemmel, tekrarlanabilir bir sonucu garanti eder. Ayr\u0131ca, ba\u011flant\u0131 bak\u0131m i\u00e7in tamamen yeniden girilebilir; bu da kal\u0131c\u0131 saks\u0131 bile\u015fiklerine g\u00f6re \u00f6nemli bir avantajd\u0131r. Verimlili\u011fe odaklanmak, ister elektriksel koruma i\u00e7in ister kolayla\u015ft\u0131r\u0131lm\u0131\u015f \u00fcretim s\u00fcre\u00e7leri i\u00e7in tasar\u0131m yap\u0131yor olal\u0131m, temel bir ilkedir.<\/p><p><strong>\u00a0<\/strong><\/p><p><strong>\u00a0<\/strong><\/p><p>Geleneksel Y\u00f6ntemlere Kar\u015f\u0131 Silikon Jel<\/p><table><tbody><tr><td><strong><b>\u00d6zellik<\/b><\/strong><\/td><td><strong><b>Silikon Jelimiz\u00a0<\/b><\/strong><\/td><td><strong><b>Poli\u00fcretan Re\u00e7ine<\/b><\/strong><\/td><\/tr><tr><td><strong>Kurulum S\u00fcresi<\/strong><\/td><td>\u00a0 \u00a01 Dakika<\/td><td>15-30 Dakika<\/td><\/tr><tr><td><strong>Yeniden girilebilirlik<\/strong><\/td><td>Tamamen Yeniden Girilebilir<\/td><td>Hay\u0131r (Y\u0131k\u0131c\u0131 Kald\u0131rma)<\/td><\/tr><tr><td><strong>G\u00fcvenlik<\/strong><\/td><td>Toksik de\u011fildir, VOC i\u00e7ermez<\/td><td>Kimyasal Tehlike<\/td><\/tr><tr><td><strong>G\u00fcvenilirlik<\/strong><\/td><td>Operat\u00f6rden Ba\u011f\u0131ms\u0131z<\/td><td>Do\u011fru Kar\u0131\u015f\u0131ma Ba\u011fl\u0131<\/td><\/tr><\/tbody><\/table><h3><strong><b>\u00a0<\/b><\/strong><\/h3><h3><strong><b><img loading=\"lazy\" decoding=\"async\" class=\"aligncenter wp-image-3712 size-full lazyload\" src=\"data:image\/gif;base64,R0lGODlhAQABAIAAAAAAAP\/\/\/yH5BAEAAAAALAAAAAABAAEAAAIBRAA7\" data-src=\"https:\/\/topsilsilicone.com\/wp-content\/uploads\/Silicone-Plugging-Agent-for-State-Grid-Bidding.webp\" alt=\"\" width=\"800\" height=\"800\" \/><noscript><img loading=\"lazy\" decoding=\"async\" class=\"aligncenter wp-image-3712 size-full lazyload\" src=\"https:\/\/topsilsilicone.com\/wp-content\/uploads\/Silicone-Plugging-Agent-for-State-Grid-Bidding.webp\" alt=\"\" width=\"800\" height=\"800\" srcset=\"https:\/\/topsilsilicone.com\/wp-content\/uploads\/Silicone-Plugging-Agent-for-State-Grid-Bidding.webp 800w, https:\/\/topsilsilicone.com\/wp-content\/uploads\/Silicone-Plugging-Agent-for-State-Grid-Bidding-300x300.webp 300w, https:\/\/topsilsilicone.com\/wp-content\/uploads\/Silicone-Plugging-Agent-for-State-Grid-Bidding-150x150.webp 150w, https:\/\/topsilsilicone.com\/wp-content\/uploads\/Silicone-Plugging-Agent-for-State-Grid-Bidding-768x768.webp 768w, https:\/\/topsilsilicone.com\/wp-content\/uploads\/Silicone-Plugging-Agent-for-State-Grid-Bidding-600x600.webp 600w, https:\/\/topsilsilicone.com\/wp-content\/uploads\/Silicone-Plugging-Agent-for-State-Grid-Bidding-100x100.webp 100w\" sizes=\"(max-width: 800px) 100vw, 800px\" \/><\/noscript>\u00a0<\/b><\/strong><\/h3><h3>Bizim Avantaj\u0131m\u0131z: Kalite ve Ortakl\u0131k<\/h3><p>Bizden tedarik etti\u011finizde, bir \u00fcr\u00fcnden daha fazlas\u0131n\u0131 elde edersiniz; bir \u00fcretim orta\u011f\u0131 kazan\u0131rs\u0131n\u0131z.<\/p><p>S\u0131v\u0131 silikon kau\u00e7u\u011fumuzun t\u00fcm \u00fcretimini kontrol ederek her bir partide en y\u00fcksek safl\u0131\u011f\u0131 ve tutarl\u0131 kaliteyi sa\u011fl\u0131yoruz.<\/p><p>Bu do\u011frudan fabrika ili\u015fkisi, silikon kablo aksesuarlar\u0131n\u0131z\u0131n ve ba\u011flant\u0131 kutular\u0131n\u0131z\u0131n kan\u0131tlanm\u0131\u015f malzeme bilimi temeli \u00fczerine in\u015fa edildi\u011fi anlam\u0131na gelir. \u00dcretim hatlar\u0131n\u0131zla sorunsuz bir \u015fekilde entegre olmak i\u00e7in viskoziteyi, jel s\u00fcresini ve hatta rengi uyarlamak i\u00e7in ekibinizle birlikte \u00e7al\u0131\u015fabiliriz; bu, a\u015fa\u011f\u0131daki gibi alanlarda gerekli olan bir i\u015fbirli\u011fi d\u00fczeyidir <a href=\"https:\/\/topsilsilicone.com\/tr\/urun\/plati%cc%87n-kur-si%cc%87li%cc%87kon-kaucuk-kalip-yapimi\/\"><u>H\u0131zl\u0131 Prototipleme D\u00f6k\u00fcm<\/u><\/a>. Silikon kal\u0131plama alan\u0131ndaki uzmanl\u0131\u011f\u0131m\u0131z geni\u015f bir yelpazeye yay\u0131lm\u0131\u015ft\u0131r ve karma\u015f\u0131k\u00a0<a href=\"https:\/\/topsilsilicone.com\/tr\/urun\/kalay-kuru-silikon-kaucuk-recine-alci-bronz-dokum-mum-sabun-kalibi-yapimi\/\"><u>re\u00e7ine kal\u0131p yap\u0131m\u0131<\/u><\/a>\u00a0i\u00e7in sa\u011flam malzemelere <a href=\"https:\/\/topsilsilicone.com\/tr\/urun\/3846\/\"><u>T\u0131rmanma Tutamaklar\u0131 Kal\u0131plama<\/u><\/a>.<\/p><p>Da\u011f\u0131n\u0131k, g\u00fcvenilmez s\u0131zd\u0131rmazl\u0131k y\u00f6ntemlerinden \u00f6d\u00fcn vermeyi b\u0131rak\u0131n. \u00dcr\u00fcnlerinizi m\u00fchendislik \u00fcr\u00fcn\u00fc bir \u00e7\u00f6z\u00fcmle geli\u015ftirin. \u00dcretim ihtiya\u00e7lar\u0131n\u0131z\u0131 g\u00f6r\u00fc\u015fmek ve ba\u015far\u0131n\u0131za adanm\u0131\u015f bir tedarik zinciri orta\u011f\u0131n\u0131 g\u00fcvence alt\u0131na almak i\u00e7in bug\u00fcn bize ula\u015f\u0131n.<\/p><p><strong>\u00a0<\/strong><\/p><p><strong>\u00a0<\/strong><\/p><p><strong>\u00dcr\u00fcn Avantaj\u0131 \u00d6zeti:<\/strong><\/p><p>Kullan\u0131m\u0131 kolay, tekrar girilebilir silikon jelimiz ile kablo ba\u011flant\u0131lar\u0131n\u0131z i\u00e7in tam IP68 korumas\u0131 elde edin. Kurulumu basitle\u015ftirin ve en \u00fcst d\u00fczeyde g\u00fcvenilirlik sa\u011flay\u0131n.<\/p>\t\t\t\t\t\t\t\t<\/div>\n\t\t\t\t<\/div>\n\t\t\t\t\t<\/div>\n\t\t<\/div>\n\t\t\t\t\t<\/div>\n\t\t<\/section>\n\t\t\t\t<\/div>","protected":false},"excerpt":{"rendered":"<p>Topsil Silicone Jel, oda s\u0131cakl\u0131\u011f\u0131nda vulkanize olan, d\u00f6k\u00fclebilir, ilave k\u00fcrlenen, RTV-2 silikon kau\u00e7uktur. Alev geciktirici, UL listesinde 94HB ve y\u00fcksek s\u0131cakl\u0131k direnci ve ola\u011fan\u00fcst\u00fc hava direnci ile yal\u0131t\u0131ml\u0131 kablo ve kablo Aksesuarlar\u0131n\u0131n kaps\u00fcllenmesi i\u00e7in m\u00fckemmeldir. ve otomotiv ve g\u00fc\u00e7 elektroni\u011fi end\u00fcstrileri i\u00e7in, g\u00fcne\u015f pillerinin kaps\u00fcllenmesi vb.<\/p>","protected":false},"featured_media":3712,"comment_status":"open","ping_status":"closed","template":"","meta":{"_uag_custom_page_level_css":""},"product_brand":[],"product_cat":[139],"product_tag":[138,128],"class_list":{"0":"post-3706","1":"product","2":"type-product","3":"status-publish","4":"has-post-thumbnail","6":"product_cat-potting-encapsulation-silicone","7":"product_tag-cable-accessories","8":"product_tag-silicone-gel","10":"first","11":"instock","12":"shipping-taxable","13":"product-type-simple"},"uagb_featured_image_src":{"full":["https:\/\/topsilsilicone.com\/wp-content\/uploads\/Silicone-Plugging-Agent-for-State-Grid-Bidding.webp",800,800,false],"thumbnail":["https:\/\/topsilsilicone.com\/wp-content\/uploads\/Silicone-Plugging-Agent-for-State-Grid-Bidding-150x150.webp",150,150,true],"medium":["https:\/\/topsilsilicone.com\/wp-content\/uploads\/Silicone-Plugging-Agent-for-State-Grid-Bidding-300x300.webp",300,300,true],"medium_large":["https:\/\/topsilsilicone.com\/wp-content\/uploads\/Silicone-Plugging-Agent-for-State-Grid-Bidding-768x768.webp",768,768,true],"large":["https:\/\/topsilsilicone.com\/wp-content\/uploads\/Silicone-Plugging-Agent-for-State-Grid-Bidding.webp",800,800,false],"1536x1536":["https:\/\/topsilsilicone.com\/wp-content\/uploads\/Silicone-Plugging-Agent-for-State-Grid-Bidding.webp",800,800,false],"2048x2048":["https:\/\/topsilsilicone.com\/wp-content\/uploads\/Silicone-Plugging-Agent-for-State-Grid-Bidding.webp",800,800,false],"trp-custom-language-flag":["https:\/\/topsilsilicone.com\/wp-content\/uploads\/Silicone-Plugging-Agent-for-State-Grid-Bidding.webp",12,12,false],"woocommerce_thumbnail":["https:\/\/topsilsilicone.com\/wp-content\/uploads\/Silicone-Plugging-Agent-for-State-Grid-Bidding-300x300.webp",300,300,true],"woocommerce_single":["https:\/\/topsilsilicone.com\/wp-content\/uploads\/Silicone-Plugging-Agent-for-State-Grid-Bidding-600x600.webp",600,600,true],"woocommerce_gallery_thumbnail":["https:\/\/topsilsilicone.com\/wp-content\/uploads\/Silicone-Plugging-Agent-for-State-Grid-Bidding-100x100.webp",100,100,true]},"uagb_author_info":{"display_name":"Brian","author_link":"https:\/\/topsilsilicone.com\/tr\/author\/"},"uagb_comment_info":0,"uagb_excerpt":"Topsil Silicone Gel is a pourable, addition-curing, RTV-2 silicone rubber that vulcanizes at room temperature. With the flame retardant, UL listed 94HB, and high temperature resistance and outstanding weather resistance, it\u2019s excellent for encapsulation of insulated cable and cable Accessories. and for the automotive and power electronics industries, encapsulation of solar cells, etc.","_links":{"self":[{"href":"https:\/\/topsilsilicone.com\/tr\/wp-json\/wp\/v2\/product\/3706","targetHints":{"allow":["GET"]}}],"collection":[{"href":"https:\/\/topsilsilicone.com\/tr\/wp-json\/wp\/v2\/product"}],"about":[{"href":"https:\/\/topsilsilicone.com\/tr\/wp-json\/wp\/v2\/types\/product"}],"replies":[{"embeddable":true,"href":"https:\/\/topsilsilicone.com\/tr\/wp-json\/wp\/v2\/comments?post=3706"}],"version-history":[{"count":1,"href":"https:\/\/topsilsilicone.com\/tr\/wp-json\/wp\/v2\/product\/3706\/revisions"}],"predecessor-version":[{"id":7024,"href":"https:\/\/topsilsilicone.com\/tr\/wp-json\/wp\/v2\/product\/3706\/revisions\/7024"}],"wp:featuredmedia":[{"embeddable":true,"href":"https:\/\/topsilsilicone.com\/tr\/wp-json\/wp\/v2\/media\/3712"}],"wp:attachment":[{"href":"https:\/\/topsilsilicone.com\/tr\/wp-json\/wp\/v2\/media?parent=3706"}],"wp:term":[{"taxonomy":"product_brand","embeddable":true,"href":"https:\/\/topsilsilicone.com\/tr\/wp-json\/wp\/v2\/product_brand?post=3706"},{"taxonomy":"product_cat","embeddable":true,"href":"https:\/\/topsilsilicone.com\/tr\/wp-json\/wp\/v2\/product_cat?post=3706"},{"taxonomy":"product_tag","embeddable":true,"href":"https:\/\/topsilsilicone.com\/tr\/wp-json\/wp\/v2\/product_tag?post=3706"}],"curies":[{"name":"wp","href":"https:\/\/api.w.org\/{rel}","templated":true}]}}