{"id":6756,"date":"2026-04-22T17:50:32","date_gmt":"2026-04-22T09:50:32","guid":{"rendered":"https:\/\/topsilsilicone.com\/?post_type=product&#038;p=6756"},"modified":"2026-04-22T17:54:42","modified_gmt":"2026-04-22T09:54:42","slug":"daha-buyuk-kaliplar-icin-kalay-kurlu-silikon","status":"publish","type":"product","link":"https:\/\/topsilsilicone.com\/tr\/urun\/daha-buyuk-kaliplar-icin-kalay-kurlu-silikon\/","title":{"rendered":"Daha B\u00fcy\u00fck Kal\u0131plar ve Daha S\u0131k\u0131 Destek i\u00e7in Kalay K\u00fcr Silikon"},"content":{"rendered":"","protected":false},"excerpt":{"rendered":"","protected":false},"featured_media":0,"comment_status":"closed","ping_status":"closed","template":"","meta":{"_uag_custom_page_level_css":""},"product_brand":[],"product_cat":[116],"product_tag":[136],"class_list":{"0":"post-6756","1":"product","2":"type-product","3":"status-publish","5":"product_cat-tin-cured-silicone","6":"product_tag-large-molds","8":"first","9":"instock","10":"shipping-taxable","11":"product-type-simple"},"uagb_featured_image_src":{"full":false,"thumbnail":false,"medium":false,"medium_large":false,"large":false,"1536x1536":false,"2048x2048":false,"trp-custom-language-flag":false,"woocommerce_thumbnail":false,"woocommerce_single":false,"woocommerce_gallery_thumbnail":false},"uagb_author_info":{"display_name":"Michael","author_link":"https:\/\/topsilsilicone.com\/tr\/author\/"},"uagb_comment_info":0,"uagb_excerpt":null,"_links":{"self":[{"href":"https:\/\/topsilsilicone.com\/tr\/wp-json\/wp\/v2\/product\/6756","targetHints":{"allow":["GET"]}}],"collection":[{"href":"https:\/\/topsilsilicone.com\/tr\/wp-json\/wp\/v2\/product"}],"about":[{"href":"https:\/\/topsilsilicone.com\/tr\/wp-json\/wp\/v2\/types\/product"}],"replies":[{"embeddable":true,"href":"https:\/\/topsilsilicone.com\/tr\/wp-json\/wp\/v2\/comments?post=6756"}],"version-history":[{"count":2,"href":"https:\/\/topsilsilicone.com\/tr\/wp-json\/wp\/v2\/product\/6756\/revisions"}],"predecessor-version":[{"id":6759,"href":"https:\/\/topsilsilicone.com\/tr\/wp-json\/wp\/v2\/product\/6756\/revisions\/6759"}],"wp:attachment":[{"href":"https:\/\/topsilsilicone.com\/tr\/wp-json\/wp\/v2\/media?parent=6756"}],"wp:term":[{"taxonomy":"product_brand","embeddable":true,"href":"https:\/\/topsilsilicone.com\/tr\/wp-json\/wp\/v2\/product_brand?post=6756"},{"taxonomy":"product_cat","embeddable":true,"href":"https:\/\/topsilsilicone.com\/tr\/wp-json\/wp\/v2\/product_cat?post=6756"},{"taxonomy":"product_tag","embeddable":true,"href":"https:\/\/topsilsilicone.com\/tr\/wp-json\/wp\/v2\/product_tag?post=6756"}],"curies":[{"name":"wp","href":"https:\/\/api.w.org\/{rel}","templated":true}]}}